{"id":960,"date":"2017-11-20T00:37:11","date_gmt":"2017-11-19T23:37:11","guid":{"rendered":"https:\/\/lesvoyagesdechantaletmaurice.wordpress.com\/?page_id=960"},"modified":"2023-01-04T19:27:50","modified_gmt":"2023-01-04T18:27:50","slug":"santa-cruz-j_10","status":"publish","type":"page","link":"https:\/\/lesvoyagesdechantaletmaurice.fr\/?page_id=960","title":{"rendered":"Santa Cruz J_10"},"content":{"rendered":"<p><strong>Dimanche 19 novembre, Santa Cruz<\/strong><\/p>\n<p>Lev\u00e9e 6h30, petit d\u00e9jeuner et pr\u00e9paration rapide, nous sommes attendus \u00e0 8h pour la balade en bateau \u00e0 Santa Fe.<\/p>\n<p>Nous voil\u00e0 fin pr\u00eat et \u00e0 l&rsquo;heure pour prendre notre d\u00e9guisement de snorkeling.<\/p>\n<p><img loading=\"lazy\" decoding=\"async\" class=\"wp-image-980\" src=\"https:\/\/lesvoyagesdechantaletmaurice.files.wordpress.com\/2017\/11\/img_7347.jpg\" width=\"1199\" height=\"1600\" \/><\/p>\n<p>Nous sommes 10 \u00e0 partir, 1 Japonais, 4 Equatoriens et 2 Canadiens.<\/p>\n<p>Coline engage la conversation avec les Canadiens d&rsquo;un certain \u00e2ge et sympathise de suite, ils lui proposent de venir un de ces jours les voir\ud83d\ude29.<\/p>\n<p>Sur le port, les otaries, on prit leurs aises et le p\u00e9lican attends sa proie.<\/p>\n<p><img loading=\"lazy\" decoding=\"async\" class=\"alignnone  wp-image-974\" src=\"https:\/\/lesvoyagesdechantaletmaurice.files.wordpress.com\/2017\/11\/dsc05036.jpg?w=300\" alt=\"\" width=\"571\" height=\"426\" \/><\/p>\n<p><img loading=\"lazy\" decoding=\"async\" class=\"alignnone  wp-image-956\" src=\"https:\/\/lesvoyagesdechantaletmaurice.files.wordpress.com\/2017\/11\/img_7282-1.jpg?w=300\" alt=\"\" width=\"566\" height=\"317\" \/><\/p>\n<p>D\u00e9part du bateau et 50 minutes \u00e0 sursauter avec les vagues !!!<\/p>\n<p>Arriv\u00e9e \u00e0 Santa Fe, des fous \u00e0 p\u00e2tes bleus, c&rsquo;est trop dr\u00f4le \ud83d\ude02. Sur la plage, des dizaines d&rsquo;otaries qui se pr\u00e9lassent, d&rsquo;autres se baignent.<\/p>\n<p><img loading=\"lazy\" decoding=\"async\" class=\"wp-image-981\" src=\"https:\/\/lesvoyagesdechantaletmaurice.files.wordpress.com\/2017\/11\/img_7372.jpg\" width=\"1328\" height=\"747\" \/><\/p>\n<p><img loading=\"lazy\" decoding=\"async\" class=\"wp-image-982\" src=\"https:\/\/lesvoyagesdechantaletmaurice.files.wordpress.com\/2017\/11\/img_7375.jpg\" width=\"1328\" height=\"747\" \/><\/p>\n<p>Nous avan\u00e7ons doucement et on nous dit de nous habiller, on va faire du snorkeling. Pas \u00e9vident de mettre la combinaison, les palmes, le masque et tuba.<\/p>\n<p>Je laisse passer tout le monde, j&rsquo;appr\u00e9hende que l&rsquo;eau soit froide, j&rsquo;ai horreur de l&rsquo;eau froide \ud83d\ude2c.<\/p>\n<p>Je saute et tout d&rsquo;un coup la panique, je n&rsquo;ai pas eu froid par contre, je n&rsquo;arrive plus \u00e0 respirer normalement, je manque d&rsquo;air. Le guide me voit et vient \u00e0 ma rencontre avec sa bou\u00e9e.<\/p>\n<p>Je m&rsquo;accroche \u00e0 lui et \u00e0 Maurice qui est arriv\u00e9. La panique quoi !!!<\/p>\n<p>En fait, je ne comprends pas pourquoi, mais le fait de mettre la t\u00eate dans l&rsquo;eau avec le tuba, je panique, \u00e7a s&rsquo;est d\u00e9j\u00e0 produit en Egypte et j&rsquo;avais r\u00e9ussi, il faut juste que j&rsquo;arrive \u00e0 respirer lentement. Au bout de quelques minutes, ma respiration se calme et c&rsquo;est parti, je vais pouvoir profiter de toute cette beaut\u00e9. Il aurait \u00e9t\u00e9 dommage de rater ces centaines de poissons de toutes les couleurs et surtout ces otaries qui ne s&rsquo;amusent pas tr\u00e8s loin de nous.<\/p>\n<p>30 minutes ont pass\u00e9 et on remonte sur le bateau pour aller plus loin plonger \u00e0 nouveau.<\/p>\n<p>Je n&rsquo;y retourne pas, je pr\u00e9f\u00e8re aller m&rsquo;installer sur le devant du bateau et regarder s&rsquo;amuser les otaries et surtout un b\u00e9b\u00e9 qui essaie d&rsquo;aller dans l&rsquo;eau.<\/p>\n<p><img loading=\"lazy\" decoding=\"async\" class=\"alignnone  wp-image-966\" src=\"https:\/\/lesvoyagesdechantaletmaurice.files.wordpress.com\/2017\/11\/dsc04973.jpg?w=300\" alt=\"\" width=\"577\" height=\"433\" \/><\/p>\n<p>Coline part assez loin du groupe et film des otaries sous l&rsquo;eau.<\/p>\n<p>\u00c0 leur retour, on nous sert \u00e0 manger et \u00e0 boire, le capitaine a install\u00e9 les cannes \u00e0 p\u00eache aux gros, on a esp\u00e9r\u00e9 un \u00e9norme poisson, mais pas de chance, rien.<\/p>\n<p>On s&rsquo;arr\u00eate sur une plage magnifique, Plage de Escondida (plage cach\u00e9e), une vraie merveille. Une petite marche le long de cette plage et des iguanes marins sont l\u00e0 group\u00e9s regardant tous dans la m\u00eame direction. C&rsquo;\u00e9tait assez dr\u00f4le de les voir plant\u00e9s, la t\u00eate haute. Plus loin une autre plage o\u00f9 l&rsquo;on pouvait voir des tortues s&rsquo;amuser avec les vagues.<\/p>\n<p><img loading=\"lazy\" decoding=\"async\" class=\"alignnone  wp-image-975\" src=\"https:\/\/lesvoyagesdechantaletmaurice.files.wordpress.com\/2017\/11\/20171119175007_img_7342.jpg?w=300\" alt=\"\" width=\"364\" height=\"204\" \/> <img loading=\"lazy\" decoding=\"async\" class=\"alignnone  wp-image-976\" src=\"https:\/\/lesvoyagesdechantaletmaurice.files.wordpress.com\/2017\/11\/20171119175009_img_7350.jpg?w=300\" alt=\"\" width=\"368\" height=\"206\" \/><\/p>\n<p><img loading=\"lazy\" decoding=\"async\" class=\"alignnone  wp-image-967\" src=\"https:\/\/lesvoyagesdechantaletmaurice.files.wordpress.com\/2017\/11\/dsc04998.jpg?w=300\" alt=\"\" width=\"364\" height=\"273\" \/> <img loading=\"lazy\" decoding=\"async\" class=\"alignnone  wp-image-968\" src=\"https:\/\/lesvoyagesdechantaletmaurice.files.wordpress.com\/2017\/11\/dsc05002.jpg?w=300\" alt=\"\" width=\"367\" height=\"275\" \/> <img loading=\"lazy\" decoding=\"async\" class=\"alignnone  wp-image-953\" src=\"https:\/\/lesvoyagesdechantaletmaurice.files.wordpress.com\/2017\/11\/img_7259.jpg?w=300\" alt=\"\" width=\"632\" height=\"474\" \/><\/p>\n<p><img loading=\"lazy\" decoding=\"async\" class=\"alignnone  wp-image-970\" src=\"https:\/\/lesvoyagesdechantaletmaurice.files.wordpress.com\/2017\/11\/dsc05007.jpg?w=300\" alt=\"\" width=\"627\" height=\"470\" \/><\/p>\n<p><img loading=\"lazy\" decoding=\"async\" class=\"alignnone  wp-image-971\" src=\"https:\/\/lesvoyagesdechantaletmaurice.files.wordpress.com\/2017\/11\/dsc05009.jpg?w=300\" alt=\"\" width=\"623\" height=\"467\" \/><\/p>\n<p><img loading=\"lazy\" decoding=\"async\" class=\"alignnone  wp-image-972\" src=\"https:\/\/lesvoyagesdechantaletmaurice.files.wordpress.com\/2017\/11\/dsc05028.jpg?w=300\" alt=\"\" width=\"635\" height=\"476\" \/><\/p>\n<p>Il est l&rsquo;heure de rentrer, encore 50 minutes de trajet et nous arrivons au port. On est fatigu\u00e9s, mais nous avons pass\u00e9 une excellente journ\u00e9e.<\/p>\n<p>Demain visite des tortues terrestre, je pense que l&rsquo;on va se r\u00e9galer.<\/p>\n","protected":false},"excerpt":{"rendered":"<p>Dimanche 19 novembre, Santa Cruz Lev\u00e9e 6h30, petit d\u00e9jeuner et pr\u00e9paration rapide, nous sommes attendus \u00e0 8h pour la balade en bateau \u00e0 Santa Fe. Nous voil\u00e0 fin pr\u00eat et \u00e0 l&rsquo;heure pour prendre notre d\u00e9guisement de snorkeling. Nous sommes 10 \u00e0 partir, 1 Japonais, 4 Equatoriens et 2 Canadiens. Coline engage la conversation avec &hellip; <a href=\"https:\/\/lesvoyagesdechantaletmaurice.fr\/?page_id=960\" class=\"more-link\">Lire la suite <span class=\"screen-reader-text\">Santa Cruz J_10<\/span><\/a><\/p>\n","protected":false},"author":1,"featured_media":0,"parent":0,"menu_order":0,"comment_status":"open","ping_status":"closed","template":"","meta":{"spay_email":"","footnotes":""},"_links":{"self":[{"href":"https:\/\/lesvoyagesdechantaletmaurice.fr\/index.php?rest_route=\/wp\/v2\/pages\/960"}],"collection":[{"href":"https:\/\/lesvoyagesdechantaletmaurice.fr\/index.php?rest_route=\/wp\/v2\/pages"}],"about":[{"href":"https:\/\/lesvoyagesdechantaletmaurice.fr\/index.php?rest_route=\/wp\/v2\/types\/page"}],"author":[{"embeddable":true,"href":"https:\/\/lesvoyagesdechantaletmaurice.fr\/index.php?rest_route=\/wp\/v2\/users\/1"}],"replies":[{"embeddable":true,"href":"https:\/\/lesvoyagesdechantaletmaurice.fr\/index.php?rest_route=%2Fwp%2Fv2%2Fcomments&post=960"}],"version-history":[{"count":3,"href":"https:\/\/lesvoyagesdechantaletmaurice.fr\/index.php?rest_route=\/wp\/v2\/pages\/960\/revisions"}],"predecessor-version":[{"id":2884,"href":"https:\/\/lesvoyagesdechantaletmaurice.fr\/index.php?rest_route=\/wp\/v2\/pages\/960\/revisions\/2884"}],"wp:attachment":[{"href":"https:\/\/lesvoyagesdechantaletmaurice.fr\/index.php?rest_route=%2Fwp%2Fv2%2Fmedia&parent=960"}],"curies":[{"name":"wp","href":"https:\/\/api.w.org\/{rel}","templated":true}]}}