{"id":958,"date":"2017-11-19T05:09:59","date_gmt":"2017-11-19T04:09:59","guid":{"rendered":"https:\/\/lesvoyagesdechantaletmaurice.wordpress.com\/santa-cruz-j-9\/"},"modified":"2023-01-04T19:13:38","modified_gmt":"2023-01-04T18:13:38","slug":"santa-cruz-j-9","status":"publish","type":"page","link":"https:\/\/lesvoyagesdechantaletmaurice.fr\/?page_id=958","title":{"rendered":"Santa Cruz j-9"},"content":{"rendered":"<p><strong>Samedi 18 novembre, Santa Cruz<\/strong><\/p>\n<p>Lev\u00e9e 7h15, une petite grasse matin\u00e9e \u00e7a fait du bien \ud83d\ude1c.<\/p>\n<p>Petit-d\u00e9jeuner moyen, on a \u00e9t\u00e9 habitu\u00e9 \u00e0 mieux.<\/p>\n<p>Nous commen\u00e7ons par prendre un taxi bateau pour visiter la playa Las Grietas et celle de Los Alemanes. Temps du trajet 5 petites minutes, mais d\u00e9j\u00e0 le cadre change. A la sortie du bateau une personne nous aide \u00e0 descendre et voil\u00e0 qu&rsquo;il commence \u00e0 discuter avec Coline tout le long du chemin. Il nous explique tout le long comment, enfin je refais ma phrase, il explique \u00e0 Coline et nous derri\u00e8re on les suit, LOL.<\/p>\n<p><img loading=\"lazy\" decoding=\"async\" class=\"wp-image-947\" src=\"https:\/\/lesvoyagesdechantaletmaurice.files.wordpress.com\/2017\/11\/img_7269.jpg\" width=\"747\" height=\"1328\" \/><img loading=\"lazy\" decoding=\"async\" class=\"wp-image-948\" src=\"https:\/\/lesvoyagesdechantaletmaurice.files.wordpress.com\/2017\/11\/img_7284.jpg\" width=\"747\" height=\"1328\" \/><\/p>\n<p>Ce monsieur s&rsquo;appelle Rocky, enfin, c&rsquo;est un surnom et du coup, il est rest\u00e9 toute la journ\u00e9e avec nous, c&rsquo;\u00e9tait bien pratique, il nous a fait conna\u00eetre des choses que nous n&rsquo;aurions pas pu faire.<\/p>\n<p><img loading=\"lazy\" decoding=\"async\" class=\"wp-image-949\" src=\"https:\/\/lesvoyagesdechantaletmaurice.files.wordpress.com\/2017\/11\/dsc04891-1.jpg\" width=\"4896\" height=\"3672\" \/><\/p>\n<p>Donc le matin, les plages et l&rsquo;apr\u00e8s-midi, balade de 3h30 en mer.<\/p>\n<p><img loading=\"lazy\" decoding=\"async\" class=\"wp-image-950\" src=\"https:\/\/lesvoyagesdechantaletmaurice.files.wordpress.com\/2017\/11\/dsc04874.jpg\" width=\"3672\" height=\"4896\" \/><\/p>\n<p><img loading=\"lazy\" decoding=\"async\" class=\"wp-image-951\" src=\"https:\/\/lesvoyagesdechantaletmaurice.files.wordpress.com\/2017\/11\/img_7270.jpg\" width=\"1328\" height=\"747\" \/><\/p>\n<p>Nous sommes all\u00e9s \u00e0 l&rsquo;\u00eele Bahia ou des otaries faisaient la sieste.<\/p>\n<p>Un peu plus loin, des Fr\u00e9gates, le m\u00e2le a une gorge rouge et quand il veut faire le beau, il la gonfle.<\/p>\n<p><img loading=\"lazy\" decoding=\"async\" class=\"wp-image-952\" src=\"https:\/\/lesvoyagesdechantaletmaurice.files.wordpress.com\/2017\/11\/dsc04909.jpg\" width=\"4896\" height=\"3672\" \/><\/p>\n<p>Nous repartons pour Las Grietas, mais cette fois-ci pour se baigner. Juste Coline a eu le courage, car l&rsquo;eau \u00e9tait tr\u00e8s fra\u00eeche.<\/p>\n<p>On repart sur le bateau pour la plage des Los Peros (chiens), des cailloux noirs qui se confondent avec les iguanes marins qui sont nombreux, j&rsquo;ai failli marcher sur la queue d&rsquo;un.<\/p>\n<p><img loading=\"lazy\" decoding=\"async\" class=\"wp-image-953\" src=\"https:\/\/lesvoyagesdechantaletmaurice.files.wordpress.com\/2017\/11\/img_7259.jpg\" width=\"4032\" height=\"3024\" \/><\/p>\n<p>On repart sur l&rsquo;\u00eele Bahia ou ceux qui veulent faire sur snorkeling verront sans doute des tortues et peut \u00eatre des requins, Coline saute et tout de suite voit une tortue, Maurice un peu moins vaillant au d\u00e9part se dit qu&rsquo;il faut le faire, il se jette \u00e0 l&rsquo;eau pas tr\u00e8s rassur\u00e9, mais heureux de l&rsquo;avoir fait, car le spectacle \u00e9tait formidable. Coline a eu plus de chance, elle voit passer un requin de 2 m\u00e8tres environ.<\/p>\n<p>Tous les deux remontent enchanter, demain, je vais essayer de me jeter \u00e0 l&rsquo;eau aussi, mais ce n&rsquo;est pas gagn\u00e9, j&rsquo;avoue que j&rsquo;ai tr\u00e8s peur et en plus, j&rsquo;ai peur que l&rsquo;eau soit froide, on verra demain.<\/p>\n<p>Ensuite la plage El tunnel de Los Tiburones (requins) il y en avait une bonne vingtaine, c&rsquo;est impressionnant.<\/p>\n<p><img loading=\"lazy\" decoding=\"async\" class=\"wp-image-954\" src=\"https:\/\/lesvoyagesdechantaletmaurice.files.wordpress.com\/2017\/11\/img_7256.jpg\" width=\"4032\" height=\"3024\" \/><\/p>\n<p><img loading=\"lazy\" decoding=\"async\" class=\"wp-image-957\" src=\"https:\/\/lesvoyagesdechantaletmaurice.files.wordpress.com\/2017\/11\/dsc04938-1.jpg\" width=\"4896\" height=\"3672\" \/><\/p>\n<p><img loading=\"lazy\" decoding=\"async\" class=\"wp-image-955\" src=\"https:\/\/lesvoyagesdechantaletmaurice.files.wordpress.com\/2017\/11\/dsc04937-1.jpg\" width=\"4896\" height=\"3672\" \/><\/p>\n<p>Notre sortie est finie, nous retournons \u00e0 Puerto Ayora o\u00f9 nous quittons Rocky qui viendra nous rejoindre demain pour notre sortie sur l&rsquo;\u00eele de Santa Fe.<\/p>\n<p><img loading=\"lazy\" decoding=\"async\" class=\"wp-image-956\" src=\"https:\/\/lesvoyagesdechantaletmaurice.files.wordpress.com\/2017\/11\/img_7282-1.jpg\" width=\"1328\" height=\"747\" \/><\/p>\n<p>Ce soir, nous mangeons des langoustes, un vrai d\u00e9lice.<\/p>\n<p>\u00c0 demain pour une autre belle journ\u00e9e sur l&rsquo;\u00eele de Santa Fe.<\/p>\n","protected":false},"excerpt":{"rendered":"<p>Samedi 18 novembre, Santa Cruz Lev\u00e9e 7h15, une petite grasse matin\u00e9e \u00e7a fait du bien \ud83d\ude1c. Petit-d\u00e9jeuner moyen, on a \u00e9t\u00e9 habitu\u00e9 \u00e0 mieux. Nous commen\u00e7ons par prendre un taxi bateau pour visiter la playa Las Grietas et celle de Los Alemanes. Temps du trajet 5 petites minutes, mais d\u00e9j\u00e0 le cadre change. A la &hellip; <a href=\"https:\/\/lesvoyagesdechantaletmaurice.fr\/?page_id=958\" class=\"more-link\">Lire la suite <span class=\"screen-reader-text\">Santa Cruz j-9<\/span><\/a><\/p>\n","protected":false},"author":1,"featured_media":0,"parent":0,"menu_order":0,"comment_status":"open","ping_status":"closed","template":"","meta":{"spay_email":"","footnotes":""},"_links":{"self":[{"href":"https:\/\/lesvoyagesdechantaletmaurice.fr\/index.php?rest_route=\/wp\/v2\/pages\/958"}],"collection":[{"href":"https:\/\/lesvoyagesdechantaletmaurice.fr\/index.php?rest_route=\/wp\/v2\/pages"}],"about":[{"href":"https:\/\/lesvoyagesdechantaletmaurice.fr\/index.php?rest_route=\/wp\/v2\/types\/page"}],"author":[{"embeddable":true,"href":"https:\/\/lesvoyagesdechantaletmaurice.fr\/index.php?rest_route=\/wp\/v2\/users\/1"}],"replies":[{"embeddable":true,"href":"https:\/\/lesvoyagesdechantaletmaurice.fr\/index.php?rest_route=%2Fwp%2Fv2%2Fcomments&post=958"}],"version-history":[{"count":3,"href":"https:\/\/lesvoyagesdechantaletmaurice.fr\/index.php?rest_route=\/wp\/v2\/pages\/958\/revisions"}],"predecessor-version":[{"id":2882,"href":"https:\/\/lesvoyagesdechantaletmaurice.fr\/index.php?rest_route=\/wp\/v2\/pages\/958\/revisions\/2882"}],"wp:attachment":[{"href":"https:\/\/lesvoyagesdechantaletmaurice.fr\/index.php?rest_route=%2Fwp%2Fv2%2Fmedia&parent=958"}],"curies":[{"name":"wp","href":"https:\/\/api.w.org\/{rel}","templated":true}]}}