{"id":828,"date":"2017-11-13T23:44:23","date_gmt":"2017-11-13T22:44:23","guid":{"rendered":"https:\/\/lesvoyagesdechantaletmaurice.wordpress.com\/?page_id=828"},"modified":"2023-01-15T17:03:59","modified_gmt":"2023-01-15T16:03:59","slug":"quito-lyon","status":"publish","type":"page","link":"https:\/\/lesvoyagesdechantaletmaurice.fr\/?page_id=828","title":{"rendered":"Quito-Lyon-J 19"},"content":{"rendered":"<p><strong>Mardi 28 novembre, Quito &#8211; Lyon<\/strong><\/p>\n<p>Lev\u00e9e \u00e0 7h30, petit-d\u00e9jeuner parfait, les bagages sont pr\u00eats, l&rsquo;avion est \u00e0 15h et il faut laisser notre chambre au plus tard \u00e0 11h, donc nous profitons de 2h de temps libre pour aller faire les derni\u00e8res emplettes et voir encore la vie des \u00c9quatoriens.<\/p>\n<p>Il est l&rsquo;heure de prendre le taxi pour l&rsquo;a\u00e9roport, on embrasse notre fille avec nostalgie et nous partons.<\/p>\n<p>A l&rsquo;a\u00e9roport apr\u00e8s l&rsquo;enregistrement des bagages, on va manger un peu en attendant. Il est l&rsquo;heure de passer au contr\u00f4le, je passe la premi\u00e8re et madame la police me demande de vider mon sac \u00e0 dos, je m&rsquo;ex\u00e9cute, Maurice passe derri\u00e8re moi et me lance \u00e0 la cantonade \u00ab\u00a0et bien moi aussi, je suis fouill\u00e9\u00a0\u00bb, je lui souris et je le vois suivre le policier dans les bureaux derri\u00e8re. Pour moi, c&rsquo;est tout OK, elle n&rsquo;a rien trouv\u00e9 d&rsquo;illicite, OUF !!!<\/p>\n<p>Je m&rsquo;assois un peu en retrait pour ranger correctement mon sac \u00e0 dos et en attendant Maurice qui lui est toujours derri\u00e8re. Une fois tout rang\u00e9, je commence \u00e0 trouver le temps long, je me demande ce qui peut bien mettre autant de temps pour faire son sac \u00e0 dos surtout que Maurice \u00e0 prit nos chaussures de marche pour faire de la place dans la valise. Le temps passe et toujours pas de Maurice \u00e0 l&rsquo;horizon. L&rsquo;inqui\u00e9tude commence \u00e0 venir de plus en plus.<\/p>\n<p>Et si quelqu&rsquo;un avait mis dans le sac \u00e0 dos ou dans une de ses poches quelque chose interdite. Je commence vraiment \u00e0 me faire un film, ils vont me le garder, je ne vais pas pouvoir rentrer en France, etc.<\/p>\n<p>Tout \u00e0 coup le voil\u00e0, OUF !!! Il a \u00e9t\u00e9 fouill\u00e9, questionn\u00e9, la totale quoi, mais il l&rsquo;a rel\u00e2ch\u00e9, c&rsquo;est l&rsquo;essentiel, car autant dire que les flics \u00c9quatoriens ne sont pas tendres !!! Je dirais m\u00eame mieux, ils font flipper.<\/p>\n<p>D\u00e9part pour Quito-Panama sans encombre, \u00e0 notre arriv\u00e9e \u00e0 Panama, nous avons juste le temps de traverser le hall et d\u00e9j\u00e0, il faut faire la queue pour une autre fouille, d\u00e9cid\u00e9ment !!!<\/p>\n<p>Maurice passe sans probl\u00e8me, \u00e0 mon tour, je passe au scanner impeccable quand tout \u00e0 coup la dame qui s&rsquo;occupe de regarder les bagages demande \u00e0 son coll\u00e8gue de v\u00e9rifier mon sac \u00e0 dos plus profond\u00e9ment, il y a trois briquets. Elle est forte la dame, m\u00eame moi, je ne savais pas que j&rsquo;avais trois briquets, je pense, elle est nouvelle et elle veut prouver \u00e0 son chef qu&rsquo;elle est imbattable.<\/p>\n<p>Son coll\u00e8gue me demande de sortir les briquets, je cherche dans la poche avant et en trouve un, je me dis, c&rsquo;est bon, elle a gagn\u00e9, non, elle lui dit, il y en a trois. Il vide mon sac \u00e0 dos et trouve un deuxi\u00e8me briquet, yes, elle a presque gagn\u00e9 parce que le troisi\u00e8me, il n&rsquo;y est pas, NA !!!<\/p>\n<p>Mais ces gens-l\u00e0 sont t\u00eatus et elle sort de son poste pour fouiller elle-m\u00eame mon sac \u00e0 dos, elle ressort tout et ne trouve toujours rien, tout d&rsquo;un coup une id\u00e9e me vient et s&rsquo;il \u00e9tait dans ma poche d\u2019anorak pli\u00e9 en tout petit, je la mets sur la piste et apr\u00e8s avoir fait toutes les poches minutieusement elle en ressort un petit briquet qui fait partie de ma collection et qui en plus est de Lyon.<\/p>\n<p>Je ne voudrais pas exag\u00e9rer, mais un peu, quand m\u00eame, quand elle a trouv\u00e9 le troisi\u00e8me briquet, elle l&rsquo;a soulev\u00e9 pour faire voir \u00e0 ses coll\u00e8gues qu&rsquo;elle avait raison, j&rsquo;ai cru revoir \u00e0 ce moment-l\u00e0 un bout du film de Sylvester Stallone \u00ab\u00a0Rocky Balboa\u00a0\u00bb quand celui-ci arrive en haut des escaliers et saute de joie, \u00ab\u00a0Elle y est arriv\u00e9e !!!\u00a0\u00bb.<\/p>\n<p>Une fois qu&rsquo;elle a trouv\u00e9 mes TROIS briquets, je croyais qu&rsquo;elle allait me les rendre, mais non, elle les a gard\u00e9s et n&rsquo;a jamais voulu me rendre au moins mon briquet collector. Ce n&rsquo;est pas grave, l&rsquo;essentiel, c&rsquo;est qu&rsquo;elle a trouv\u00e9 les trois briquets, \u00e7a prouve que rien ne peut passer qui pourrait mettre les gens en danger.<\/p>\n<p>Une fois fini, il n&rsquo;y a plus de place dans la salle, on s&rsquo;assoit sur la moquette et on fait un Selfie.<\/p>\n<p>L&rsquo;avion part, le voyage se passe tr\u00e8s bien, nous arrivons \u00e0 Lyon o\u00f9 nous attends notre fille a\u00een\u00e9e avec notre dernier petit-fils de 7 mois, Robin. Il fait froid, mais ce n&rsquo;est pas grave, il fait bon revenir aupr\u00e8s des siens.<\/p>\n","protected":false},"excerpt":{"rendered":"<p>Mardi 28 novembre, Quito &#8211; Lyon Lev\u00e9e \u00e0 7h30, petit-d\u00e9jeuner parfait, les bagages sont pr\u00eats, l&rsquo;avion est \u00e0 15h et il faut laisser notre chambre au plus tard \u00e0 11h, donc nous profitons de 2h de temps libre pour aller faire les derni\u00e8res emplettes et voir encore la vie des \u00c9quatoriens. Il est l&rsquo;heure de &hellip; <a href=\"https:\/\/lesvoyagesdechantaletmaurice.fr\/?page_id=828\" class=\"more-link\">Lire la suite <span class=\"screen-reader-text\">Quito-Lyon-J 19<\/span><\/a><\/p>\n","protected":false},"author":1,"featured_media":0,"parent":0,"menu_order":0,"comment_status":"open","ping_status":"closed","template":"","meta":{"spay_email":"","footnotes":""},"_links":{"self":[{"href":"https:\/\/lesvoyagesdechantaletmaurice.fr\/index.php?rest_route=\/wp\/v2\/pages\/828"}],"collection":[{"href":"https:\/\/lesvoyagesdechantaletmaurice.fr\/index.php?rest_route=\/wp\/v2\/pages"}],"about":[{"href":"https:\/\/lesvoyagesdechantaletmaurice.fr\/index.php?rest_route=\/wp\/v2\/types\/page"}],"author":[{"embeddable":true,"href":"https:\/\/lesvoyagesdechantaletmaurice.fr\/index.php?rest_route=\/wp\/v2\/users\/1"}],"replies":[{"embeddable":true,"href":"https:\/\/lesvoyagesdechantaletmaurice.fr\/index.php?rest_route=%2Fwp%2Fv2%2Fcomments&post=828"}],"version-history":[{"count":4,"href":"https:\/\/lesvoyagesdechantaletmaurice.fr\/index.php?rest_route=\/wp\/v2\/pages\/828\/revisions"}],"predecessor-version":[{"id":2904,"href":"https:\/\/lesvoyagesdechantaletmaurice.fr\/index.php?rest_route=\/wp\/v2\/pages\/828\/revisions\/2904"}],"wp:attachment":[{"href":"https:\/\/lesvoyagesdechantaletmaurice.fr\/index.php?rest_route=%2Fwp%2Fv2%2Fmedia&parent=828"}],"curies":[{"name":"wp","href":"https:\/\/api.w.org\/{rel}","templated":true}]}}