{"id":826,"date":"2017-11-13T23:43:30","date_gmt":"2017-11-13T22:43:30","guid":{"rendered":"https:\/\/lesvoyagesdechantaletmaurice.wordpress.com\/?page_id=826"},"modified":"2023-01-15T16:45:34","modified_gmt":"2023-01-15T15:45:34","slug":"amazonie-quito-j-18","status":"publish","type":"page","link":"https:\/\/lesvoyagesdechantaletmaurice.fr\/?page_id=826","title":{"rendered":"Amazonie-Quito J-18"},"content":{"rendered":"<p><strong>Lundi 27 novembre, Amazonie &#8211; Quito<\/strong><\/p>\n<p>Apr\u00e8s 1h30 de pirogue et 2h de minibus nous arrivons \u00e0 l&rsquo;a\u00e9roport de Lago Agrio, nous devons attendre encore 2h un bus pour Quito.<\/p>\n<p>Pour passer le temps nous mangeons notre repas pr\u00e9par\u00e9 par notre lodge en Amazonie, mais le sac est petit donc vite goulott\u00e9 \ud83d\ude03.<\/p>\n<p>Pour notre plus grand plaisir, le bus arrive plus t\u00f4t et nous partons.<\/p>\n<p>Au bout d&rsquo;un moment, le chauffeur s&rsquo;arr\u00eate et nous invite \u00e0 faire quelques achats pour manger si l&rsquo;on veut. Maurice prend une glace et moi des biscuits.<\/p>\n<p>La route est longue et il est impossible de dormir, le bus \u00e0 souvent du mal \u00e0 rouler, nous grimpons et donc l&rsquo;oxyg\u00e8ne se fait plus rare et comme pour les \u00eatres humains les moteurs souffrent par manque d&rsquo;oxyg\u00e8ne.<\/p>\n<p>Nous longeons la cascade de\u00a0<em>San Rafael d&rsquo;une hauteur de 150 m\u00e8tres<\/em>\u00a0est la plus grande d&rsquo;<em>\u00c9quateur<\/em>. Nich\u00e9e entre les Andes et l&rsquo;Amazonie. Le chauffeur d\u00e9cide un arr\u00eat, Coline lui demande si elle peut faire voler son drone pour filmer, il accepte, mais pas longtemps, il y a du chemin encore.<\/p>\n<p>Filmer avec un drone n&rsquo;est pas quelque chose de bien habituel pour les Equatoriens, il s&rsquo;est donc form\u00e9 un attroupement autour de Coline, les uns admirent, d&rsquo;autres posent des questions, les chiens aboient par peur ou peut-\u00eatre pour avertir qu&rsquo;il y a un intrus qui en plus fait du bruit.<\/p>\n<p>Une fois l&rsquo;attraction finie, nous repartons, c&rsquo;est qu&rsquo;il nous reste encore pas mal de chemin \u00e0 faire avant d&rsquo;arriver \u00e0 Quito.<\/p>\n<p>Tout d&rsquo;un coup, le chauffeur freine tout en nous montrant quelque chose en haut de la montagne, une grande fum\u00e9e noire s&rsquo;\u00e9chappe du crat\u00e8re, nous venons d&rsquo;assister \u00e0 une \u00e9ruption du volcan El Reventador, c&rsquo;\u00e9tait magnifique.<\/p>\n<p>Nous voil\u00e0 arriv\u00e9s \u00e0 Quito, il fait bon.<\/p>\n<p>Nous prenons un taxi pour aller \u00e0 notre h\u00f4tel pour cette derni\u00e8re nuit en Equateur. Nous sommes attendus et surtout reconnus puisque c&rsquo;est l&rsquo;h\u00f4tel o\u00f9 nous faisons nos escales. Nous retrouvons nos bagages laiss\u00e9s pour partir en Amazonie. Ce n&rsquo;est pas le tout, mais il faut faire les bagages correctement pour n&rsquo;avoir qu&rsquo;une valise et un sac \u00e0 dos et non 36 sacs.<\/p>\n<p>Il est tard, il est temps de dormir, demain, nous rentrons \u00e0 Lyon, je suis contente de rentrer quand m\u00eame, mais triste, car je vais devoir laisser Coline pour 3 semaines, elle doit continuer de parcourir l&rsquo;Equateur pour la filmer, la photographier afin de la promouvoir.<\/p>\n","protected":false},"excerpt":{"rendered":"<p>Lundi 27 novembre, Amazonie &#8211; Quito Apr\u00e8s 1h30 de pirogue et 2h de minibus nous arrivons \u00e0 l&rsquo;a\u00e9roport de Lago Agrio, nous devons attendre encore 2h un bus pour Quito. Pour passer le temps nous mangeons notre repas pr\u00e9par\u00e9 par notre lodge en Amazonie, mais le sac est petit donc vite goulott\u00e9 \ud83d\ude03. Pour notre &hellip; <a href=\"https:\/\/lesvoyagesdechantaletmaurice.fr\/?page_id=826\" class=\"more-link\">Lire la suite <span class=\"screen-reader-text\">Amazonie-Quito J-18<\/span><\/a><\/p>\n","protected":false},"author":1,"featured_media":0,"parent":0,"menu_order":0,"comment_status":"open","ping_status":"closed","template":"","meta":{"spay_email":"","footnotes":""},"_links":{"self":[{"href":"https:\/\/lesvoyagesdechantaletmaurice.fr\/index.php?rest_route=\/wp\/v2\/pages\/826"}],"collection":[{"href":"https:\/\/lesvoyagesdechantaletmaurice.fr\/index.php?rest_route=\/wp\/v2\/pages"}],"about":[{"href":"https:\/\/lesvoyagesdechantaletmaurice.fr\/index.php?rest_route=\/wp\/v2\/types\/page"}],"author":[{"embeddable":true,"href":"https:\/\/lesvoyagesdechantaletmaurice.fr\/index.php?rest_route=\/wp\/v2\/users\/1"}],"replies":[{"embeddable":true,"href":"https:\/\/lesvoyagesdechantaletmaurice.fr\/index.php?rest_route=%2Fwp%2Fv2%2Fcomments&post=826"}],"version-history":[{"count":3,"href":"https:\/\/lesvoyagesdechantaletmaurice.fr\/index.php?rest_route=\/wp\/v2\/pages\/826\/revisions"}],"predecessor-version":[{"id":2901,"href":"https:\/\/lesvoyagesdechantaletmaurice.fr\/index.php?rest_route=\/wp\/v2\/pages\/826\/revisions\/2901"}],"wp:attachment":[{"href":"https:\/\/lesvoyagesdechantaletmaurice.fr\/index.php?rest_route=%2Fwp%2Fv2%2Fmedia&parent=826"}],"curies":[{"name":"wp","href":"https:\/\/api.w.org\/{rel}","templated":true}]}}