{"id":824,"date":"2017-11-13T23:42:44","date_gmt":"2017-11-13T22:42:44","guid":{"rendered":"https:\/\/lesvoyagesdechantaletmaurice.wordpress.com\/?page_id=824"},"modified":"2023-01-15T16:15:02","modified_gmt":"2023-01-15T15:15:02","slug":"quito-amazonie-j-13-a-17","status":"publish","type":"page","link":"https:\/\/lesvoyagesdechantaletmaurice.fr\/?page_id=824","title":{"rendered":"Quito-Amazonie J-14"},"content":{"rendered":"<p><strong>Jeudi 23 novembre, Quito &#8211; Amazonie<\/strong><\/p>\n<p>Lev\u00e9e 7h45, bon petit d\u00e9jeuner, mais nous connaissons puisque c&rsquo;est l&rsquo;h\u00f4tel que nous avions \u00e0 notre arriv\u00e9e.<\/p>\n<p><img loading=\"lazy\" decoding=\"async\" class=\"wp-image-1061\" src=\"https:\/\/lesvoyagesdechantaletmaurice.files.wordpress.com\/2017\/11\/img_7488.jpg\" width=\"3024\" height=\"4032\" \/><\/p>\n<p>\u00c0 8h30, Valentin et Fran\u00e7ois de Tout Equateur viennent nous briefer pour notre s\u00e9jour en Amazonie.<\/p>\n<p>Ils repartent \u00e0 10h30 et nous pr\u00e9parons le sac \u00e0 dos pour ce soir. Il faut voyager l\u00e9ger, je ne sais pas faire moi l\u00e9ger\ud83d\ude0a.<\/p>\n<p>On laisse nos bagages \u00e0 l&rsquo;h\u00f4tel jusqu&rsquo;\u00e0 ce soir.<\/p>\n<p>J&rsquo;ai oubli\u00e9 le bus pour l&rsquo;Amazonie part \u00e0 23h20\ud83d\ude2c, il y a 8h de bus, ensuite petit d\u00e9jeuner et 2h encore de bus et encore 2h de pirogue. Total, 12h de route\ud83d\ude33.<\/p>\n<p>En attendant, on va se promener, aujourd&rsquo;hui, c&rsquo;est jour de f\u00eate en Equateur et les routes sont bond\u00e9es. Dans les rues, on peut acheter et trouver de tout.<\/p>\n<p><img loading=\"lazy\" decoding=\"async\" class=\"wp-image-1062\" src=\"https:\/\/lesvoyagesdechantaletmaurice.files.wordpress.com\/2017\/11\/img_7491.jpg\" width=\"3024\" height=\"4032\" \/><img loading=\"lazy\" decoding=\"async\" class=\"wp-image-1063\" src=\"https:\/\/lesvoyagesdechantaletmaurice.files.wordpress.com\/2017\/11\/img_7487.jpg\" width=\"3024\" height=\"4032\" \/><img loading=\"lazy\" decoding=\"async\" class=\"wp-image-1067\" src=\"https:\/\/lesvoyagesdechantaletmaurice.files.wordpress.com\/2017\/11\/img_7486.jpg\" width=\"4032\" height=\"3024\" \/> Coline conna\u00eet un resto (Altamira) tenu par une Fran\u00e7aise, Lucie, o\u00f9 l&rsquo;on mange bien et pas cher.<\/p>\n<p>En effet, la patronne est super sympa et le repas aussi.<\/p>\n<p>On part visiter la Basilique del voto national (basilique du v\u0153u national), de loin, elle ressemble \u00e0 Notre- Dame de Paris, elle est immense et tr\u00e8s belle m\u00eame si \u00e0 mon go\u00fbt \u00e0 l&rsquo;int\u00e9rieur, c&rsquo;est trop charg\u00e9.<\/p>\n<p><img loading=\"lazy\" decoding=\"async\" class=\"wp-image-1064\" src=\"https:\/\/lesvoyagesdechantaletmaurice.files.wordpress.com\/2017\/11\/img_7484.jpg\" width=\"4032\" height=\"3024\" \/> Nous partons pour le march\u00e9 artisanal couvert histoire de faire quelques emplettes, seulement aucun prix \u00e0 l&rsquo;horizon et bien entendu, il faut n\u00e9gocier. Une chose est s\u00fbre, m\u00eame si on croit avoir bien n\u00e9goci\u00e9, on est toujours perdant \ud83d\ude2c.<\/p>\n<p><img loading=\"lazy\" decoding=\"async\" class=\"wp-image-1065\" src=\"https:\/\/lesvoyagesdechantaletmaurice.files.wordpress.com\/2017\/11\/img_7493.jpg\" width=\"800\" height=\"1440\" \/> Il pleut averses, il est 17h, que faire en attendant 23h20.<\/p>\n<p>On se concerte et on d\u00e9cide de trouver un h\u00f4tel qui accepterait de nous louer une chambre pour patienter.<\/p>\n<p>On trouve une auberge de jeunesse \ud83d\ude33 qui accepte de nous loger pour quelques heures.<\/p>\n<p>Autant dire que l&rsquo;endroit est insolite, il n&rsquo;y a que des jeunes \u00e9trangers et nous au milieu \u00e7a fait bizarre \ud83d\ude43.<\/p>\n<p>Ce n&rsquo;est pas grave, l&rsquo;important, c&rsquo;est d&rsquo;avoir un coin pour \u00eatre au sec et se reposer jusqu&rsquo;\u00e0 ce soir.<\/p>\n<p>La chambre est petite avec deux lits et une cabane dans le coin, ah non, c&rsquo;est le WC&#8230; La d\u00e9coration de la porte est assez sp\u00e9ciale \ud83d\ude02.<\/p>\n<p><img loading=\"lazy\" decoding=\"async\" class=\"wp-image-1071\" src=\"https:\/\/lesvoyagesdechantaletmaurice.files.wordpress.com\/2017\/11\/img_7494.jpg\" width=\"4032\" height=\"3024\" \/> Nous voil\u00e0 partis pour manger dans une chapelle \u00ab\u00a0Bandido Brewinh\u00a0\u00bb un endroit atypique, je vous laisse juger\ud83d\ude33.<\/p>\n<p><img loading=\"lazy\" decoding=\"async\" class=\"wp-image-1079\" src=\"https:\/\/lesvoyagesdechantaletmaurice.files.wordpress.com\/2017\/11\/img_7507-1.jpg\" width=\"1328\" height=\"747\" \/><img loading=\"lazy\" decoding=\"async\" class=\"wp-image-1078\" src=\"https:\/\/lesvoyagesdechantaletmaurice.files.wordpress.com\/2017\/11\/img_7505-1.jpg\" width=\"1328\" height=\"747\" \/><img loading=\"lazy\" decoding=\"async\" class=\"wp-image-1081\" src=\"https:\/\/lesvoyagesdechantaletmaurice.files.wordpress.com\/2017\/11\/img_7501.jpg\" width=\"3024\" height=\"4032\" \/><img loading=\"lazy\" decoding=\"async\" class=\"wp-image-1080\" src=\"https:\/\/lesvoyagesdechantaletmaurice.files.wordpress.com\/2017\/11\/img_7496.jpg\" width=\"2576\" height=\"1932\" \/> Il est l&rsquo;heure de se reposer un peu le d\u00e9part est pour dans 2h.<\/p>\n<p><img loading=\"lazy\" decoding=\"async\" class=\"wp-image-1085\" src=\"https:\/\/lesvoyagesdechantaletmaurice.files.wordpress.com\/2017\/11\/img_7821.jpg\" width=\"3024\" height=\"4032\" \/><\/p>\n<p>A 22h45, le r\u00e9veil sonne, impossible de dormir, les jeunes dans cette auberge de jeunesse rentrent et sortent sans se soucier des autres qui dorment\ud83d\ude21.<\/p>\n<p>Notre minibus de 15 places est d\u00e9j\u00e0 l\u00e0, nous serons 5 \u00e0 faire le trajet qui nous emm\u00e8ne dans un premier temps \u00e0 Lago Agrio \u00e0 20 km de la fronti\u00e8re Colombienne. Autant dire qu&rsquo;on a pris nos aises.<\/p>\n<p>6h30 pour faire 273 km\ud83d\ude33.<\/p>\n<p>Apr\u00e8s 5 km, il s&rsquo;arr\u00eate \u00e0 la station d&rsquo;essence pour faire le plein de gasoil, 14$ \u00e7a co\u00fbte !!! Le litre est \u00e0 0,26$ !!!<\/p>\n<p>Il en profite pour papoter encore 5mn, nous on attend pour essayer de dormir un peu.<\/p>\n<p>2h plus tard, il s&rsquo;arr\u00eate \u00e0 nouveau pour boire un coup et manger un bout, nous, on ne dort toujours pas \ud83d\ude44, il discute avec son coll\u00e8gue qui conduit un autre bus.<\/p>\n<p>Il est 2h et on ne dort toujours pas sauf Coline qui a pris le dernier rang \u00e0 5 places et qui s&rsquo;est fait une couchette.<\/p>\n<p>3h20, il s&rsquo;arr\u00eate \u00e0 nouveau, cette fois-ci pour boire un caf\u00e9 et manger un croissant, mais l\u00e0, il nous invite \u00e0 descendre si on veut.<\/p>\n<p>On en profite pour se d\u00e9gourdir les jambes et boire un caf\u00e9 de toute fa\u00e7on, on n&rsquo;arrive pas \u00e0 dormir.<\/p>\n<p><img loading=\"lazy\" decoding=\"async\" class=\"wp-image-1086\" src=\"https:\/\/lesvoyagesdechantaletmaurice.files.wordpress.com\/2017\/11\/img_7508.jpg\" width=\"3024\" height=\"4032\" \/><\/p>\n<p>20 mn d&rsquo;arr\u00eat, il papote encore !!!<\/p>\n<p>Je pense que c&rsquo;est la derni\u00e8re fois que l&rsquo;on s&rsquo;arr\u00eate, c&rsquo;est sans compter sur son copain qui fait coucou un arr\u00eat pipi et donc le n\u00f4tre aussi et devinez, ils papotent \ud83d\ude06.<\/p>\n<p>Comme il n&rsquo;y a pas d&rsquo;Internet en Amazonie, je vous ferais mon r\u00e9cit \u00e0 partir de mardi quand je reviendrais \ud83d\ude2c.<\/p>\n","protected":false},"excerpt":{"rendered":"<p>Jeudi 23 novembre, Quito &#8211; Amazonie Lev\u00e9e 7h45, bon petit d\u00e9jeuner, mais nous connaissons puisque c&rsquo;est l&rsquo;h\u00f4tel que nous avions \u00e0 notre arriv\u00e9e. \u00c0 8h30, Valentin et Fran\u00e7ois de Tout Equateur viennent nous briefer pour notre s\u00e9jour en Amazonie. Ils repartent \u00e0 10h30 et nous pr\u00e9parons le sac \u00e0 dos pour ce soir. Il faut &hellip; <a href=\"https:\/\/lesvoyagesdechantaletmaurice.fr\/?page_id=824\" class=\"more-link\">Lire la suite <span class=\"screen-reader-text\">Quito-Amazonie J-14<\/span><\/a><\/p>\n","protected":false},"author":1,"featured_media":0,"parent":0,"menu_order":0,"comment_status":"open","ping_status":"closed","template":"","meta":{"spay_email":"","footnotes":""},"_links":{"self":[{"href":"https:\/\/lesvoyagesdechantaletmaurice.fr\/index.php?rest_route=\/wp\/v2\/pages\/824"}],"collection":[{"href":"https:\/\/lesvoyagesdechantaletmaurice.fr\/index.php?rest_route=\/wp\/v2\/pages"}],"about":[{"href":"https:\/\/lesvoyagesdechantaletmaurice.fr\/index.php?rest_route=\/wp\/v2\/types\/page"}],"author":[{"embeddable":true,"href":"https:\/\/lesvoyagesdechantaletmaurice.fr\/index.php?rest_route=\/wp\/v2\/users\/1"}],"replies":[{"embeddable":true,"href":"https:\/\/lesvoyagesdechantaletmaurice.fr\/index.php?rest_route=%2Fwp%2Fv2%2Fcomments&post=824"}],"version-history":[{"count":5,"href":"https:\/\/lesvoyagesdechantaletmaurice.fr\/index.php?rest_route=\/wp\/v2\/pages\/824\/revisions"}],"predecessor-version":[{"id":2896,"href":"https:\/\/lesvoyagesdechantaletmaurice.fr\/index.php?rest_route=\/wp\/v2\/pages\/824\/revisions\/2896"}],"wp:attachment":[{"href":"https:\/\/lesvoyagesdechantaletmaurice.fr\/index.php?rest_route=%2Fwp%2Fv2%2Fmedia&parent=824"}],"curies":[{"name":"wp","href":"https:\/\/api.w.org\/{rel}","templated":true}]}}