{"id":820,"date":"2017-11-13T23:40:13","date_gmt":"2017-11-13T22:40:13","guid":{"rendered":"https:\/\/lesvoyagesdechantaletmaurice.wordpress.com\/?page_id=820"},"modified":"2023-01-04T19:39:09","modified_gmt":"2023-01-04T18:39:09","slug":"ile-de-santa-cruz-ile-san-cristobal-j-10-et-11","status":"publish","type":"page","link":"https:\/\/lesvoyagesdechantaletmaurice.fr\/?page_id=820","title":{"rendered":"Ile de Santa Cruz-Ile San Cristobal J-11"},"content":{"rendered":"<p><strong>Lundi 20 novembre, Ile de Santa Cruz &#8211; Ile San Cristobal<\/strong><\/p>\n<p>Lev\u00e9e 7h, petit-d\u00e9jeuner rapide, il nous faut faire les valises car cette apr\u00e8s-midi \u00e0 14h nous partons pour l&rsquo;\u00eele San Cristobal pour 2 jours.<\/p>\n<p>En attendant \u00e0 8h30 un taxi nous attend pour une visite du parc national El Chato ou des dizaines de tortues terrestres vivent, certaines sont gigantesques, 250 kg et 1 m\u00e8tre de diam\u00e8tre \ud83d\ude33.<\/p>\n<p><img loading=\"lazy\" decoding=\"async\" class=\"wp-image-986\" src=\"https:\/\/lesvoyagesdechantaletmaurice.files.wordpress.com\/2017\/11\/dsc05049-2.jpg\" width=\"4896\" height=\"3672\" \/>Nous continuons par le tunnel de lave.<\/p>\n<p><img loading=\"lazy\" decoding=\"async\" class=\"wp-image-987\" src=\"https:\/\/lesvoyagesdechantaletmaurice.files.wordpress.com\/2017\/11\/dsc05066-1.jpg\" width=\"3672\" height=\"4896\" \/>Nous visitons Los Gemelos, deux immenses crat\u00e8res, on termine par une balade dans un petit-bois o\u00f9 il y a des oiseaux avec des yeux et le bec bleu.<\/p>\n<p><img loading=\"lazy\" decoding=\"async\" class=\"wp-image-988\" src=\"https:\/\/lesvoyagesdechantaletmaurice.files.wordpress.com\/2017\/11\/dsc05077.jpg\" width=\"4896\" height=\"3672\" \/><\/p>\n<p>Le taxi nous ram\u00e8ne \u00e0 notre h\u00f4tel pour prendre nos bagages, notre bateau est \u00e0 14h.<\/p>\n<p>Apr\u00e8s avoir pris des routes ou des chemins d\u00e9fonc\u00e9s le long de mon voyage, voici qu&rsquo;aujourd&rsquo;hui, je prends un bateau pour m&rsquo;amener sur l&rsquo;\u00eele de San Cristobal, 2 heures de trajet, mais quel trajet\ud83d\ude29.<\/p>\n<p>Nous voil\u00e0 sur le bateau, nous sommes 12 \u00e0 faire le trajet.<\/p>\n<p>Avec Maurice, on d\u00e9cide de prendre les places les plus au fond pour ne pas avoir froid et surtout ne pas recevoir d&rsquo;eau. Nous voil\u00e0 install\u00e9s, le bateau part et ne va pas vite, on sort du port.<\/p>\n<p>Tout \u00e0 coup, le capitaine acc\u00e9l\u00e8re et l\u00e0 commence l&rsquo;enfer.<\/p>\n<p>\u00c0 chaque vague, nous faisons des bonds, mais quand je dis des bonds, c&rsquo;est peu dire.<\/p>\n<p>Avec Maurice, nous nous sommes pris d&rsquo;un fou rire \u00e0 en pleurer, on d\u00e9cide de s&rsquo;approcher des autres qui devaient savoir o\u00f9 s&rsquo;installer pour ne pas trop sentir les secousses.<\/p>\n<p>Le probl\u00e8me, c&rsquo;est que tu ne peux pas te d\u00e9placer comme tu veux tellement \u00e7a bouge, donc tu glisses doucement de si\u00e8ges en si\u00e8ges.<\/p>\n<p>Je ris tellement que je pleure et le moussaillon veux que je m&rsquo;installe compl\u00e8tement derri\u00e8re, je suppose qu&rsquo;il a cru que je pleurais vraiment et que j&rsquo;allais \u00eatre malade, il me demande de me mettre au fond du bateau pour avoir de l&rsquo;air.<\/p>\n<p>Impossible de lui expliquer que je n&rsquo;ai pas le mal de mer, mais tant pis, je vais m&rsquo;installer o\u00f9 il me dit, seulement, il fallait pouvoir se d\u00e9placer de mon si\u00e8ge vers lui et l\u00e0, c&rsquo;\u00e9tait une autre histoire, enfin, je m&rsquo;installe et 3 minutes plus tard Coline me demande de prendre ma place, je lui c\u00e8de.<\/p>\n<p>Au bout du compte, 2h de sursaut dans ce bateau, mais 2h de rires.<\/p>\n<p>Nous voil\u00e0 enfin arriv\u00e9s \u00e0 San Cristobal, la ville est sympa, nous trouvons notre h\u00f4tel et son g\u00e9rant nous indique quoi aller voir pour terminer notre journ\u00e9e.<\/p>\n<p>Nous partons pour une plage ou des dizaines d&rsquo;otaries se pr\u00e9lassent sur le sable et qui s&rsquo;amusent avec toi dans l&rsquo;eau, c&rsquo;est incroyable mais vrai !!!<\/p>\n<p>Nous avons pass\u00e9 encore une belle journ\u00e9e, demain, j&rsquo;esp\u00e8re qu&rsquo;elle sera aussi belle.<\/p>\n<p><img loading=\"lazy\" decoding=\"async\" class=\"wp-image-990\" src=\"https:\/\/lesvoyagesdechantaletmaurice.files.wordpress.com\/2017\/11\/img_7400-1.jpg\" width=\"4032\" height=\"3024\" \/><img loading=\"lazy\" decoding=\"async\" class=\"wp-image-991\" src=\"https:\/\/lesvoyagesdechantaletmaurice.files.wordpress.com\/2017\/11\/dsc05093-1.jpg\" width=\"4896\" height=\"3672\" \/><img loading=\"lazy\" decoding=\"async\" class=\"wp-image-992\" src=\"https:\/\/lesvoyagesdechantaletmaurice.files.wordpress.com\/2017\/11\/dsc05101-1.jpg\" width=\"4896\" height=\"3672\" \/><img loading=\"lazy\" decoding=\"async\" class=\"wp-image-993\" src=\"https:\/\/lesvoyagesdechantaletmaurice.files.wordpress.com\/2017\/11\/dsc05096-1.jpg\" width=\"4896\" height=\"3672\" \/><\/p>\n","protected":false},"excerpt":{"rendered":"<p>Lundi 20 novembre, Ile de Santa Cruz &#8211; Ile San Cristobal Lev\u00e9e 7h, petit-d\u00e9jeuner rapide, il nous faut faire les valises car cette apr\u00e8s-midi \u00e0 14h nous partons pour l&rsquo;\u00eele San Cristobal pour 2 jours. En attendant \u00e0 8h30 un taxi nous attend pour une visite du parc national El Chato ou des dizaines de &hellip; <a href=\"https:\/\/lesvoyagesdechantaletmaurice.fr\/?page_id=820\" class=\"more-link\">Lire la suite <span class=\"screen-reader-text\">Ile de Santa Cruz-Ile San Cristobal J-11<\/span><\/a><\/p>\n","protected":false},"author":1,"featured_media":0,"parent":0,"menu_order":0,"comment_status":"open","ping_status":"closed","template":"","meta":{"spay_email":"","footnotes":""},"_links":{"self":[{"href":"https:\/\/lesvoyagesdechantaletmaurice.fr\/index.php?rest_route=\/wp\/v2\/pages\/820"}],"collection":[{"href":"https:\/\/lesvoyagesdechantaletmaurice.fr\/index.php?rest_route=\/wp\/v2\/pages"}],"about":[{"href":"https:\/\/lesvoyagesdechantaletmaurice.fr\/index.php?rest_route=\/wp\/v2\/types\/page"}],"author":[{"embeddable":true,"href":"https:\/\/lesvoyagesdechantaletmaurice.fr\/index.php?rest_route=\/wp\/v2\/users\/1"}],"replies":[{"embeddable":true,"href":"https:\/\/lesvoyagesdechantaletmaurice.fr\/index.php?rest_route=%2Fwp%2Fv2%2Fcomments&post=820"}],"version-history":[{"count":3,"href":"https:\/\/lesvoyagesdechantaletmaurice.fr\/index.php?rest_route=\/wp\/v2\/pages\/820\/revisions"}],"predecessor-version":[{"id":2888,"href":"https:\/\/lesvoyagesdechantaletmaurice.fr\/index.php?rest_route=\/wp\/v2\/pages\/820\/revisions\/2888"}],"wp:attachment":[{"href":"https:\/\/lesvoyagesdechantaletmaurice.fr\/index.php?rest_route=%2Fwp%2Fv2%2Fmedia&parent=820"}],"curies":[{"name":"wp","href":"https:\/\/api.w.org\/{rel}","templated":true}]}}