{"id":752,"date":"2017-11-09T23:19:24","date_gmt":"2017-11-09T22:19:24","guid":{"rendered":"https:\/\/lesvoyagesdechantaletmaurice.wordpress.com\/?page_id=752"},"modified":"2023-01-03T19:29:03","modified_gmt":"2023-01-03T18:29:03","slug":"banos-guamote-jour-6","status":"publish","type":"page","link":"https:\/\/lesvoyagesdechantaletmaurice.fr\/?page_id=752","title":{"rendered":"Banos-Cumanda J-6"},"content":{"rendered":"<p><strong>Mercredi 15 novembre, Banos &#8211; Cumanda<\/strong><\/p>\n<p>R\u00e9veil \u00e0 7h, petit d\u00e9jeuner pas tr\u00e8s bon mais la g\u00e9rante est tellement gentille que je lui pardonne.<\/p>\n<p>On part pour faire la route des cascades mais cette fois-ci juste pour les regarder de loin, il para\u00eet que tout le long de la route il y a des belles cascades, j&rsquo;en ai vu 2\ud83d\ude29.<\/p>\n<p><img loading=\"lazy\" decoding=\"async\" class=\"wp-image-863\" src=\"https:\/\/lesvoyagesdechantaletmaurice.files.wordpress.com\/2017\/11\/img_7084.jpg\" width=\"747\" height=\"1328\" \/><img loading=\"lazy\" decoding=\"async\" class=\"wp-image-864\" src=\"https:\/\/lesvoyagesdechantaletmaurice.files.wordpress.com\/2017\/11\/img_7085.jpg\" width=\"747\" height=\"1328\" \/><br \/>\nJe prends mon livre de bord \u00ab\u00a0Lonely planet\u00a0\u00bb et cherche s&rsquo;il peut me donner un coup de pouce, Lonely est radin en renseignements, donc je me rabats sur le Routard, lui est plus gentil sauf que nous avons fait 50 km et qu&rsquo;il faut faire demi-tour, on s&rsquo;ex\u00e9cute et on cherche le pont de oyokan et ensuite le chemin des contrebandiers\ud83d\ude43.<\/p>\n<p>Au bout de 1h on le trouve enfin et l\u00e0, la d\u00e9ception, c&rsquo;est un chemin qu&rsquo;il faut faire \u00e0 pied et \u00e7a grimpe dans la montagne., 3h pour les voir. On d\u00e9cide de repartir, la cascade du Paillon Del Diablo hier nous a achev\u00e9s\ud83d\ude1e.<\/p>\n<p>Nous voil\u00e0 partie pour Cumanda, ah oui, j&rsquo;ai oubli\u00e9 de vous dire que le matin j&rsquo;avais dit \u00e0 Maurice que je ne tenais plus \u00e0 aller \u00e0 Guamote, c&rsquo;est \u00e0 3000 m\u00e8tres et j&rsquo;ai envie de pouvoir respirer et dormir enfin.<\/p>\n<p>Donc nous partons pour nous rapprocher de Guayaquil, destination Cumanda, rien \u00e0 voir l\u00e0-bas mais peu importe il nous faut 6h de route pour arriver.<\/p>\n<p>Nous voil\u00e0 sur la route, nous sommes partis de 1800 pour monter \u00e0 3800 et redescendre \u00e0 300 m\u00e8tres, les paysages sont formidables, la route beaucoup moins.<\/p>\n<p><img loading=\"lazy\" decoding=\"async\" class=\"wp-image-865\" src=\"https:\/\/lesvoyagesdechantaletmaurice.files.wordpress.com\/2017\/11\/img_7086.jpg\" width=\"747\" height=\"1328\" \/><img loading=\"lazy\" decoding=\"async\" class=\"wp-image-867\" src=\"https:\/\/lesvoyagesdechantaletmaurice.files.wordpress.com\/2017\/11\/img_7081.jpg\" width=\"4032\" height=\"3024\" \/><img loading=\"lazy\" decoding=\"async\" class=\"wp-image-866\" src=\"https:\/\/lesvoyagesdechantaletmaurice.files.wordpress.com\/2017\/11\/img_7083.jpg\" width=\"1328\" height=\"747\" \/> Maurice n&rsquo;a pas faim et moi non plus, donc pas d&rsquo;arr\u00eat au restaurant, on ach\u00e8te 2 paquets de g\u00e2teaux et un fanta, 3 dollars 60, \u00e7a nous ira, ce soir on se rattrapera.<\/p>\n<p>On s&rsquo;assoit sur un banc et on mange nos sucreries, hum c&rsquo;est bon\ud83d\ude0a.<\/p>\n<p><img loading=\"lazy\" decoding=\"async\" class=\"wp-image-869\" src=\"https:\/\/lesvoyagesdechantaletmaurice.files.wordpress.com\/2017\/11\/img_7076.jpg\" width=\"1932\" height=\"2576\" \/><img loading=\"lazy\" decoding=\"async\" class=\"wp-image-868\" src=\"https:\/\/lesvoyagesdechantaletmaurice.files.wordpress.com\/2017\/11\/img_7075.jpg\" width=\"1932\" height=\"2576\" \/> Apr\u00e8s ce festin nous repartons \u00e0 un endroit il y a eu un \u00e9boulement, Maurice freine et me dit, regarde \u00e7a d\u00e9gringole, je ne suis pas peureuse mais l\u00e0 je n&rsquo;avais qu&rsquo;une envie c&rsquo;\u00e9tait de d\u00e9gager au plus vite, ce que l&rsquo;on a fait.<\/p>\n<p><img loading=\"lazy\" decoding=\"async\" class=\"wp-image-870\" src=\"https:\/\/lesvoyagesdechantaletmaurice.files.wordpress.com\/2017\/11\/img_7073.jpg\" width=\"3024\" height=\"4032\" \/> Plus loin la route \u00e9tait pleine de nid de poule ou alors carr\u00e9ment un immense trou, heureusement que nous avons notre 4\/4 Toyota\ud83d\ude01.<\/p>\n<p><img loading=\"lazy\" decoding=\"async\" class=\"wp-image-871\" src=\"https:\/\/lesvoyagesdechantaletmaurice.files.wordpress.com\/2017\/11\/img_7070.jpg\" width=\"4032\" height=\"3024\" \/> A un moment un camion qui double un autre, il faut juste que tu ne sois pas en face.<\/p>\n<p>Pour info, personne ne respecte les signalisations, une bande blanche ils s&rsquo;en fichent, je te double par la droite, un petit coup de klaxon et voil\u00e0.<\/p>\n<p>Au bout de 6h on trouve un h\u00f4tel assez chic mais comme nous n&rsquo;avons pas pr\u00e9vu de venir ici, on prend le premier venu.<\/p>\n<p>Demain nous partons pour Guayaquil, j&rsquo;aurais plus de choses \u00e0 vous raconter.<\/p>\n<p>Une journ\u00e9e \u00e9prouvante mais belle journ\u00e9e quand m\u00eame.<\/p>\n","protected":false},"excerpt":{"rendered":"<p>Mercredi 15 novembre, Banos &#8211; Cumanda R\u00e9veil \u00e0 7h, petit d\u00e9jeuner pas tr\u00e8s bon mais la g\u00e9rante est tellement gentille que je lui pardonne. On part pour faire la route des cascades mais cette fois-ci juste pour les regarder de loin, il para\u00eet que tout le long de la route il y a des belles &hellip; <a href=\"https:\/\/lesvoyagesdechantaletmaurice.fr\/?page_id=752\" class=\"more-link\">Lire la suite <span class=\"screen-reader-text\">Banos-Cumanda J-6<\/span><\/a><\/p>\n","protected":false},"author":1,"featured_media":0,"parent":0,"menu_order":0,"comment_status":"open","ping_status":"closed","template":"","meta":{"spay_email":"","footnotes":""},"_links":{"self":[{"href":"https:\/\/lesvoyagesdechantaletmaurice.fr\/index.php?rest_route=\/wp\/v2\/pages\/752"}],"collection":[{"href":"https:\/\/lesvoyagesdechantaletmaurice.fr\/index.php?rest_route=\/wp\/v2\/pages"}],"about":[{"href":"https:\/\/lesvoyagesdechantaletmaurice.fr\/index.php?rest_route=\/wp\/v2\/types\/page"}],"author":[{"embeddable":true,"href":"https:\/\/lesvoyagesdechantaletmaurice.fr\/index.php?rest_route=\/wp\/v2\/users\/1"}],"replies":[{"embeddable":true,"href":"https:\/\/lesvoyagesdechantaletmaurice.fr\/index.php?rest_route=%2Fwp%2Fv2%2Fcomments&post=752"}],"version-history":[{"count":4,"href":"https:\/\/lesvoyagesdechantaletmaurice.fr\/index.php?rest_route=\/wp\/v2\/pages\/752\/revisions"}],"predecessor-version":[{"id":2876,"href":"https:\/\/lesvoyagesdechantaletmaurice.fr\/index.php?rest_route=\/wp\/v2\/pages\/752\/revisions\/2876"}],"wp:attachment":[{"href":"https:\/\/lesvoyagesdechantaletmaurice.fr\/index.php?rest_route=%2Fwp%2Fv2%2Fmedia&parent=752"}],"curies":[{"name":"wp","href":"https:\/\/api.w.org\/{rel}","templated":true}]}}