{"id":750,"date":"2017-11-09T23:19:03","date_gmt":"2017-11-09T22:19:03","guid":{"rendered":"https:\/\/lesvoyagesdechantaletmaurice.wordpress.com\/?page_id=750"},"modified":"2023-01-03T19:26:38","modified_gmt":"2023-01-03T18:26:38","slug":"quilitoa-banos-jour-5","status":"publish","type":"page","link":"https:\/\/lesvoyagesdechantaletmaurice.fr\/?page_id=750","title":{"rendered":"Quilitoa-Banos J-5"},"content":{"rendered":"<p><strong>Mardi 14 novembre, Quilitoa &#8211; Banos<\/strong><\/p>\n<p>R\u00e9veil \u00e0 6h, il a plu une partie de la nuit et ce matin le ciel est brumeux.<\/p>\n<p><img loading=\"lazy\" decoding=\"async\" class=\"wp-image-844\" src=\"https:\/\/lesvoyagesdechantaletmaurice.files.wordpress.com\/2017\/11\/img_7059.jpg\" width=\"1328\" height=\"747\" \/><\/p>\n<p>Nous prenons notre petit d\u00e9jeuner, enfin petit, pour moi c&rsquo;est \u00e9norme, jus de melon, assiette de fruits, fraises, banane, raisin et mangue, pain grill\u00e9 avec beurre et confiture et caf\u00e9.<\/p>\n<p><img loading=\"lazy\" decoding=\"async\" class=\"wp-image-845\" src=\"https:\/\/lesvoyagesdechantaletmaurice.files.wordpress.com\/2017\/11\/img_7058.jpg\" width=\"747\" height=\"1328\" \/><\/p>\n<p>On a le ventre plein, on peut attaquer les 150 km pour aller \u00e0 Banos.<\/p>\n<p>Tout le long du trajet les paysages changent tout le temps et on voit les gens travailler leur terre. Ils ont du courage, les terrains sont tous en pente, on a m\u00eame vu une \u00e9chelle en bois qui leurs servait \u00e0 monter sur le terrain\ud83d\ude33.<\/p>\n<p><img loading=\"lazy\" decoding=\"async\" class=\"alignnone size-medium wp-image-884\" src=\"https:\/\/lesvoyagesdechantaletmaurice.files.wordpress.com\/2017\/11\/dsc04740.jpg?w=300\" alt=\"\" width=\"300\" height=\"225\" \/> <img loading=\"lazy\" decoding=\"async\" class=\"alignnone size-medium wp-image-883\" src=\"https:\/\/lesvoyagesdechantaletmaurice.files.wordpress.com\/2017\/11\/dsc04737.jpg?w=300\" alt=\"\" width=\"300\" height=\"225\" \/> <img loading=\"lazy\" decoding=\"async\" class=\"alignnone size-medium wp-image-882\" src=\"https:\/\/lesvoyagesdechantaletmaurice.files.wordpress.com\/2017\/11\/dsc04733.jpg?w=300\" alt=\"\" width=\"300\" height=\"225\" \/> <img loading=\"lazy\" decoding=\"async\" class=\"alignnone size-medium wp-image-880\" src=\"https:\/\/lesvoyagesdechantaletmaurice.files.wordpress.com\/2017\/11\/dsc04723.jpg?w=300\" alt=\"\" width=\"300\" height=\"225\" \/><\/p>\n<p>Arriv\u00e9e \u00e0 Banos \u00e0 notre h\u00f4tel avec vu sur la rivi\u00e8re.<\/p>\n<p><img loading=\"lazy\" decoding=\"async\" class=\"wp-image-847\" src=\"https:\/\/lesvoyagesdechantaletmaurice.files.wordpress.com\/2017\/11\/img_7033.jpg\" width=\"1328\" height=\"747\" \/><img loading=\"lazy\" decoding=\"async\" class=\"wp-image-846\" src=\"https:\/\/lesvoyagesdechantaletmaurice.files.wordpress.com\/2017\/11\/img_7057.jpg\" width=\"1328\" height=\"747\" \/><\/p>\n<p><img loading=\"lazy\" decoding=\"async\" class=\"alignnone size-medium wp-image-888\" src=\"https:\/\/lesvoyagesdechantaletmaurice.files.wordpress.com\/2017\/11\/dsc04751.jpg?w=300\" alt=\"\" width=\"300\" height=\"225\" \/><br \/>\nUn petit resto et nous voil\u00e0 partis faire la route des cascades.<\/p>\n<p>Nous allons faire la cascade Paillon Del Diablo.<\/p>\n<p>Tout commence par une petite descente et de chaque c\u00f4t\u00e9 des boutiques de boissons et de souvenirs.<\/p>\n<p>On descend tout doucement et on s&rsquo;arr\u00eate sur le c\u00f4t\u00e9, il y a un banc et surtout une belle vue.<\/p>\n<p>On continue notre chemin de plus en plus pentu, de temps en temps des escaliers o\u00f9 alors des cailloux, je commence \u00e0 voir les personnes qui remontent et qui ont l&rsquo;air fatigu\u00e9s, je dirais m\u00eame tr\u00e8s fatigu\u00e9s.<\/p>\n<p>Maurice me dit, \u00ab\u00a0tu crois que Napol\u00e9on nous attend en bas\ud83d\ude01\u00a0\u00bb (voir journ\u00e9e d&rsquo;hier).<\/p>\n<p>On continue \u00e0 descendre et je vois que ceux qui remontent sont livides \ud83d\ude13, je commence \u00e0 m&rsquo;inqui\u00e9ter mais il para\u00eet qu&rsquo;elle fait partie des dix plus impressionnantes cascades du monde, je prends donc sur moi, je vais y arriver, enfin, arriver en bas s&rsquo;est s\u00fbr, mais le retour l&rsquo;est moins. Nous voil\u00e0 devant la cascade, elle est ouf, le bruit qu&rsquo;elle fait donne la force de la chute d&rsquo;eau.<\/p>\n<p>Il reste encore une bonne vingtaine de marches pour la voir de plus pr\u00e8s, nous y allons mais avant il faut mettre l&rsquo;imperm\u00e9able, on risque de se faire mouiller.<\/p>\n<p>Nous voil\u00e0 tout pr\u00e8s d&rsquo;elle et le bruit est tr\u00e8s fort, on a bien fait de se prot\u00e9ger, on est tremp\u00e9s mais c&rsquo;est trop beau.<\/p>\n<p><img loading=\"lazy\" decoding=\"async\" class=\"wp-image-848\" src=\"https:\/\/lesvoyagesdechantaletmaurice.files.wordpress.com\/2017\/11\/img_7051.jpg\" width=\"747\" height=\"1328\" \/><img loading=\"lazy\" decoding=\"async\" class=\"wp-image-850\" src=\"https:\/\/lesvoyagesdechantaletmaurice.files.wordpress.com\/2017\/11\/img_7040.jpg\" width=\"747\" height=\"1328\" \/><img loading=\"lazy\" decoding=\"async\" class=\"wp-image-849\" src=\"https:\/\/lesvoyagesdechantaletmaurice.files.wordpress.com\/2017\/11\/img_7041.jpg\" width=\"747\" height=\"1328\" \/> On remonte et on voit que l&rsquo;on peut passer sous la cascade, seulement il faut emprunter une esp\u00e8ce de tunnel creus\u00e9 dans la roche de 80cm de diam\u00e8tre \ud83d\ude33 il y a encore 10 ans je l&rsquo;aurais fait mais l\u00e0 non, je n&rsquo;ai pas envie que les pompiers viennent me chercher pour me d\u00e9coincer \ud83d\ude29.<\/p>\n<p>Donc on repart et la visite continue par un passage sur un pont suspendu pour voir la cascade d&rsquo;un autre angle.<\/p>\n<p><img loading=\"lazy\" decoding=\"async\" class=\"wp-image-851\" src=\"https:\/\/lesvoyagesdechantaletmaurice.files.wordpress.com\/2017\/11\/img_7021.jpg\" width=\"1932\" height=\"2576\" \/><img loading=\"lazy\" decoding=\"async\" class=\"wp-image-853\" src=\"https:\/\/lesvoyagesdechantaletmaurice.files.wordpress.com\/2017\/11\/img_7025.jpg\" width=\"2576\" height=\"1932\" \/> Il est temps de remonter et j&rsquo;ai d\u00e9j\u00e0 mal aux jambes \ud83d\ude2c<\/p>\n<p>On commence tout doucement mais m\u00eame doucement la douleur est l\u00e0 et le souffle manque. Tous les 10 m\u00e8tres je m&rsquo;arr\u00eate pour le reprendre et reposer mes muscles, je me demande d&rsquo;ailleurs si j&rsquo;en ai\ud83d\ude0a.<\/p>\n<p><img loading=\"lazy\" decoding=\"async\" class=\"wp-image-852\" src=\"https:\/\/lesvoyagesdechantaletmaurice.files.wordpress.com\/2017\/11\/img_7042.jpg\" width=\"1328\" height=\"747\" \/> Tout d&rsquo;un coup je vois le premier endroit o\u00f9 l&rsquo;on s&rsquo;est arr\u00eat\u00e9 avec les bancs et l\u00e0 je comprends que c&rsquo;est pr\u00e9vu pour le retour \ud83d\ude2c.<\/p>\n<p><img loading=\"lazy\" decoding=\"async\" class=\"wp-image-854\" src=\"https:\/\/lesvoyagesdechantaletmaurice.files.wordpress.com\/2017\/11\/img_7027.jpg\" width=\"4032\" height=\"3024\" \/> Difficilement on arrive au point de d\u00e9part et notre seul souhait c&rsquo;est de boire un bon jus de fruit\ud83d\ude2c.<\/p>\n<p><img loading=\"lazy\" decoding=\"async\" class=\"wp-image-855\" src=\"https:\/\/lesvoyagesdechantaletmaurice.files.wordpress.com\/2017\/11\/img_7028.jpg\" width=\"1932\" height=\"2576\" \/> Retour \u00e0 l&rsquo;h\u00f4tel pour se pr\u00e9parer, nous allons au thermes.<\/p>\n<p>On rentre dans l&rsquo;eau \u00e0 45 degr\u00e9s puis \u00e0 37 ensuite \u00e0 27 il reste celle \u00e0 18, je mets mon doigt de pieds et hop, pas folle la gu\u00eape, je repars \u00e0 celle de 45, 37, 27 et hop on sort, il est temps d&rsquo;aller manger.<\/p>\n<p>On a trouv\u00e9 un restaurant tenu par une fran\u00e7aise \u00ab\u00a0caf\u00e9 Marianne\u00a0\u00bb, entendre parler fran\u00e7ais \u00e7a fait du bien, surtout ne pas essayer de trouver ses mots en espagnol.<\/p>\n<p><img loading=\"lazy\" decoding=\"async\" class=\"wp-image-858\" src=\"https:\/\/lesvoyagesdechantaletmaurice.files.wordpress.com\/2017\/11\/img_7031.jpg\" width=\"4032\" height=\"3024\" \/> Je d\u00e9cide de manger l\u00e9ger ce soir, donc pour moi se sera, avocat crevettes et banane flamb\u00e9e et Maurice, salade compos\u00e9e, quand mon plat est arriv\u00e9 j&rsquo;ai cru que j&rsquo;hallucinais, je vous laisse juger\ud83d\ude33.<\/p>\n<p><img loading=\"lazy\" decoding=\"async\" class=\"wp-image-856\" src=\"https:\/\/lesvoyagesdechantaletmaurice.files.wordpress.com\/2017\/11\/img_7032.jpg\" width=\"4032\" height=\"3024\" \/><img loading=\"lazy\" decoding=\"async\" class=\"wp-image-857\" src=\"https:\/\/lesvoyagesdechantaletmaurice.files.wordpress.com\/2017\/11\/img_7034.jpg\" width=\"4032\" height=\"3024\" \/> Bon il est temps d&rsquo;aller dormir, demain une autre belle journ\u00e9e nous attend, direction Guamote.<\/p>\n","protected":false},"excerpt":{"rendered":"<p>Mardi 14 novembre, Quilitoa &#8211; Banos R\u00e9veil \u00e0 6h, il a plu une partie de la nuit et ce matin le ciel est brumeux. Nous prenons notre petit d\u00e9jeuner, enfin petit, pour moi c&rsquo;est \u00e9norme, jus de melon, assiette de fruits, fraises, banane, raisin et mangue, pain grill\u00e9 avec beurre et confiture et caf\u00e9. On &hellip; <a href=\"https:\/\/lesvoyagesdechantaletmaurice.fr\/?page_id=750\" class=\"more-link\">Lire la suite <span class=\"screen-reader-text\">Quilitoa-Banos J-5<\/span><\/a><\/p>\n","protected":false},"author":1,"featured_media":0,"parent":0,"menu_order":0,"comment_status":"open","ping_status":"closed","template":"","meta":{"spay_email":"","footnotes":""},"_links":{"self":[{"href":"https:\/\/lesvoyagesdechantaletmaurice.fr\/index.php?rest_route=\/wp\/v2\/pages\/750"}],"collection":[{"href":"https:\/\/lesvoyagesdechantaletmaurice.fr\/index.php?rest_route=\/wp\/v2\/pages"}],"about":[{"href":"https:\/\/lesvoyagesdechantaletmaurice.fr\/index.php?rest_route=\/wp\/v2\/types\/page"}],"author":[{"embeddable":true,"href":"https:\/\/lesvoyagesdechantaletmaurice.fr\/index.php?rest_route=\/wp\/v2\/users\/1"}],"replies":[{"embeddable":true,"href":"https:\/\/lesvoyagesdechantaletmaurice.fr\/index.php?rest_route=%2Fwp%2Fv2%2Fcomments&post=750"}],"version-history":[{"count":4,"href":"https:\/\/lesvoyagesdechantaletmaurice.fr\/index.php?rest_route=\/wp\/v2\/pages\/750\/revisions"}],"predecessor-version":[{"id":2874,"href":"https:\/\/lesvoyagesdechantaletmaurice.fr\/index.php?rest_route=\/wp\/v2\/pages\/750\/revisions\/2874"}],"wp:attachment":[{"href":"https:\/\/lesvoyagesdechantaletmaurice.fr\/index.php?rest_route=%2Fwp%2Fv2%2Fmedia&parent=750"}],"curies":[{"name":"wp","href":"https:\/\/api.w.org\/{rel}","templated":true}]}}