{"id":27,"date":"2015-12-21T18:24:09","date_gmt":"2015-12-21T17:24:09","guid":{"rendered":"https:\/\/lesvoyagesdechantaletmaurice.wordpress.com\/?page_id=27"},"modified":"2020-03-29T17:47:52","modified_gmt":"2020-03-29T15:47:52","slug":"uvita-alajuelo","status":"publish","type":"page","link":"https:\/\/lesvoyagesdechantaletmaurice.fr\/?page_id=27","title":{"rendered":"Jour 14 _ Uvita"},"content":{"rendered":"<p><strong>Samedi 19 mars, Drake Bay &#8211; Uvita<\/strong><\/p>\n<p>Comme d&rsquo;habitude je me r\u00e9veille t\u00f4t, le chant des oiseaux aura \u00e9t\u00e9 mon r\u00e9veil matin pendant ces 15 jours, c&rsquo;est quand m\u00eame mieux qu&rsquo;une grosse sonnerie qui vous met de mauvaise humeur, la, ils chantent tellement bien qu&rsquo;on ne leur en veut pas. Si je pouvais j&rsquo;en ramerai quelques-uns dans la valise.<\/p>\n<p>Nous avons rendez-vous \u00e0 8h pour une randonn\u00e9e \u00e0 cheval de 3h. Melvin nous attend avec les chevaux, un petit en taille pour moi et un plus grand pour Maurice.<\/p>\n<p>Melvin ne met pas longtemps \u00e0 comprendre que je suis nulle \u00e0 cheval, il en rit d\u00e9j\u00e0. Je suis mont\u00e9e sur le cheval avec une aisance de poids lourds c&rsquo;est fou.<\/p>\n<p>Nous sommes partis dans la for\u00eat et nous avons travers\u00e9 la rivi\u00e8re. On s&rsquo;est arr\u00eat\u00e9s pour reposer les chevaux et nous sommes mont\u00e9s par un sentier voir une belle cascade. Nous \u00e9tions tremp\u00e9s de sueur mais \u00e7a valait le coup.<\/p>\n<p><a href=\"https:\/\/lesvoyagesdechantaletmaurice.files.wordpress.com\/2016\/03\/img_4344.jpg\"><img loading=\"lazy\" decoding=\"async\" class=\"size-medium\" src=\"https:\/\/lesvoyagesdechantaletmaurice.files.wordpress.com\/2016\/03\/img_4344.jpg\" width=\"270\" height=\"202\" \/><\/a><br \/>\n<a href=\"https:\/\/lesvoyagesdechantaletmaurice.files.wordpress.com\/2016\/03\/img_4337.jpg\"><img loading=\"lazy\" decoding=\"async\" class=\"size-medium\" src=\"https:\/\/lesvoyagesdechantaletmaurice.files.wordpress.com\/2016\/03\/img_4337.jpg\" width=\"270\" height=\"359\" \/><\/a><\/p>\n<p>Retour \u00e0 l&rsquo;h\u00f4tel, une bonne douche et finition des valises, et oui il nous faut partir de ce bel endroit pour reprendre notre bateau et retrouver notre voiture.<\/p>\n<p>On part manger au village face \u00e0 l&rsquo;oc\u00e9an pacifique.<\/p>\n<p><img loading=\"lazy\" decoding=\"async\" class=\"alignnone size-medium wp-image-435\" src=\"https:\/\/lesvoyagesdechantaletmaurice.files.wordpress.com\/2016\/03\/img_4347.jpg\" alt=\"img_4347\" width=\"4032\" height=\"3024\" \/><br \/>\nIl reste deux heures avant que le bateau arrive, Une petite sieste sur la plage \u00e0 l&rsquo;ombre d&rsquo;un arbre c&rsquo;est g\u00e9nial quand on arrive \u00e0 s&rsquo;endormir mais moi je ne peux pas, ce n&rsquo;est pas grave, je prends mon appareil \u00e0 photos et fait le bord de plage jusqu&rsquo;au bout.<\/p>\n<p>Pour revenir je d\u00e9cide de passer par le sentier, j&rsquo;ai bien fait, j&rsquo;ai vu toutes sortes d&rsquo;arbres fruitiers, banane, papaye, mangue etc. Des fleurs de toutes les couleurs, des oiseaux, tous aussi beaux les uns que les autres et aussi un singe capucin qui se promenait sur le fil \u00e9lectrique, j&rsquo;ai travers\u00e9 un pont suspendu pour enfin arriver vers Maurice qui commen\u00e7ait \u00e0 s&rsquo;inqui\u00e9ter.<\/p>\n<p><img loading=\"lazy\" decoding=\"async\" class=\"alignnone size-medium wp-image-2337\" src=\"http:\/\/lesvoyagesdechantaletmaurice.fr\/wp-content\/uploads\/2020\/03\/DSC02565-300x225.jpg\" alt=\"\" width=\"300\" height=\"225\" srcset=\"https:\/\/lesvoyagesdechantaletmaurice.fr\/wp-content\/uploads\/2020\/03\/DSC02565-300x225.jpg 300w, https:\/\/lesvoyagesdechantaletmaurice.fr\/wp-content\/uploads\/2020\/03\/DSC02565-1024x768.jpg 1024w, https:\/\/lesvoyagesdechantaletmaurice.fr\/wp-content\/uploads\/2020\/03\/DSC02565-768x576.jpg 768w, https:\/\/lesvoyagesdechantaletmaurice.fr\/wp-content\/uploads\/2020\/03\/DSC02565-1536x1152.jpg 1536w, https:\/\/lesvoyagesdechantaletmaurice.fr\/wp-content\/uploads\/2020\/03\/DSC02565-2048x1536.jpg 2048w, https:\/\/lesvoyagesdechantaletmaurice.fr\/wp-content\/uploads\/2020\/03\/DSC02565-685x514.jpg 685w, https:\/\/lesvoyagesdechantaletmaurice.fr\/wp-content\/uploads\/2020\/03\/DSC02565-2000x1500.jpg 2000w\" sizes=\"(max-width: 300px) 100vw, 300px\" \/> <img loading=\"lazy\" decoding=\"async\" class=\"alignnone size-medium wp-image-2341\" src=\"http:\/\/lesvoyagesdechantaletmaurice.fr\/wp-content\/uploads\/2020\/03\/DSC02523-1-300x225.jpg\" alt=\"\" width=\"300\" height=\"225\" \/> <img loading=\"lazy\" decoding=\"async\" class=\"alignnone size-medium wp-image-2340\" src=\"http:\/\/lesvoyagesdechantaletmaurice.fr\/wp-content\/uploads\/2020\/03\/DSC02693-300x225.jpg\" alt=\"\" width=\"300\" height=\"225\" srcset=\"https:\/\/lesvoyagesdechantaletmaurice.fr\/wp-content\/uploads\/2020\/03\/DSC02693-300x225.jpg 300w, https:\/\/lesvoyagesdechantaletmaurice.fr\/wp-content\/uploads\/2020\/03\/DSC02693-1024x768.jpg 1024w, https:\/\/lesvoyagesdechantaletmaurice.fr\/wp-content\/uploads\/2020\/03\/DSC02693-768x576.jpg 768w, https:\/\/lesvoyagesdechantaletmaurice.fr\/wp-content\/uploads\/2020\/03\/DSC02693-1536x1152.jpg 1536w, https:\/\/lesvoyagesdechantaletmaurice.fr\/wp-content\/uploads\/2020\/03\/DSC02693-2048x1536.jpg 2048w, https:\/\/lesvoyagesdechantaletmaurice.fr\/wp-content\/uploads\/2020\/03\/DSC02693-685x514.jpg 685w, https:\/\/lesvoyagesdechantaletmaurice.fr\/wp-content\/uploads\/2020\/03\/DSC02693-2000x1500.jpg 2000w\" sizes=\"(max-width: 300px) 100vw, 300px\" \/><\/p>\n<p>Dix minutes plus tard nous \u00e9tions sur le bateau direction Sierpe pour reprendre notre voiture pour aller \u00e0 Uvita.<\/p>\n<p>Arriv\u00e9e \u00e0 Uvita \u00e0 16h45 dans notre cabinas.<\/p>\n<p>Depuis 13 jours nous changeons d&rsquo;h\u00f4tel o\u00f9 de cabinas et nous n&rsquo;avons pas \u00e9t\u00e9 d\u00e9\u00e7u, mais l\u00e0, si. Arriv\u00e9e dans la chambre j&rsquo;ai cru suffoquer tellement la pi\u00e8ce \u00e9tait bouillante, deux ventilateurs en guise de climatisation qui font un bruit d&rsquo;enfer donc impossible de les laisser en marche pendant la nuit. Et le top du top, elle nous annonce qu&rsquo;il n&rsquo;y a pas d&rsquo;eau chaude que de l&rsquo;eau froide pour prendre la douche !!!!<\/p>\n<p>Vu l&rsquo;heure on va vite voir la plage car \u00e0 18h il fait nuit, la plage on l&rsquo;a vue en deux temps 3 secondes, on s&rsquo;est fait attaquer par les moustiques donc sauve qui peut on repart. On trouve un restaurant et on rentre prendre une douche. Ah oui j&rsquo;oubliais FROIDE !!!<\/p>\n<p>Quand tu as transpir\u00e9e toute la journ\u00e9e tu aimerais bien te laver un peu. Je prends mon courage \u00e0 deux mains, j&rsquo;ouvre le robinet et commence par les pieds, ensuite les mollets puis la jambe, je vous sens tr\u00e9pigner d&rsquo;impatience h\u00e9 ho je vais doucement on n&rsquo;est pas aux pi\u00e8ces, je vous rappelle que l&rsquo;eau est froide, donc la jambe puis je tente un bras, l&rsquo;autre, un bout d&rsquo;\u00e9paule et l\u00e0 je commence \u00e0 prendre ma respiration, il vaut mieux, c&rsquo;est tellement froid que \u00e7a m&rsquo;a coup\u00e9 la respiration. Je d\u00e9cide que les cheveux ce n&rsquo;est pas la peine, demain on verra, je me lance d&rsquo;un coup sous la douche froide, record battu pour prendre une douche, d&rsquo;habitude c&rsquo;est minimum 15 minutes mais \u00e0 37 degr\u00e9s !!!<\/p>\n<p>Je vais me coucher. Records battu, 20h15 !!! Yes, la derni\u00e8re fois que je me suis couch\u00e9e si t\u00f4t je ne m&rsquo;en souviens plus je devais avoir 3 ans.<\/p>\n<p>Heureusement que nous nous sommes couch\u00e9s t\u00f4t car \u00e0 2h du matin une super pluie est tomb\u00e9e et on l&rsquo;entendait bien. Plus d&rsquo;\u00e9lectricit\u00e9 donc plus de wifi pour s&rsquo;occuper, m\u00eame le singe hurleur s&rsquo;est tut. La nuit a \u00e9t\u00e9 longue !!!<\/p>\n","protected":false},"excerpt":{"rendered":"<p>Samedi 19 mars, Drake Bay &#8211; Uvita Comme d&rsquo;habitude je me r\u00e9veille t\u00f4t, le chant des oiseaux aura \u00e9t\u00e9 mon r\u00e9veil matin pendant ces 15 jours, c&rsquo;est quand m\u00eame mieux qu&rsquo;une grosse sonnerie qui vous met de mauvaise humeur, la, ils chantent tellement bien qu&rsquo;on ne leur en veut pas. Si je pouvais j&rsquo;en ramerai &hellip; <a href=\"https:\/\/lesvoyagesdechantaletmaurice.fr\/?page_id=27\" class=\"more-link\">Lire la suite <span class=\"screen-reader-text\">Jour 14 _ Uvita<\/span><\/a><\/p>\n","protected":false},"author":1,"featured_media":0,"parent":623,"menu_order":7,"comment_status":"open","ping_status":"closed","template":"","meta":{"spay_email":"","footnotes":""},"_links":{"self":[{"href":"https:\/\/lesvoyagesdechantaletmaurice.fr\/index.php?rest_route=\/wp\/v2\/pages\/27"}],"collection":[{"href":"https:\/\/lesvoyagesdechantaletmaurice.fr\/index.php?rest_route=\/wp\/v2\/pages"}],"about":[{"href":"https:\/\/lesvoyagesdechantaletmaurice.fr\/index.php?rest_route=\/wp\/v2\/types\/page"}],"author":[{"embeddable":true,"href":"https:\/\/lesvoyagesdechantaletmaurice.fr\/index.php?rest_route=\/wp\/v2\/users\/1"}],"replies":[{"embeddable":true,"href":"https:\/\/lesvoyagesdechantaletmaurice.fr\/index.php?rest_route=%2Fwp%2Fv2%2Fcomments&post=27"}],"version-history":[{"count":3,"href":"https:\/\/lesvoyagesdechantaletmaurice.fr\/index.php?rest_route=\/wp\/v2\/pages\/27\/revisions"}],"predecessor-version":[{"id":2348,"href":"https:\/\/lesvoyagesdechantaletmaurice.fr\/index.php?rest_route=\/wp\/v2\/pages\/27\/revisions\/2348"}],"up":[{"embeddable":true,"href":"https:\/\/lesvoyagesdechantaletmaurice.fr\/index.php?rest_route=\/wp\/v2\/pages\/623"}],"wp:attachment":[{"href":"https:\/\/lesvoyagesdechantaletmaurice.fr\/index.php?rest_route=%2Fwp%2Fv2%2Fmedia&parent=27"}],"curies":[{"name":"wp","href":"https:\/\/api.w.org\/{rel}","templated":true}]}}