{"id":25,"date":"2015-12-21T18:23:29","date_gmt":"2015-12-21T17:23:29","guid":{"rendered":"https:\/\/lesvoyagesdechantaletmaurice.wordpress.com\/?page_id=25"},"modified":"2020-03-29T17:26:05","modified_gmt":"2020-03-29T15:26:05","slug":"drake-uvita","status":"publish","type":"page","link":"https:\/\/lesvoyagesdechantaletmaurice.fr\/?page_id=25","title":{"rendered":"Jour 12 et 13 _ Parc du Corcovado"},"content":{"rendered":"<p><strong>Jeudi 17 mars, Manuel Antonio &#8211; Drake Bay<\/strong><\/p>\n<p>D\u00e9part de Manuel Antonio apr\u00e8s un bon petit d\u00e9jeuner, 2h00 de route pour aller \u00e0 Sierpe ou nous devons prendre le Bateau pour Drake Bay ou notre h\u00f4tel Cabinas Manolo nous attends.<\/p>\n<p>D\u00e9part pour 1h de bateau tout d\u2019abord sur une rivi\u00e8re et ensuite en pleine mer, arriv\u00e9 sur la plage ou des ticos nous attendent pour nous aider \u00e0 descendre du bateau sur le bord de la plage, donc, enlever les chaussures pour sauter dans l\u2019eau. Ensuite un ticos nous emm\u00e8ne \u00e0 l\u2019h\u00f4tel, un h\u00f4tel super sympa, sans aucune intimit\u00e9 mais tr\u00e8s joli et spacieux.<\/p>\n<p><img loading=\"lazy\" decoding=\"async\" class=\"alignnone size-medium wp-image-2325\" src=\"http:\/\/lesvoyagesdechantaletmaurice.fr\/wp-content\/uploads\/2020\/03\/DSC02453-300x225.jpg\" alt=\"\" width=\"300\" height=\"225\" srcset=\"https:\/\/lesvoyagesdechantaletmaurice.fr\/wp-content\/uploads\/2020\/03\/DSC02453-300x225.jpg 300w, https:\/\/lesvoyagesdechantaletmaurice.fr\/wp-content\/uploads\/2020\/03\/DSC02453-1024x768.jpg 1024w, https:\/\/lesvoyagesdechantaletmaurice.fr\/wp-content\/uploads\/2020\/03\/DSC02453-768x576.jpg 768w, https:\/\/lesvoyagesdechantaletmaurice.fr\/wp-content\/uploads\/2020\/03\/DSC02453-1536x1152.jpg 1536w, https:\/\/lesvoyagesdechantaletmaurice.fr\/wp-content\/uploads\/2020\/03\/DSC02453-2048x1536.jpg 2048w, https:\/\/lesvoyagesdechantaletmaurice.fr\/wp-content\/uploads\/2020\/03\/DSC02453-685x514.jpg 685w, https:\/\/lesvoyagesdechantaletmaurice.fr\/wp-content\/uploads\/2020\/03\/DSC02453-2000x1500.jpg 2000w\" sizes=\"(max-width: 300px) 100vw, 300px\" \/><\/p>\n<p>Apr\u00e8s-midi tranquille, petite balade sur la plage pour aller jusqu\u2019au village. Arr\u00eat dans un soda pour manger une portion de frites et un bi\u00e8re en attendant ce soir pour un bon restaurant et Dodo.<\/p>\n<p><strong>Vendredi 18 mars, Drake Bay<\/strong><\/p>\n<p>D\u00e9part 5h45 pour une grosse journ\u00e9e, visite du parc de Corcovado jusqu\u2019\u00e0 13h00.<\/p>\n<p>Petit d\u00e9jeuner \u00e0 l\u2019h\u00f4tel, mais comme le Costaricain est tr\u00e8s lent (et pourtant pas fain\u00e9ant) nous attendons, c\u2019est typique, il vient te demander ce que tu souhaites alors que tu n\u2019es m\u00eame pas assis et apr\u00e8s tu attends minimum 20 minutes pour \u00eatre servit, quand tu le sais tu prends les devants&#8230;!!!!<\/p>\n<p>Donc, d\u00e9part de la plage pour le parc Corcovado et en petit bateau, tu remontes le short, tu enl\u00e8ves tes chaussures. 1h15 de bateau en pleine mer pour aller \u00e0 un endroit du parc, celui-ci faisant 60km de long\u00a0!!!<\/p>\n<p>La visite commence par la plage, traces sur le sable d\u2019un Tapir que nous verrons plus loin couch\u00e9 (surement fatigu\u00e9), je n\u2019avais jamais vu de tapir aussi gros, d\u2019ailleurs je n\u2019en ai jamais vu \u00e0 part peut-\u00eatre dans un par cet c\u2019\u00e9tait le petit ray\u00e9. Ensuite, nous verrons des singes titi, des capucins, des oiseaux, des coatis, des araign\u00e9es.<\/p>\n<p><img loading=\"lazy\" decoding=\"async\" class=\"alignnone size-medium wp-image-2332\" src=\"http:\/\/lesvoyagesdechantaletmaurice.fr\/wp-content\/uploads\/2020\/03\/DSC02472-300x225.jpg\" alt=\"\" width=\"300\" height=\"225\" srcset=\"https:\/\/lesvoyagesdechantaletmaurice.fr\/wp-content\/uploads\/2020\/03\/DSC02472-300x225.jpg 300w, https:\/\/lesvoyagesdechantaletmaurice.fr\/wp-content\/uploads\/2020\/03\/DSC02472-1024x768.jpg 1024w, https:\/\/lesvoyagesdechantaletmaurice.fr\/wp-content\/uploads\/2020\/03\/DSC02472-768x576.jpg 768w, https:\/\/lesvoyagesdechantaletmaurice.fr\/wp-content\/uploads\/2020\/03\/DSC02472-1536x1152.jpg 1536w, https:\/\/lesvoyagesdechantaletmaurice.fr\/wp-content\/uploads\/2020\/03\/DSC02472-2048x1536.jpg 2048w, https:\/\/lesvoyagesdechantaletmaurice.fr\/wp-content\/uploads\/2020\/03\/DSC02472-685x514.jpg 685w, https:\/\/lesvoyagesdechantaletmaurice.fr\/wp-content\/uploads\/2020\/03\/DSC02472-2000x1500.jpg 2000w\" sizes=\"(max-width: 300px) 100vw, 300px\" \/> <img loading=\"lazy\" decoding=\"async\" class=\"alignnone size-medium wp-image-2329\" src=\"http:\/\/lesvoyagesdechantaletmaurice.fr\/wp-content\/uploads\/2020\/03\/DSC02460-300x225.jpg\" alt=\"\" width=\"300\" height=\"225\" srcset=\"https:\/\/lesvoyagesdechantaletmaurice.fr\/wp-content\/uploads\/2020\/03\/DSC02460-300x225.jpg 300w, https:\/\/lesvoyagesdechantaletmaurice.fr\/wp-content\/uploads\/2020\/03\/DSC02460-1024x768.jpg 1024w, https:\/\/lesvoyagesdechantaletmaurice.fr\/wp-content\/uploads\/2020\/03\/DSC02460-768x576.jpg 768w, https:\/\/lesvoyagesdechantaletmaurice.fr\/wp-content\/uploads\/2020\/03\/DSC02460-1536x1152.jpg 1536w, https:\/\/lesvoyagesdechantaletmaurice.fr\/wp-content\/uploads\/2020\/03\/DSC02460-2048x1536.jpg 2048w, https:\/\/lesvoyagesdechantaletmaurice.fr\/wp-content\/uploads\/2020\/03\/DSC02460-685x514.jpg 685w, https:\/\/lesvoyagesdechantaletmaurice.fr\/wp-content\/uploads\/2020\/03\/DSC02460-2000x1500.jpg 2000w\" sizes=\"(max-width: 300px) 100vw, 300px\" \/> <img loading=\"lazy\" decoding=\"async\" class=\"alignnone size-medium wp-image-2330\" src=\"http:\/\/lesvoyagesdechantaletmaurice.fr\/wp-content\/uploads\/2020\/03\/DSC02463-300x225.jpg\" alt=\"\" width=\"300\" height=\"225\" srcset=\"https:\/\/lesvoyagesdechantaletmaurice.fr\/wp-content\/uploads\/2020\/03\/DSC02463-300x225.jpg 300w, https:\/\/lesvoyagesdechantaletmaurice.fr\/wp-content\/uploads\/2020\/03\/DSC02463-1024x768.jpg 1024w, https:\/\/lesvoyagesdechantaletmaurice.fr\/wp-content\/uploads\/2020\/03\/DSC02463-768x576.jpg 768w, https:\/\/lesvoyagesdechantaletmaurice.fr\/wp-content\/uploads\/2020\/03\/DSC02463-1536x1152.jpg 1536w, https:\/\/lesvoyagesdechantaletmaurice.fr\/wp-content\/uploads\/2020\/03\/DSC02463-2048x1536.jpg 2048w, https:\/\/lesvoyagesdechantaletmaurice.fr\/wp-content\/uploads\/2020\/03\/DSC02463-685x514.jpg 685w, https:\/\/lesvoyagesdechantaletmaurice.fr\/wp-content\/uploads\/2020\/03\/DSC02463-2000x1500.jpg 2000w\" sizes=\"(max-width: 300px) 100vw, 300px\" \/> <img loading=\"lazy\" decoding=\"async\" class=\"alignnone size-medium wp-image-2333\" src=\"http:\/\/lesvoyagesdechantaletmaurice.fr\/wp-content\/uploads\/2020\/03\/DSC02478-300x225.jpg\" alt=\"Coati\" width=\"300\" height=\"225\" srcset=\"https:\/\/lesvoyagesdechantaletmaurice.fr\/wp-content\/uploads\/2020\/03\/DSC02478-300x225.jpg 300w, https:\/\/lesvoyagesdechantaletmaurice.fr\/wp-content\/uploads\/2020\/03\/DSC02478-1024x768.jpg 1024w, https:\/\/lesvoyagesdechantaletmaurice.fr\/wp-content\/uploads\/2020\/03\/DSC02478-768x576.jpg 768w, https:\/\/lesvoyagesdechantaletmaurice.fr\/wp-content\/uploads\/2020\/03\/DSC02478-1536x1152.jpg 1536w, https:\/\/lesvoyagesdechantaletmaurice.fr\/wp-content\/uploads\/2020\/03\/DSC02478-2048x1536.jpg 2048w, https:\/\/lesvoyagesdechantaletmaurice.fr\/wp-content\/uploads\/2020\/03\/DSC02478-685x514.jpg 685w, https:\/\/lesvoyagesdechantaletmaurice.fr\/wp-content\/uploads\/2020\/03\/DSC02478-2000x1500.jpg 2000w\" sizes=\"(max-width: 300px) 100vw, 300px\" \/> <img loading=\"lazy\" decoding=\"async\" class=\"alignnone size-medium wp-image-2334\" src=\"http:\/\/lesvoyagesdechantaletmaurice.fr\/wp-content\/uploads\/2020\/03\/DSC02513-300x225.jpg\" alt=\"Tapir\" width=\"300\" height=\"225\" srcset=\"https:\/\/lesvoyagesdechantaletmaurice.fr\/wp-content\/uploads\/2020\/03\/DSC02513-300x225.jpg 300w, https:\/\/lesvoyagesdechantaletmaurice.fr\/wp-content\/uploads\/2020\/03\/DSC02513-1024x768.jpg 1024w, https:\/\/lesvoyagesdechantaletmaurice.fr\/wp-content\/uploads\/2020\/03\/DSC02513-768x576.jpg 768w, https:\/\/lesvoyagesdechantaletmaurice.fr\/wp-content\/uploads\/2020\/03\/DSC02513-1536x1152.jpg 1536w, https:\/\/lesvoyagesdechantaletmaurice.fr\/wp-content\/uploads\/2020\/03\/DSC02513-2048x1536.jpg 2048w, https:\/\/lesvoyagesdechantaletmaurice.fr\/wp-content\/uploads\/2020\/03\/DSC02513-685x514.jpg 685w, https:\/\/lesvoyagesdechantaletmaurice.fr\/wp-content\/uploads\/2020\/03\/DSC02513-2000x1500.jpg 2000w\" sizes=\"(max-width: 300px) 100vw, 300px\" \/><\/p>\n<p>Retour \u00e0 l\u2019h\u00f4tel \u00e0 14h00, douche et hop \u00e0 la plage pour une bonne baignade.<\/p>\n<p>Repas et Dodo, la journ\u00e9e a \u00e9t\u00e9 charg\u00e9e en \u00e9motions.<\/p>\n","protected":false},"excerpt":{"rendered":"<p>Jeudi 17 mars, Manuel Antonio &#8211; Drake Bay D\u00e9part de Manuel Antonio apr\u00e8s un bon petit d\u00e9jeuner, 2h00 de route pour aller \u00e0 Sierpe ou nous devons prendre le Bateau pour Drake Bay ou notre h\u00f4tel Cabinas Manolo nous attends. D\u00e9part pour 1h de bateau tout d\u2019abord sur une rivi\u00e8re et ensuite en pleine mer, &hellip; <a href=\"https:\/\/lesvoyagesdechantaletmaurice.fr\/?page_id=25\" class=\"more-link\">Lire la suite <span class=\"screen-reader-text\">Jour 12 et 13 _ Parc du Corcovado<\/span><\/a><\/p>\n","protected":false},"author":1,"featured_media":0,"parent":623,"menu_order":7,"comment_status":"open","ping_status":"closed","template":"","meta":{"spay_email":"","footnotes":""},"_links":{"self":[{"href":"https:\/\/lesvoyagesdechantaletmaurice.fr\/index.php?rest_route=\/wp\/v2\/pages\/25"}],"collection":[{"href":"https:\/\/lesvoyagesdechantaletmaurice.fr\/index.php?rest_route=\/wp\/v2\/pages"}],"about":[{"href":"https:\/\/lesvoyagesdechantaletmaurice.fr\/index.php?rest_route=\/wp\/v2\/types\/page"}],"author":[{"embeddable":true,"href":"https:\/\/lesvoyagesdechantaletmaurice.fr\/index.php?rest_route=\/wp\/v2\/users\/1"}],"replies":[{"embeddable":true,"href":"https:\/\/lesvoyagesdechantaletmaurice.fr\/index.php?rest_route=%2Fwp%2Fv2%2Fcomments&post=25"}],"version-history":[{"count":3,"href":"https:\/\/lesvoyagesdechantaletmaurice.fr\/index.php?rest_route=\/wp\/v2\/pages\/25\/revisions"}],"predecessor-version":[{"id":2343,"href":"https:\/\/lesvoyagesdechantaletmaurice.fr\/index.php?rest_route=\/wp\/v2\/pages\/25\/revisions\/2343"}],"up":[{"embeddable":true,"href":"https:\/\/lesvoyagesdechantaletmaurice.fr\/index.php?rest_route=\/wp\/v2\/pages\/623"}],"wp:attachment":[{"href":"https:\/\/lesvoyagesdechantaletmaurice.fr\/index.php?rest_route=%2Fwp%2Fv2%2Fmedia&parent=25"}],"curies":[{"name":"wp","href":"https:\/\/api.w.org\/{rel}","templated":true}]}}