{"id":21,"date":"2015-12-21T18:21:41","date_gmt":"2015-12-21T17:21:41","guid":{"rendered":"https:\/\/lesvoyagesdechantaletmaurice.wordpress.com\/?page_id=21"},"modified":"2020-03-29T15:53:28","modified_gmt":"2020-03-29T13:53:28","slug":"monte-verde-manuel-antonio","status":"publish","type":"page","link":"https:\/\/lesvoyagesdechantaletmaurice.fr\/?page_id=21","title":{"rendered":"Jour 8 et 9 _ Mont\u00e9verd\u00e9"},"content":{"rendered":"<p>D\u00e9part de la Fortuna avec ce regret de ne pas avoir pu faire le volcan \u00e0 cause de la pluie. Sur la route en arrivant vers le site, on se t\u00e2te encore si \u00e7a ne valait pas le coup de le faire m\u00eame si la pluie mena\u00e7ait. A 20 m\u00e8tres de l&rsquo;entr\u00e9e, ont d\u00e9cident de le faire, apr\u00e8s tous les K-Way sont dans le sac \u00e0 dos<\/p>\n<div id='gallery-1' class='gallery galleryid-21 gallery-columns-3 gallery-size-thumbnail'><figure class='gallery-item'>\n\t\t\t<div class='gallery-icon landscape'>\n\t\t\t\t<a href='https:\/\/lesvoyagesdechantaletmaurice.fr\/?attachment_id=252'><img loading=\"lazy\" decoding=\"async\" width=\"150\" height=\"150\" src=\"https:\/\/lesvoyagesdechantaletmaurice.fr\/wp-content\/uploads\/2016\/03\/dsc01967-150x150.jpg\" class=\"attachment-thumbnail size-thumbnail\" alt=\"\" \/><\/a>\n\t\t\t<\/div><\/figure><figure class='gallery-item'>\n\t\t\t<div class='gallery-icon portrait'>\n\t\t\t\t<a href='https:\/\/lesvoyagesdechantaletmaurice.fr\/?attachment_id=253'><img loading=\"lazy\" decoding=\"async\" width=\"150\" height=\"150\" src=\"https:\/\/lesvoyagesdechantaletmaurice.fr\/wp-content\/uploads\/2016\/03\/dsc01972-150x150.jpg\" class=\"attachment-thumbnail size-thumbnail\" alt=\"\" \/><\/a>\n\t\t\t<\/div><\/figure><figure class='gallery-item'>\n\t\t\t<div class='gallery-icon '>\n\t\t\t\t<a href='https:\/\/lesvoyagesdechantaletmaurice.fr\/?attachment_id=254'><img loading=\"lazy\" decoding=\"async\" width=\"1\" height=\"1\" src=\"https:\/\/lesvoyagesdechantaletmaurice.fr\/wp-content\/uploads\/2016\/03\/dsc01973.jpg\" class=\"attachment-thumbnail size-thumbnail\" alt=\"\" \/><\/a>\n\t\t\t<\/div><\/figure>\n\t\t<\/div>\n\n<p>On reprend la route pour 2 autres heures et le paysage change de minute en minute, d\u00e9j\u00e0 le temps s\u2019\u00e9claircie de plus en plus, ensuite il y moins de verdure touffue et plus de fleurs, des couleurs. A prendre des photos quand soudain je remarque sur l\u2019autre arbre une masse qui me fait penser \u00e0 un singe, je zoom le plus possible avec mon appareil photo et bingo, c\u2019est bien un singe hurleur !!! Suis trop forte.<\/p>\n<figure id=\"attachment_2288\" aria-describedby=\"caption-attachment-2288\" style=\"width: 300px\" class=\"wp-caption alignnone\"><img loading=\"lazy\" decoding=\"async\" class=\"wp-image-2288 size-medium\" src=\"http:\/\/lesvoyagesdechantaletmaurice.fr\/wp-content\/uploads\/2020\/03\/DSC02029-300x225.jpg\" alt=\"\" width=\"300\" height=\"225\" srcset=\"https:\/\/lesvoyagesdechantaletmaurice.fr\/wp-content\/uploads\/2020\/03\/DSC02029-300x225.jpg 300w, https:\/\/lesvoyagesdechantaletmaurice.fr\/wp-content\/uploads\/2020\/03\/DSC02029-1024x768.jpg 1024w, https:\/\/lesvoyagesdechantaletmaurice.fr\/wp-content\/uploads\/2020\/03\/DSC02029-768x576.jpg 768w, https:\/\/lesvoyagesdechantaletmaurice.fr\/wp-content\/uploads\/2020\/03\/DSC02029-1536x1152.jpg 1536w, https:\/\/lesvoyagesdechantaletmaurice.fr\/wp-content\/uploads\/2020\/03\/DSC02029-2048x1536.jpg 2048w, https:\/\/lesvoyagesdechantaletmaurice.fr\/wp-content\/uploads\/2020\/03\/DSC02029-685x514.jpg 685w, https:\/\/lesvoyagesdechantaletmaurice.fr\/wp-content\/uploads\/2020\/03\/DSC02029-2000x1500.jpg 2000w\" sizes=\"(max-width: 300px) 100vw, 300px\" \/><figcaption id=\"caption-attachment-2288\" class=\"wp-caption-text\"><strong>Singe hurleur<\/strong><\/figcaption><\/figure>\n<p>On d\u00e9cide de s\u2019arr\u00eater dans un soda pour manger, on s\u2019installe et notre table donne sur le lac Arenal. Un perchoir avec des fruits attire des oiseaux. Chaque oiseau \u00e0 des couleurs diff\u00e9rentes et que c\u2019est beau.<\/p>\n<p><img loading=\"lazy\" decoding=\"async\" class=\"alignnone size-medium wp-image-2290\" src=\"http:\/\/lesvoyagesdechantaletmaurice.fr\/wp-content\/uploads\/2020\/03\/DSC02039-300x225.jpg\" alt=\"\" width=\"300\" height=\"225\" srcset=\"https:\/\/lesvoyagesdechantaletmaurice.fr\/wp-content\/uploads\/2020\/03\/DSC02039-300x225.jpg 300w, https:\/\/lesvoyagesdechantaletmaurice.fr\/wp-content\/uploads\/2020\/03\/DSC02039-1024x768.jpg 1024w, https:\/\/lesvoyagesdechantaletmaurice.fr\/wp-content\/uploads\/2020\/03\/DSC02039-768x576.jpg 768w, https:\/\/lesvoyagesdechantaletmaurice.fr\/wp-content\/uploads\/2020\/03\/DSC02039-1536x1152.jpg 1536w, https:\/\/lesvoyagesdechantaletmaurice.fr\/wp-content\/uploads\/2020\/03\/DSC02039-2048x1536.jpg 2048w, https:\/\/lesvoyagesdechantaletmaurice.fr\/wp-content\/uploads\/2020\/03\/DSC02039-685x514.jpg 685w, https:\/\/lesvoyagesdechantaletmaurice.fr\/wp-content\/uploads\/2020\/03\/DSC02039-2000x1500.jpg 2000w\" sizes=\"(max-width: 300px) 100vw, 300px\" \/> <img loading=\"lazy\" decoding=\"async\" class=\"alignnone size-medium wp-image-2291\" src=\"http:\/\/lesvoyagesdechantaletmaurice.fr\/wp-content\/uploads\/2020\/03\/DSC02050-300x225.jpg\" alt=\"\" width=\"300\" height=\"225\" srcset=\"https:\/\/lesvoyagesdechantaletmaurice.fr\/wp-content\/uploads\/2020\/03\/DSC02050-300x225.jpg 300w, https:\/\/lesvoyagesdechantaletmaurice.fr\/wp-content\/uploads\/2020\/03\/DSC02050-1024x768.jpg 1024w, https:\/\/lesvoyagesdechantaletmaurice.fr\/wp-content\/uploads\/2020\/03\/DSC02050-768x576.jpg 768w, https:\/\/lesvoyagesdechantaletmaurice.fr\/wp-content\/uploads\/2020\/03\/DSC02050-1536x1152.jpg 1536w, https:\/\/lesvoyagesdechantaletmaurice.fr\/wp-content\/uploads\/2020\/03\/DSC02050-2048x1536.jpg 2048w, https:\/\/lesvoyagesdechantaletmaurice.fr\/wp-content\/uploads\/2020\/03\/DSC02050-685x514.jpg 685w, https:\/\/lesvoyagesdechantaletmaurice.fr\/wp-content\/uploads\/2020\/03\/DSC02050-2000x1500.jpg 2000w\" sizes=\"(max-width: 300px) 100vw, 300px\" \/><\/p>\n<p>On reprend la route, quand tout \u00e0 coup Maurice freine, 2 toucans sur une branche d\u2019arbre, une pure merveille, de loin on dirait des peluches.<\/p>\n<p><img loading=\"lazy\" decoding=\"async\" class=\"alignnone size-medium wp-image-287\" src=\"https:\/\/lesvoyagesdechantaletmaurice.files.wordpress.com\/2015\/12\/dsc02053.jpg\" alt=\"DSC02053\" width=\"3648\" height=\"2736\" \/><\/p>\n<p>Il nous reste 30 kms \u00e0 faire mais pas des moindre, on quitte la route pour un chemin de terre avec des trous et des pierres, heureusement que nous avons un 4\/4.<\/p>\n<p>Nous arrivons \u00e0 notre h\u00f4tel, enfin plut\u00f4t une chambre d\u2019h\u00f4te, Michelle et Guy nous accueille, ce sont des Belges qui depuis 36 ans habite au Costa Rica. Elle nous propose \u00e0 2 minutes de chez elle d\u2019aller visiter une boutique artisanale ou le couple, l\u2019un travaille le bois et fabrique toute sorte de plat ou soucoupes et elle, elle fait des boucles d\u2019oreilles, des bracelets etc\u2026 En plus, il s\u2019occupe de leur jardin que Jos\u00e9 Luis fait visiter avec bonheur, il y a des dizaines d&rsquo;orchid\u00e9es diff\u00e9rentes, des fleurs de toutes les formes et toutes les couleurs, il nous fait go\u00fbter une petite feuille de s\u00e9via (sucre pour les diab\u00e9tiques) que c\u2019est bon, ensuite de la canne \u00e0 sucre et pour finir une grosse amande. On termine la visite par son atelier ou il nous propose d\u2019essayer sa machine pour le bois. Il est tr\u00e8s fier de ce qu\u2019il fait et surtout aime son m\u00e9tier.<\/p>\n<p><img loading=\"lazy\" decoding=\"async\" class=\"alignnone size-medium wp-image-2292\" src=\"http:\/\/lesvoyagesdechantaletmaurice.fr\/wp-content\/uploads\/2020\/03\/DSC02129-300x225.jpg\" alt=\"\" width=\"300\" height=\"225\" srcset=\"https:\/\/lesvoyagesdechantaletmaurice.fr\/wp-content\/uploads\/2020\/03\/DSC02129-300x225.jpg 300w, https:\/\/lesvoyagesdechantaletmaurice.fr\/wp-content\/uploads\/2020\/03\/DSC02129-1024x768.jpg 1024w, https:\/\/lesvoyagesdechantaletmaurice.fr\/wp-content\/uploads\/2020\/03\/DSC02129-768x576.jpg 768w, https:\/\/lesvoyagesdechantaletmaurice.fr\/wp-content\/uploads\/2020\/03\/DSC02129-1536x1152.jpg 1536w, https:\/\/lesvoyagesdechantaletmaurice.fr\/wp-content\/uploads\/2020\/03\/DSC02129-2048x1536.jpg 2048w, https:\/\/lesvoyagesdechantaletmaurice.fr\/wp-content\/uploads\/2020\/03\/DSC02129-685x514.jpg 685w, https:\/\/lesvoyagesdechantaletmaurice.fr\/wp-content\/uploads\/2020\/03\/DSC02129-2000x1500.jpg 2000w\" sizes=\"(max-width: 300px) 100vw, 300px\" \/><\/p>\n<p><strong>Lundi 14 mars, d\u00e9part pour la r\u00e9serve de\u00a0CURI-CANCHA<\/strong><\/p>\n<p>Michelle et Guy qui nous accueillent dans leur cabinas sont des Belges qui depuis 36 ans habite au Costa Rica, ils sont tr\u00e8s gentils, pr\u00eat \u00e0 vous tout pour vous aider et surtout vous \u00eatre agr\u00e9able. Michelle nous avait propos\u00e9e de r\u00e9server notre guide pour visiter la r\u00e9serve CURI-CANCHA le matin et les tyrolienne l\u2019apr\u00e8s-midi. Et \u00e7a nous arrangeait bien !!!<\/p>\n<p>Nous nous levons t\u00f4t, \u00e0 5h30 pour se pr\u00e9parer et aller d\u00e9jeuner pour 6H30, mais un peu avant, Michelle m\u2019avait dit qu\u2019elle donnait des fruits et du pain aux oiseaux et qu\u2019ils \u00e9taient une trentaine \u00e0 venir, donc \u00e0 6h15 nous nous approchons et effectivement des oiseaux de toutes sortes arrivent.<\/p>\n<p>A 7h00 nous partons pour la r\u00e9serve de Curi-Cancha, le guide Danelo nous attend pour 7h30. \u00a0C\u2019est un guide dynamique, plein d\u2019humour mais surtout qui connait son travail. Au d\u00e9part il nous demande nos attente pour cette visite, chacun dit son d\u00e9sir, moi c\u2019est le quetzal, un autre a dit le Toucan et un autre des oiseaux bien color\u00e9s. Il y avait un seul souci, dans notre groupe 4 fran\u00e7ais, 2 allemands, 3 canadien, le guide ne parle que l\u2019anglais et l\u2019espagnol, chacun donne sa pr\u00e9f\u00e9rence, je suis la seule \u00e0 demander espagnol, donc 8 contre 1, Maurice me traduira. La canadienne est venue me dire en fran\u00e7ais qu\u2019elle \u00e9tait bilingue et que s\u2019il y avait quelque chose que je ne comprenais pas elle me le traduirait. Au bout d\u2019un moment je n\u2019avais m\u00eame plus besoin de lui demander, elle traduisait de suite.<\/p>\n<figure id=\"attachment_2300\" aria-describedby=\"caption-attachment-2300\" style=\"width: 225px\" class=\"wp-caption alignnone\"><img loading=\"lazy\" decoding=\"async\" class=\"wp-image-2300 size-medium\" src=\"http:\/\/lesvoyagesdechantaletmaurice.fr\/wp-content\/uploads\/2020\/03\/IMG_4228-225x300.jpg\" alt=\"\" width=\"225\" height=\"300\" srcset=\"https:\/\/lesvoyagesdechantaletmaurice.fr\/wp-content\/uploads\/2020\/03\/IMG_4228-225x300.jpg 225w, https:\/\/lesvoyagesdechantaletmaurice.fr\/wp-content\/uploads\/2020\/03\/IMG_4228-768x1024.jpg 768w, https:\/\/lesvoyagesdechantaletmaurice.fr\/wp-content\/uploads\/2020\/03\/IMG_4228-1152x1536.jpg 1152w, https:\/\/lesvoyagesdechantaletmaurice.fr\/wp-content\/uploads\/2020\/03\/IMG_4228-1536x2048.jpg 1536w, https:\/\/lesvoyagesdechantaletmaurice.fr\/wp-content\/uploads\/2020\/03\/IMG_4228-685x913.jpg 685w, https:\/\/lesvoyagesdechantaletmaurice.fr\/wp-content\/uploads\/2020\/03\/IMG_4228-2000x2667.jpg 2000w, https:\/\/lesvoyagesdechantaletmaurice.fr\/wp-content\/uploads\/2020\/03\/IMG_4228-scaled.jpg 1920w\" sizes=\"(max-width: 225px) 100vw, 225px\" \/><figcaption id=\"caption-attachment-2300\" class=\"wp-caption-text\">Quetzal<\/figcaption><\/figure>\n<p><img loading=\"lazy\" decoding=\"async\" class=\"alignnone size-medium wp-image-2298\" src=\"http:\/\/lesvoyagesdechantaletmaurice.fr\/wp-content\/uploads\/2020\/03\/IMG_0313-225x300.jpg\" alt=\"\" width=\"225\" height=\"300\" srcset=\"https:\/\/lesvoyagesdechantaletmaurice.fr\/wp-content\/uploads\/2020\/03\/IMG_0313-225x300.jpg 225w, https:\/\/lesvoyagesdechantaletmaurice.fr\/wp-content\/uploads\/2020\/03\/IMG_0313-768x1024.jpg 768w, https:\/\/lesvoyagesdechantaletmaurice.fr\/wp-content\/uploads\/2020\/03\/IMG_0313-1152x1536.jpg 1152w, https:\/\/lesvoyagesdechantaletmaurice.fr\/wp-content\/uploads\/2020\/03\/IMG_0313-685x913.jpg 685w, https:\/\/lesvoyagesdechantaletmaurice.fr\/wp-content\/uploads\/2020\/03\/IMG_0313.jpg 1536w\" sizes=\"(max-width: 225px) 100vw, 225px\" \/> <img loading=\"lazy\" decoding=\"async\" class=\"alignnone size-medium wp-image-2299\" src=\"http:\/\/lesvoyagesdechantaletmaurice.fr\/wp-content\/uploads\/2020\/03\/IMG_4219-225x300.jpg\" alt=\"\" width=\"225\" height=\"300\" srcset=\"https:\/\/lesvoyagesdechantaletmaurice.fr\/wp-content\/uploads\/2020\/03\/IMG_4219-225x300.jpg 225w, https:\/\/lesvoyagesdechantaletmaurice.fr\/wp-content\/uploads\/2020\/03\/IMG_4219-768x1024.jpg 768w, https:\/\/lesvoyagesdechantaletmaurice.fr\/wp-content\/uploads\/2020\/03\/IMG_4219-1152x1536.jpg 1152w, https:\/\/lesvoyagesdechantaletmaurice.fr\/wp-content\/uploads\/2020\/03\/IMG_4219-1536x2048.jpg 1536w, https:\/\/lesvoyagesdechantaletmaurice.fr\/wp-content\/uploads\/2020\/03\/IMG_4219-685x913.jpg 685w, https:\/\/lesvoyagesdechantaletmaurice.fr\/wp-content\/uploads\/2020\/03\/IMG_4219-2000x2667.jpg 2000w, https:\/\/lesvoyagesdechantaletmaurice.fr\/wp-content\/uploads\/2020\/03\/IMG_4219-scaled.jpg 1920w\" sizes=\"(max-width: 225px) 100vw, 225px\" \/> <img loading=\"lazy\" decoding=\"async\" class=\"alignnone size-medium wp-image-2297\" src=\"http:\/\/lesvoyagesdechantaletmaurice.fr\/wp-content\/uploads\/2020\/03\/DSC02179-300x225.jpg\" alt=\"\" width=\"300\" height=\"225\" srcset=\"https:\/\/lesvoyagesdechantaletmaurice.fr\/wp-content\/uploads\/2020\/03\/DSC02179-300x225.jpg 300w, https:\/\/lesvoyagesdechantaletmaurice.fr\/wp-content\/uploads\/2020\/03\/DSC02179-1024x768.jpg 1024w, https:\/\/lesvoyagesdechantaletmaurice.fr\/wp-content\/uploads\/2020\/03\/DSC02179-768x576.jpg 768w, https:\/\/lesvoyagesdechantaletmaurice.fr\/wp-content\/uploads\/2020\/03\/DSC02179-1536x1152.jpg 1536w, https:\/\/lesvoyagesdechantaletmaurice.fr\/wp-content\/uploads\/2020\/03\/DSC02179-2048x1536.jpg 2048w, https:\/\/lesvoyagesdechantaletmaurice.fr\/wp-content\/uploads\/2020\/03\/DSC02179-685x514.jpg 685w, https:\/\/lesvoyagesdechantaletmaurice.fr\/wp-content\/uploads\/2020\/03\/DSC02179-2000x1500.jpg 2000w\" sizes=\"(max-width: 300px) 100vw, 300px\" \/> <img loading=\"lazy\" decoding=\"async\" class=\"alignnone size-medium wp-image-2301\" src=\"http:\/\/lesvoyagesdechantaletmaurice.fr\/wp-content\/uploads\/2020\/03\/IMG_4231-225x300.jpg\" alt=\"\" width=\"225\" height=\"300\" srcset=\"https:\/\/lesvoyagesdechantaletmaurice.fr\/wp-content\/uploads\/2020\/03\/IMG_4231-225x300.jpg 225w, https:\/\/lesvoyagesdechantaletmaurice.fr\/wp-content\/uploads\/2020\/03\/IMG_4231-768x1024.jpg 768w, https:\/\/lesvoyagesdechantaletmaurice.fr\/wp-content\/uploads\/2020\/03\/IMG_4231-1152x1536.jpg 1152w, https:\/\/lesvoyagesdechantaletmaurice.fr\/wp-content\/uploads\/2020\/03\/IMG_4231-1536x2048.jpg 1536w, https:\/\/lesvoyagesdechantaletmaurice.fr\/wp-content\/uploads\/2020\/03\/IMG_4231-685x913.jpg 685w, https:\/\/lesvoyagesdechantaletmaurice.fr\/wp-content\/uploads\/2020\/03\/IMG_4231-2000x2667.jpg 2000w, https:\/\/lesvoyagesdechantaletmaurice.fr\/wp-content\/uploads\/2020\/03\/IMG_4231-scaled.jpg 1920w\" sizes=\"(max-width: 225px) 100vw, 225px\" \/><img loading=\"lazy\" decoding=\"async\" class=\"alignnone size-medium wp-image-2296\" src=\"http:\/\/lesvoyagesdechantaletmaurice.fr\/wp-content\/uploads\/2020\/03\/DSC02169-300x225.jpg\" alt=\"\" width=\"300\" height=\"225\" srcset=\"https:\/\/lesvoyagesdechantaletmaurice.fr\/wp-content\/uploads\/2020\/03\/DSC02169-300x225.jpg 300w, https:\/\/lesvoyagesdechantaletmaurice.fr\/wp-content\/uploads\/2020\/03\/DSC02169-1024x768.jpg 1024w, https:\/\/lesvoyagesdechantaletmaurice.fr\/wp-content\/uploads\/2020\/03\/DSC02169-768x576.jpg 768w, https:\/\/lesvoyagesdechantaletmaurice.fr\/wp-content\/uploads\/2020\/03\/DSC02169-1536x1152.jpg 1536w, https:\/\/lesvoyagesdechantaletmaurice.fr\/wp-content\/uploads\/2020\/03\/DSC02169-2048x1536.jpg 2048w, https:\/\/lesvoyagesdechantaletmaurice.fr\/wp-content\/uploads\/2020\/03\/DSC02169-685x514.jpg 685w, https:\/\/lesvoyagesdechantaletmaurice.fr\/wp-content\/uploads\/2020\/03\/DSC02169-2000x1500.jpg 2000w\" sizes=\"(max-width: 300px) 100vw, 300px\" \/><\/p>\n<p>Entre deux explications sur les arbres, la for\u00eat primaire, secondaire et la for\u00eat de nuage, il trouvait par un bruit des animaux. Tout le groupe a eu sa demande r\u00e9alis\u00e9e. La visite \u00e0 dur\u00e9e 4h sans nous en rendre compte.<\/p>\n<p>Retour \u00e0 l\u2019h\u00f4tel, Michelle vient discuter avec nous, elle a 70 ans, mais en parait moins et son accent ainsi que ses expressions me plaise \u00e9norm\u00e9ment. Apr\u00e8s avoir refait le monde, nous partons pour un petit repas dans un sodas avant les hostilit\u00e9s, et oui \u00e0 14h30 les tyroliennes nous attendent.<\/p>\n<p>J\u2019ai envie de le faire mais j\u2019appr\u00e9hende un peu, Maurice, lui, me dit carr\u00e9ment qu\u2019il se d\u00e9gonfle et qu\u2019il ne le fera pas. Ce n\u2019est pas grave, nous ferons les ponts suspendus. Puis revirement de situation, tout compte fait nous ferons les tyroliennes. Pour infos, 14 tyroliennes \u00e0 descendre de 50 m\u00e8tres \u00e0 la derni\u00e8re 1000 m\u00e8tres, dur\u00e9e 2h30.<\/p>\n<p>Apr\u00e8s les explications de s\u00e9curit\u00e9 nous commen\u00e7ons nos descentes, l\u2019angoisse de la premi\u00e8re descente est pass\u00e9e, je me r\u00e9gale. Pour la premi\u00e8re fois de ma vie j\u2019ai fait les tyroliennes et j\u2019adore et Maurice a surmont\u00e9 ses angoisses.<\/p>\n<p>Je ne pourrais pas mettre de photos de la tyrolienne de suite, il \u00e9tait impossible de nous prendre en photo seul, donc nous avons achet\u00e9 un CD mais il faudra attendre notre retour en France.<\/p>\n<p>Retour \u00e0 l\u2019h\u00f4tel apr\u00e8s une bonne bi\u00e8re dans un bar, coucher de soleil fabuleux.<\/p>\n<p>Repas au restaurant et dodo.<\/p>\n","protected":false},"excerpt":{"rendered":"<p>D\u00e9part de la Fortuna avec ce regret de ne pas avoir pu faire le volcan \u00e0 cause de la pluie. Sur la route en arrivant vers le site, on se t\u00e2te encore si \u00e7a ne valait pas le coup de le faire m\u00eame si la pluie mena\u00e7ait. A 20 m\u00e8tres de l&rsquo;entr\u00e9e, ont d\u00e9cident de &hellip; <a href=\"https:\/\/lesvoyagesdechantaletmaurice.fr\/?page_id=21\" class=\"more-link\">Lire la suite <span class=\"screen-reader-text\">Jour 8 et 9 _ Mont\u00e9verd\u00e9<\/span><\/a><\/p>\n","protected":false},"author":1,"featured_media":0,"parent":623,"menu_order":5,"comment_status":"open","ping_status":"closed","template":"","meta":{"spay_email":"","footnotes":""},"_links":{"self":[{"href":"https:\/\/lesvoyagesdechantaletmaurice.fr\/index.php?rest_route=\/wp\/v2\/pages\/21"}],"collection":[{"href":"https:\/\/lesvoyagesdechantaletmaurice.fr\/index.php?rest_route=\/wp\/v2\/pages"}],"about":[{"href":"https:\/\/lesvoyagesdechantaletmaurice.fr\/index.php?rest_route=\/wp\/v2\/types\/page"}],"author":[{"embeddable":true,"href":"https:\/\/lesvoyagesdechantaletmaurice.fr\/index.php?rest_route=\/wp\/v2\/users\/1"}],"replies":[{"embeddable":true,"href":"https:\/\/lesvoyagesdechantaletmaurice.fr\/index.php?rest_route=%2Fwp%2Fv2%2Fcomments&post=21"}],"version-history":[{"count":3,"href":"https:\/\/lesvoyagesdechantaletmaurice.fr\/index.php?rest_route=\/wp\/v2\/pages\/21\/revisions"}],"predecessor-version":[{"id":2308,"href":"https:\/\/lesvoyagesdechantaletmaurice.fr\/index.php?rest_route=\/wp\/v2\/pages\/21\/revisions\/2308"}],"up":[{"embeddable":true,"href":"https:\/\/lesvoyagesdechantaletmaurice.fr\/index.php?rest_route=\/wp\/v2\/pages\/623"}],"wp:attachment":[{"href":"https:\/\/lesvoyagesdechantaletmaurice.fr\/index.php?rest_route=%2Fwp%2Fv2%2Fmedia&parent=21"}],"curies":[{"name":"wp","href":"https:\/\/api.w.org\/{rel}","templated":true}]}}