{"id":2030,"date":"2015-12-21T18:17:21","date_gmt":"2015-12-21T17:17:21","guid":{"rendered":"https:\/\/lesvoyagesdechantaletmaurice.wordpress.com\/?page_id=11"},"modified":"2020-03-29T12:33:04","modified_gmt":"2020-03-29T10:33:04","slug":"lyon-alajuelo","status":"publish","type":"page","link":"https:\/\/lesvoyagesdechantaletmaurice.fr\/?page_id=2030","title":{"rendered":"Jour 1 &#8211; Lyon &#8211; Alajuela"},"content":{"rendered":"<p><strong>Jour J, Dimanche 6 mars, Lyon San Jos\u00e9<\/strong><\/p>\n<p>Nous laissons notre petit cocon pour une ballade de 15 jours au Costa Rica, mais quelle balade !!!<\/p>\n<p>R\u00e9veil 3h30, autant dire que j\u2019ai dormi 3h seulement, \u00e0 minuit j\u2019\u00e9tais encore devant ma valise \u00e0 sortir, remettre du linge, je prends \u00e7a et puis non c\u2019est de trop. A minuit 30 je vais me coucher en surv\u00eatement, \u00e7a ne vaut plus la peine que je me mette en pyjama, j\u2019ai gagn\u00e9 3 minutes, c\u2019est \u00e9norme\u00a0!!!<\/p>\n<p>4h10 d\u00e9part de la maison, il neige et \u00e7a tient, on passe prendre Greg, mon gendre, qui nous emm\u00e8ne \u00e0 l\u2019a\u00e9roport.<\/p>\n<p>4h45, arriv\u00e9 \u00e0 St Exup\u00e9ry.<\/p>\n<p><img loading=\"lazy\" decoding=\"async\" class=\"alignnone size-medium wp-image-566\" src=\"https:\/\/lesvoyagesdechantaletmaurice.files.wordpress.com\/2015\/12\/20160306_055736.jpg\" alt=\"20160306_055736\" width=\"2592\" height=\"1944\" \/><\/p>\n<p style=\"text-align: center;\"><em>Salle d&#8217;embarquement A\u00e9roport St Exup\u00e9ry<\/em><\/p>\n<p>7h00 Nous sommes dans l\u2019avion pour la premi\u00e8re \u00e9tape de 1h15 jusqu\u2019\u00e0 Francfort. Oui mais, \u00e7a commence bien, 15 minutes de retard.<\/p>\n<p>On a 1h45 pour trouver le terminal B et la porte 22, entre temps on s\u2019arr\u00eate au stand Lufthansa pour demander s\u2019il est possible de prendre la classe sup\u00e9rieure et \u00e0 quel prix. Petite apart\u00e9, toutes les personnes rencontr\u00e9es \u00e0 Frankfort nous ont dit ne pas parler n\u2019y comprendre le fran\u00e7ais, g\u00e9niale \u00e7a commence bien, on baragouine en anglais donc, la jeune fille charg\u00e9e de nous renseigner pour le business class a fait une greffe du sourire qui a compl\u00e8tement rat\u00e9 et a essay\u00e9 l\u2019\u00e9cole du rire en nous annon\u00e7ant le tarif de 1787 Euros de suppl\u00e9ment pour l\u2019aller !!! J\u2019ai cru que j\u2019allais m\u2019\u00e9touffer !!! J\u2019ai quand m\u00eame regard\u00e9 autour de moi si ce n\u2019\u00e9tait pas une cam\u00e9ra cach\u00e9e !!! On d\u00e9cide de garder nos places en classe \u00e9conomique, on n\u2019est pas des am\u00e9ricains quand m\u00eame !!!<\/p>\n<p>10h15, d\u00e9part pour Panama City, 20 minutes de retard mais ce n\u2019est pas grave, l\u2019escale est de 6 heures (je sens que je vais adorer !!!).<\/p>\n<p><img loading=\"lazy\" decoding=\"async\" class=\"alignnone size-medium wp-image-567\" src=\"https:\/\/lesvoyagesdechantaletmaurice.files.wordpress.com\/2015\/12\/20160306_092129.jpg\" alt=\"20160306_092129\" width=\"5312\" height=\"2988\" \/><\/p>\n<p>Nous voil\u00e0 parti pour 12 heures de vol (une peccadille !!!) 7550 Kms.<\/p>\n<p>J\u2019ai regard\u00e9 3 films, Le voyage d\u2019Arlo (trop beau), le nouveau stagiaire avec R. De Niro (un r\u00e9gal) et Steve Jobs (bien mais un peu long). Nous avons eu le droit \u00e0 l\u2019ap\u00e9ritif avec petit sachet de sal\u00e9s, le repas, salade verte, poulet, pur\u00e9e, carottes, camembert et part de g\u00e2teau au fruits rouge, le go\u00fbter (sachet de brownies) et le tout accompagn\u00e9 d\u2019une boisson au choix, vers 20h00 on mange \u00e0 nouveau, ravioli \u00e0 la tomate et des courgettes et un flan au caramel.<\/p>\n<p>Arriv\u00e9 \u00e0 Panama \u00e0 16h20, heure locale (France 22h20) on a 6h00 de d\u00e9calage avec le Panama. On d\u00e9cide d\u2019aller boire un coup, on commande 2 bi\u00e8res on nous ram\u00e8ne un demi litre de bi\u00e8re, ils ne connaissent pas la 25cl.<\/p>\n<p><img loading=\"lazy\" decoding=\"async\" class=\"aligncenter size-medium wp-image-440\" src=\"https:\/\/lesvoyagesdechantaletmaurice.files.wordpress.com\/2015\/12\/img_4118.jpg\" alt=\"IMG_4118\" width=\"271\" height=\"362\" \/><\/p>\n<p>Pendant 6h je secoue ma montre, le temps ne passe pas et impossible de dormir.<\/p>\n<p><img loading=\"lazy\" decoding=\"async\" class=\"aligncenter size-medium wp-image-441\" src=\"https:\/\/lesvoyagesdechantaletmaurice.files.wordpress.com\/2015\/12\/img_4119.jpg\" alt=\"IMG_4119\" width=\"311\" height=\"233\" \/><\/p>\n<p>22h00, enfin on nous annonce notre avion porte 23B, comme un zombi je monte dans le bus qui nous am\u00e8ne \u00e0 notre Boeing 747 de la AVIANCA,<\/p>\n<p>Mais\u00a0!!! mais\u00a0!!! On m\u2019a tromp\u00e9, c\u2019est un vieux coucou avec des h\u00e9lices et je peux dire qu\u2019on entend bien le moteur. Bon, ce n\u2019est pas grave, \u00e7a dure que 2h.<\/p>\n<p><img loading=\"lazy\" decoding=\"async\" class=\"aligncenter size-medium wp-image-85\" src=\"https:\/\/lesvoyagesdechantaletmaurice.files.wordpress.com\/2015\/12\/dsc01538.jpg\" alt=\"DSC01538\" width=\"389\" height=\"292\" \/><\/p>\n<p>Arriv\u00e9e \u00e0 l&rsquo;a\u00e9roport San Jos\u00e9 : 23H00, il y en a qui vont dire que je me suis tromp\u00e9e, ou l\u2019avion est parti 1 heure avant ou le trajet ne durait que 1 heure et bien figurez-vous qu\u2019entre la France et le Panama il y \u00e0 6h de d\u00e9calage et entre la France et le Costa Rica il y en a 7, voil\u00e0 vous avez compris, donc \u00e7a, c\u2019est r\u00e9gl\u00e9.<\/p>\n<p>Donc, arriv\u00e9 \u00e0 San Jos\u00e9, une personne nous attend avec une pancarte (Cervellin Maurice, la classe !!! LOL) pour nous amener \u00e0 notre premier h\u00f4tel \u00ab\u00a0Chez Pierre Ville\u00a0\u00bb.<\/p>\n<p style=\"text-align: center;\"><strong>PURA VIDA !!!<\/strong><\/p>\n<p><img loading=\"lazy\" decoding=\"async\" class=\"aligncenter size-medium wp-image-442\" src=\"https:\/\/lesvoyagesdechantaletmaurice.files.wordpress.com\/2015\/12\/img_4120.jpg\" alt=\"IMG_4120\" width=\"367\" height=\"490\" \/><\/p>\n<p>Vite, un lit, il est minuit ici mais 7h du matin en France et \u00e7a fait 27h30 que je suis r\u00e9veill\u00e9e. Bonne nuit.<\/p>\n","protected":false},"excerpt":{"rendered":"<p>Jour J, Dimanche 6 mars, Lyon San Jos\u00e9 Nous laissons notre petit cocon pour une ballade de 15 jours au Costa Rica, mais quelle balade !!! R\u00e9veil 3h30, autant dire que j\u2019ai dormi 3h seulement, \u00e0 minuit j\u2019\u00e9tais encore devant ma valise \u00e0 sortir, remettre du linge, je prends \u00e7a et puis non c\u2019est de &hellip; <a href=\"https:\/\/lesvoyagesdechantaletmaurice.fr\/?page_id=2030\" class=\"more-link\">Lire la suite <span class=\"screen-reader-text\">Jour 1 &#8211; Lyon &#8211; Alajuela<\/span><\/a><\/p>\n","protected":false},"author":1,"featured_media":0,"parent":560,"menu_order":0,"comment_status":"open","ping_status":"closed","template":"","meta":{"spay_email":"","footnotes":""},"_links":{"self":[{"href":"https:\/\/lesvoyagesdechantaletmaurice.fr\/index.php?rest_route=\/wp\/v2\/pages\/2030"}],"collection":[{"href":"https:\/\/lesvoyagesdechantaletmaurice.fr\/index.php?rest_route=\/wp\/v2\/pages"}],"about":[{"href":"https:\/\/lesvoyagesdechantaletmaurice.fr\/index.php?rest_route=\/wp\/v2\/types\/page"}],"author":[{"embeddable":true,"href":"https:\/\/lesvoyagesdechantaletmaurice.fr\/index.php?rest_route=\/wp\/v2\/users\/1"}],"replies":[{"embeddable":true,"href":"https:\/\/lesvoyagesdechantaletmaurice.fr\/index.php?rest_route=%2Fwp%2Fv2%2Fcomments&post=2030"}],"version-history":[{"count":2,"href":"https:\/\/lesvoyagesdechantaletmaurice.fr\/index.php?rest_route=\/wp\/v2\/pages\/2030\/revisions"}],"predecessor-version":[{"id":2280,"href":"https:\/\/lesvoyagesdechantaletmaurice.fr\/index.php?rest_route=\/wp\/v2\/pages\/2030\/revisions\/2280"}],"up":[{"embeddable":true,"href":"https:\/\/lesvoyagesdechantaletmaurice.fr\/index.php?rest_route=\/wp\/v2\/pages\/560"}],"wp:attachment":[{"href":"https:\/\/lesvoyagesdechantaletmaurice.fr\/index.php?rest_route=%2Fwp%2Fv2%2Fmedia&parent=2030"}],"curies":[{"name":"wp","href":"https:\/\/api.w.org\/{rel}","templated":true}]}}