{"id":1179,"date":"2018-10-16T18:35:26","date_gmt":"2018-10-16T17:35:26","guid":{"rendered":"https:\/\/lesvoyagesdechantaletmaurice.wordpress.com\/?page_id=1179"},"modified":"2023-01-03T19:14:15","modified_gmt":"2023-01-03T18:14:15","slug":"buenos-aires-2","status":"publish","type":"page","link":"https:\/\/lesvoyagesdechantaletmaurice.fr\/?page_id=1179","title":{"rendered":"Buenos Aires 10 au 13\/11"},"content":{"rendered":"<p><strong>Samedi 10 novembre, Trelew &#8211; Buenos Aires<\/strong><\/p>\n<p>Lev\u00e9e 5h30, la nuit a \u00e9t\u00e9 courte, la veille, au restaurant de l\u2019h\u00f4tel, il y avait 2 messieurs fran\u00e7ais \u00e0 la table \u00e0 c\u00f4t\u00e9, on s\u2019est mis \u00e0 parler, ils sont de Dijon et \u00e9taient l\u00e0 depuis septembre, ils montaient une usine de briqueterie \ud83d\ude43. Ils repartent en d\u00e9cembre et font \u00e7a dans pas mal de pays. Ils \u00e9taient tr\u00e8s sympathiques donc tout le repas, c\u2019est fait en discutant ensemble.<\/p>\n<p>Le taxi sera l\u00e0 \u00e0 6h20, juste le temps de boire un caf\u00e9 et manger une tartine et on part.<\/p>\n<p>10 minutes plus tard, on arrive \u00e0 l\u2019a\u00e9roport, le temps d\u2019enregistrer nos bagages et on va dans la salle d\u2019embarquement boire un caf\u00e9 en attendant.<\/p>\n<p>Il est pr\u00e9vu 1h45 de vol, je regarde un film, le temps passe plus vite.<\/p>\n<p>\u00c0 une demi-heure de l\u2019arriv\u00e9e, les perturbations commencent et je ne me sens pas bien en plus, j\u2019ai peur \ud83d\ude31. Ce qui me r\u00e9conforte, c\u2019est que Coline, Maurice et Dominique sont comme moi.<\/p>\n<p>Plus on arrive sur Buenos Aires plus les secousses sont fortes et l\u2019atterrissage est glissant \ud83d\ude32.<\/p>\n<p>Je trouverais un autre moment pour regarder \u00e0 nouveau mon film, avec tout, \u00e7a je n\u2019ai pas tout suivi.<\/p>\n<p>Arriv\u00e9e \u00e0 Buenos Aires, il tombe des trombes d\u2019eau, tellement d\u2019eaux que les routes s\u2019engorgent rapidement et on voit d\u00e9j\u00e0 des voitures avec les roues \u00e0 moiti\u00e9 recouvertes.<\/p>\n<p><img loading=\"lazy\" decoding=\"async\" class=\"size-medium wp-image-1440\" src=\"https:\/\/lesvoyagesdechantaletmaurice.files.wordpress.com\/2018\/11\/img_0412.jpg\" width=\"4032\" height=\"3024\" \/><\/p>\n<p>Notre taxi super sympathique nous prot\u00e8ge pour sortir avec un parapluie.<\/p>\n<p>On est tremp\u00e9s mais content d\u2019arriver chez Coline.<\/p>\n<p>Un bon moment apr\u00e8s on va manger au restaurant du coin ou on est d\u00e9j\u00e0 all\u00e9, c\u2019est toujours aussi bon et copieux et le serveur tr\u00e8s agr\u00e9able.<\/p>\n<p>Entre deux averses, on prend un taxi pour aller au march\u00e9 couvert de San Telmo, on tombe sur un mal lun\u00e9 tr\u00e8s d\u00e9sagr\u00e9able et c\u2019est le seul depuis bient\u00f4t 3 semaines.<\/p>\n<p><img loading=\"lazy\" decoding=\"async\" class=\"size-medium wp-image-1442\" src=\"https:\/\/lesvoyagesdechantaletmaurice.files.wordpress.com\/2018\/11\/img_0418.jpg\" width=\"3024\" height=\"4032\" \/><\/p>\n<p>Il veut me faire payer son retour, je lui dis que je ne veux pas, tout \u00e7a dans un Espagnol moyen, mais je suis contente de moi, je n&rsquo;ai rien l\u00e2ch\u00e9 et je n\u2019ai pay\u00e9 que le prix indiqu\u00e9 \ud83d\ude1c.<\/p>\n<p>On arrive au march\u00e9 couvert, c\u2019est un m\u00e9lange de brocante, l\u00e9gumes, bar et aussi de babioles sans int\u00e9r\u00eat, mais bon, on est \u00e0 l\u2019abri, il tombe des cordes dehors.<\/p>\n<p><img loading=\"lazy\" decoding=\"async\" class=\"size-medium wp-image-1443\" src=\"https:\/\/lesvoyagesdechantaletmaurice.files.wordpress.com\/2018\/11\/img_0421.jpg\" width=\"4032\" height=\"3024\" \/><\/p>\n<p>Entre deux averses, on continue notre chemin pour aller \u00e0 la maison de Dulce de leche, une confiture de lait que les Argentins adorent et il est vrai que c\u2019est super bon.<\/p>\n<p>Une \u00e9glise, on rentre histoire de voir comment elle est dedans et l\u00e0, on voit un chien qui se prom\u00e8ne et va s\u2019allonger derri\u00e8re l\u2019h\u00f4tel, le cur\u00e9 est l\u00e0 et ne dit rien, il est peut-\u00eatre \u00e0 lui.<\/p>\n<p><img loading=\"lazy\" decoding=\"async\" class=\"size-medium wp-image-1444\" src=\"https:\/\/lesvoyagesdechantaletmaurice.files.wordpress.com\/2018\/11\/img_0422.jpg\" width=\"4032\" height=\"3024\" \/><\/p>\n<p>Pour se prot\u00e9ger un peu de la pluie, on rentre dans un bar et on voit un vieux monsieur habill\u00e9 en militaire avec le mat\u00e9riel autour de la taille comme la police faire des gestes aux voitures, aux gens, on s\u2019est demand\u00e9 s\u2019il n\u2019\u00e9tait pas un peu illumin\u00e9 et bien non, il est l\u00e0 pour garder les voitures qui se garent, en clair, il les surveille \ud83d\ude27<\/p>\n<p><img loading=\"lazy\" decoding=\"async\" class=\"size-medium wp-image-1445\" src=\"https:\/\/lesvoyagesdechantaletmaurice.files.wordpress.com\/2018\/11\/img_0432.jpg\" width=\"3024\" height=\"4032\" \/><\/p>\n<p>Retour \u00e0 la maison, cette fois-ci avec un chauffeur de taxi bien sympathique.<\/p>\n<p>On est \u00e0 la maison, on est affal\u00e9 sur le lit histoire de se reposer un peu, la journ\u00e9e a \u00e9t\u00e9 dure et ce soir, on f\u00eate l\u2019anniversaire d\u2019une des colocataires avec toute la jeunesse, il va falloir tenir le coup \ud83d\ude25.<\/p>\n<p>Demain, il annonce encore de la pluie, c\u2019est peut-\u00eatre l\u2019occasion de lever le pied, les 18 jours pass\u00e9s ont \u00e9t\u00e9 rudes.<\/p>\n<p><strong>Dimanche 11 novembre, Buenos Aires<\/strong><\/p>\n<p>Lev\u00e9e 9h30, dur dur, on s\u2019est couch\u00e9 \u00e0 1h30, mais aucun regret la soir\u00e9e avec la jeunesse \u00e9tait superbe.<\/p>\n<p>Tous ces jeunes venus des 4 coins de la France et qui ont voyag\u00e9 dans tous les coins du monde, on discute, on rit, c\u2019est un vrai partage et notre \u00e2ge ne les g\u00eane pas du tout bien au contraire.<\/p>\n<p>Si on les \u00e9coutait, il fallait encore rester, mais lever depuis 5h30 du matin, on tient plus.<\/p>\n<p>On va se coucher mais impossible de dormir avec le bruit, mais ce n\u2019est pas grave.<\/p>\n<p>Donc on se l\u00e8ve un peu fatigu\u00e9s, mais sans regret.<\/p>\n<p>Un petit-d\u00e9jeuner vite fait et on prend un taxi pour aller faire le march\u00e9 San Telmo.<\/p>\n<p>On d\u00e9ambule dans les rues o\u00f9 il y a plein de vendeurs de tout et de rien aussi \ud83e\udd2a.<\/p>\n<p><img loading=\"lazy\" decoding=\"async\" class=\"size-medium wp-image-1448\" src=\"https:\/\/lesvoyagesdechantaletmaurice.files.wordpress.com\/2018\/11\/img_0434.jpg\" width=\"3024\" height=\"4032\" \/><img loading=\"lazy\" decoding=\"async\" class=\"size-medium wp-image-1447\" src=\"https:\/\/lesvoyagesdechantaletmaurice.files.wordpress.com\/2018\/11\/img_0439.jpg\" width=\"4032\" height=\"3024\" \/><img loading=\"lazy\" decoding=\"async\" class=\"size-medium wp-image-1449\" src=\"https:\/\/lesvoyagesdechantaletmaurice.files.wordpress.com\/2018\/11\/img_0440.jpg\" width=\"4032\" height=\"3024\" \/><\/p>\n<p>On ach\u00e8te quelques souvenirs et ensuite, on se fait un petit restaurant, un peu de repos \u00e7a fait du bien.<\/p>\n<p>On reprend un taxi pour aller au cimeti\u00e8re de Ricoletta, un immense cimeti\u00e8re \u00e9quivalent \u00e0 celui du p\u00e8re Lachaise.<\/p>\n<p>On se perd dans les all\u00e9es et les caveaux sont immenses.<\/p>\n<p><img loading=\"lazy\" decoding=\"async\" class=\"size-medium wp-image-1450\" src=\"https:\/\/lesvoyagesdechantaletmaurice.files.wordpress.com\/2018\/11\/img_0443.jpg\" width=\"4032\" height=\"3024\" \/><img loading=\"lazy\" decoding=\"async\" class=\"size-medium wp-image-1451\" src=\"https:\/\/lesvoyagesdechantaletmaurice.files.wordpress.com\/2018\/11\/img_0446.jpg\" width=\"4032\" height=\"3024\" \/><\/p>\n<p>\u00c0 la sortie, un autre petit march\u00e9 artisanal, on se prend des verres de fruits frais, c\u2019est trop bon, faut dire qu\u2019il fait tr\u00e8s chaud.<\/p>\n<p>Il est 17h, on d\u00e9cide de rentrer, car \u00e0 19h30, Coline a r\u00e9serv\u00e9 une table dans un restaurant des plus cot\u00e9 de Buenos Aires \u00ab Don Julio \u00bb la sp\u00e9cialit\u00e9 est bien entendu la viande et quelle viande \ud83d\ude43.<\/p>\n<p>On nous explique tous les morceaux de viande de b\u0153uf que l\u2019on sert et la sommeli\u00e8re vient nous voir et nous parle en fran\u00e7ais, on est ravi et c\u2019est mieux pour les explications.<\/p>\n<p><img loading=\"lazy\" decoding=\"async\" class=\"size-medium wp-image-1452\" src=\"https:\/\/lesvoyagesdechantaletmaurice.files.wordpress.com\/2018\/11\/4ef3d457-805f-4f52-962f-727e66cb15f2.jpg\" width=\"1600\" height=\"900\" \/><img loading=\"lazy\" decoding=\"async\" class=\"size-medium wp-image-1453\" src=\"https:\/\/lesvoyagesdechantaletmaurice.files.wordpress.com\/2018\/11\/f3c20b46-784a-4f8f-8628-1e1d968f7e1a.jpg\" width=\"1600\" height=\"900\" \/><\/p>\n<p>Elle nous demande d\u2019o\u00f9 on vient et nous dit qu\u2019elle est voisine de chez nous, elle vient de Bourgoin-Jallieu \ud83d\ude32.<\/p>\n<p>Elle nous dit que la plus vieille bouteille dans la cave est de 1959, je lui dis que c\u2019est mon ann\u00e9e de naissance et de fil en aiguille, elle nous propose de visiter la cave.<\/p>\n<p><img loading=\"lazy\" decoding=\"async\" class=\"size-medium wp-image-1454\" src=\"https:\/\/lesvoyagesdechantaletmaurice.files.wordpress.com\/2018\/11\/img_0462.jpg\" width=\"3024\" height=\"4032\" \/><img loading=\"lazy\" decoding=\"async\" class=\"size-medium wp-image-1455\" src=\"https:\/\/lesvoyagesdechantaletmaurice.files.wordpress.com\/2018\/11\/img_0464.jpg\" width=\"3024\" height=\"4032\" \/><img loading=\"lazy\" decoding=\"async\" class=\"size-medium wp-image-1456\" src=\"https:\/\/lesvoyagesdechantaletmaurice.files.wordpress.com\/2018\/11\/img_0468.jpg\" width=\"4032\" height=\"3024\" \/><\/p>\n<p>Apr\u00e8s cette visite tr\u00e8s agr\u00e9able, on choisit notre vin sur place et on remonte pour commander notre repas.<\/p>\n<p>Un morceau de b\u0153uf de 400 grammes, avec Coline, on se le partage sinon on n&rsquo;arriverait pas au bout.<\/p>\n<p><img loading=\"lazy\" decoding=\"async\" class=\"size-medium wp-image-1457\" src=\"https:\/\/lesvoyagesdechantaletmaurice.files.wordpress.com\/2018\/11\/img_0470.jpg\" width=\"3024\" height=\"4032\" \/><img loading=\"lazy\" decoding=\"async\" class=\"size-medium wp-image-1458\" src=\"https:\/\/lesvoyagesdechantaletmaurice.files.wordpress.com\/2018\/11\/img_0471.jpg\" width=\"3024\" height=\"4032\" \/><\/p>\n<p>En l\u00e9gumes des asperges au barbecue, \u00e7a peut para\u00eetre \u00e9trange, mais c\u2019est super bon et le vin est d\u00e9licieux.<\/p>\n<p><img loading=\"lazy\" decoding=\"async\" class=\" wp-image-1459\" src=\"https:\/\/lesvoyagesdechantaletmaurice.files.wordpress.com\/2018\/11\/img_0472.jpg\" width=\"679\" height=\"905\" \/><\/p>\n<p>On a super bien mang\u00e9, il faut rentrer, mais avant une derni\u00e8re bi\u00e8re au bar du coin, il est temps d\u2019aller se coucher, demain, on va encore beaucoup marcher et le soir, il est pr\u00e9vu une d\u00e9gustation de vins.<\/p>\n\n\n<p><strong>Lundi 12 novembre, Buenos \u2013 Aires<\/strong><\/p>\n\n\n\n<p>Lev\u00e9e 9h30, et oui la fatigue se fait sentir et aujourd\u2019hui il faut commencer \u00e0 pr\u00e9parer les valises et surtout voir si le poids n\u2019est pas d\u00e9pass\u00e9.&nbsp;<\/p>\n\n\n\n<p>Une fois les valises pr\u00eates, on prend un taxi pour le travail de Coline, on va manger avec elle \u00e0 midi.&nbsp;<\/p>\n\n\n\n<p>Elle nous am\u00e8ne \u00e0 un restaurant o\u00f9 on mange des p\u00e2tes, je prends des lasagnes, succulentes.&nbsp;<\/p>\n\n\n\n<p>On se s\u00e9pare et on va faire quelques emplettes histoire de finaliser nos cadeaux.&nbsp;<\/p>\n\n\n\n<p>On a beaucoup march\u00e9, on a fait beaucoup de magasins et ensuite une petite halte pour un chocolat chaud \u00e0 Havana.&nbsp;<\/p>\n\n\n\n<p>Plus loin une petite glace et oui on ne se prive pas.&nbsp;<\/p>\n\n\n\n<p>Il est temps de rentrer et de se pr\u00e9parer pour la d\u00e9gustation de vin.&nbsp;<\/p>\n\n\n\n<p>Quatre amis de Coline viennent avec nous et une autre \u00ab Pauline \u00bb ne peut pas venir, mais elle passe nous dire au revoir, c\u2019est une jeune fille tr\u00e8s sympathique avec qui on a pris des gros fou rire.&nbsp;<\/p>\n\n\n\n<p>La d\u00e9gustation dure 2h et on rit beaucoup avec la bande de jeunes.&nbsp;<\/p>\n\n\n\n<p>Il est temps de se dire au revoir, ils veulent tous venir \u00e0 Lyon nous voir un de ces jours.&nbsp;<\/p>\n\n\n\n<p>On discute encore un peu et on va se coucher, demain, il faut se lever t\u00f4t.&nbsp;<\/p>\n\n\n\n<p><strong>Mardi 13 novembre, Buenos &#8211; Aires<\/strong><\/p>\n\n\n\n<p>Lev\u00e9e \u00e0 7h30, petit d\u00e9jeuner rapide et v\u00e9rification des valises ou du moins le poids.&nbsp;<\/p>\n\n\n\n<p>Le taxi vient \u00e0 10h, on esp\u00e8re que le v\u00e9hicule est assez grand pour mettre tous les bagages, on est parti avec 3 grosses valises et une petite et on repart avec 3 grosses valises, 2 petites et 2 sacs.&nbsp;<\/p>\n\n\n\n<p>Il est temps de partir, le taxi nous am\u00e8ne dans un premier temps au travail de Coline pour lui dire au revoir.&nbsp;<\/p>\n\n\n\n<p>On doit laisser notre fille pour je ne sait combien de temps sans la voir et c\u2019est tr\u00e8s dur, on se console en se disant qu\u2019elle est en tr\u00e8s bonne compagnie donc on part soulag\u00e9 mais tr\u00e8s triste.&nbsp;<\/p>\n\n\n\n<p>Dans le taxi pendant un long moment, on ne dit rien, on s\u00e8che nos larmes et le chauffeur est respectueux de notre chagrin et lui non plus ne nous parle pas.&nbsp;<\/p>\n\n\n\n<p>Au bout d\u2019un moment, il recommence \u00e0 nous parler et \u00e7a permet d\u2019oublier notre peine et moi, je perfectionne mon espagnol.&nbsp;<\/p>\n\n\n\n<p>Arriv\u00e9e \u00e0 l\u2019a\u00e9roport, on enregistre de suite nos bagages histoire de ne plus avoir \u00e0 les tra\u00eener et on va manger un bout.&nbsp;<\/p>\n\n\n\n<p>On passe la douane et on attend pour embarquer.&nbsp;<\/p>\n\n\n\n<p>Je profite de ce temps pour faire quelques emplettes et on rentre dans l\u2019avion.&nbsp;<\/p>\n\n\n\n<p>Voil\u00e0 notre aventure Argentine est termin\u00e9e, on a fait un tr\u00e8s beau voyage et si Coline reste encore une ann\u00e9e, on reviendra et on fera le nord, j\u2019esp\u00e8re que cette fois-ci, on pourra aller faire les chutes d\u2019Iguazu, seul regret de ce voyage.&nbsp;<\/p>\n","protected":false},"excerpt":{"rendered":"<p>Samedi 10 novembre, Trelew &#8211; Buenos Aires Lev\u00e9e 5h30, la nuit a \u00e9t\u00e9 courte, la veille, au restaurant de l\u2019h\u00f4tel, il y avait 2 messieurs fran\u00e7ais \u00e0 la table \u00e0 c\u00f4t\u00e9, on s\u2019est mis \u00e0 parler, ils sont de Dijon et \u00e9taient l\u00e0 depuis septembre, ils montaient une usine de briqueterie \ud83d\ude43. Ils repartent en &hellip; <a href=\"https:\/\/lesvoyagesdechantaletmaurice.fr\/?page_id=1179\" class=\"more-link\">Lire la suite <span class=\"screen-reader-text\">Buenos Aires 10 au 13\/11<\/span><\/a><\/p>\n","protected":false},"author":1,"featured_media":0,"parent":1151,"menu_order":0,"comment_status":"open","ping_status":"closed","template":"","meta":{"spay_email":"","footnotes":""},"_links":{"self":[{"href":"https:\/\/lesvoyagesdechantaletmaurice.fr\/index.php?rest_route=\/wp\/v2\/pages\/1179"}],"collection":[{"href":"https:\/\/lesvoyagesdechantaletmaurice.fr\/index.php?rest_route=\/wp\/v2\/pages"}],"about":[{"href":"https:\/\/lesvoyagesdechantaletmaurice.fr\/index.php?rest_route=\/wp\/v2\/types\/page"}],"author":[{"embeddable":true,"href":"https:\/\/lesvoyagesdechantaletmaurice.fr\/index.php?rest_route=\/wp\/v2\/users\/1"}],"replies":[{"embeddable":true,"href":"https:\/\/lesvoyagesdechantaletmaurice.fr\/index.php?rest_route=%2Fwp%2Fv2%2Fcomments&post=1179"}],"version-history":[{"count":5,"href":"https:\/\/lesvoyagesdechantaletmaurice.fr\/index.php?rest_route=\/wp\/v2\/pages\/1179\/revisions"}],"predecessor-version":[{"id":2868,"href":"https:\/\/lesvoyagesdechantaletmaurice.fr\/index.php?rest_route=\/wp\/v2\/pages\/1179\/revisions\/2868"}],"up":[{"embeddable":true,"href":"https:\/\/lesvoyagesdechantaletmaurice.fr\/index.php?rest_route=\/wp\/v2\/pages\/1151"}],"wp:attachment":[{"href":"https:\/\/lesvoyagesdechantaletmaurice.fr\/index.php?rest_route=%2Fwp%2Fv2%2Fmedia&parent=1179"}],"curies":[{"name":"wp","href":"https:\/\/api.w.org\/{rel}","templated":true}]}}