{"id":1177,"date":"2018-10-16T18:34:38","date_gmt":"2018-10-16T17:34:38","guid":{"rendered":"https:\/\/lesvoyagesdechantaletmaurice.wordpress.com\/?page_id=1177"},"modified":"2023-01-02T19:30:30","modified_gmt":"2023-01-02T18:30:30","slug":"iguazu","status":"publish","type":"page","link":"https:\/\/lesvoyagesdechantaletmaurice.fr\/?page_id=1177","title":{"rendered":"Trelew 08 au 09\/11"},"content":{"rendered":"<p><strong>Vendredi 9 novembre, Trelew<\/strong><\/p>\n<p>Lev\u00e9e 7h30, un bon petit d\u00e9jeuner et on part pour Punta Tombo, 2h de route.<\/p>\n<p>Je ne suis pas de bonne humeur, la gr\u00e8ve m\u2019a g\u00e2ch\u00e9 un peu la fin de mon voyage, on a mis tellement de temps \u00e0 le pr\u00e9parer.<\/p>\n<p>Au fil de la journ\u00e9e, j\u2019arrive un peu \u00e0 oublier cette m\u00e9saventure.<\/p>\n<p>A notre arriv\u00e9e au parc national, on voit des Guanacos qui traversent la route caillouteuse.<\/p>\n<p>21 kilom\u00e8tres de route non goudronn\u00e9e, c\u2019est long.<\/p>\n<p>Arriv\u00e9e au parc, un arr\u00eat caf\u00e9 et ensuite on entre dans la r\u00e9serve, le garde nous demande d\u2019o\u00f9 on vient et nous dit \u00ab il reste encore des Fran\u00e7ais en France, je ne vois que des Fran\u00e7ais depuis tout \u00e0 l\u2019heure \u00bb\ud83d\ude02<\/p>\n<p>Ensuite, il nous explique les r\u00e8gles \u00e0 respecter et qu\u2019il y a 1,5 km pour arriver au bout donc autant pour revenir \ud83d\ude25.<\/p>\n<p>Il demande \u00e0 Coline o\u00f9 elle a appris l\u2019espagnol et lui dit qu\u2019elle le parle tr\u00e8s bien, depuis le d\u00e9but du voyage, les gens lui posent tous la m\u00eame question\ud83d\ude0a<\/p>\n<p>Nous voil\u00e0 parti pour voir des pingouins de plus pr\u00e8s, en chemin il y a aussi des Guanacos qui font bon m\u00e9nage avec les pingouins.<\/p>\n<p>Une pancarte attire notre attention\ud83d\ude27.<\/p>\n<p><img loading=\"lazy\" decoding=\"async\" class=\"alignnone size-medium wp-image-1419\" src=\"https:\/\/lesvoyagesdechantaletmaurice.files.wordpress.com\/2018\/11\/dsc06843.jpg?w=685\" width=\"685\" height=\"514\" \/><\/p>\n<p>Plus loin, on remarque qu\u2019effectivement, ils sont prioritaires pour passer, ils ne sont pas rapides, regardent \u00e0 droite et \u00e0 gauche et traversent le chemin et toi, tu attends.<\/p>\n<p>Il y en a partout, beaucoup ont creus\u00e9 des trous sous un petit arbuste et dorment, on a m\u00eame vu des \u0153ufs.<\/p>\n<p><img loading=\"lazy\" decoding=\"async\" class=\"alignnone size-medium wp-image-1422\" src=\"https:\/\/lesvoyagesdechantaletmaurice.files.wordpress.com\/2018\/11\/dsc06855.jpg?w=685\" width=\"685\" height=\"514\" \/><\/p>\n<p>On continue notre chemin, le ballet des oiseaux aussi est superbe.<\/p>\n<p><img loading=\"lazy\" decoding=\"async\" class=\"alignnone size-medium wp-image-1426\" src=\"https:\/\/lesvoyagesdechantaletmaurice.files.wordpress.com\/2018\/11\/dsc06828.jpg?w=685\" width=\"685\" height=\"514\" \/><img loading=\"lazy\" decoding=\"async\" class=\"alignnone size-medium wp-image-1430\" src=\"https:\/\/lesvoyagesdechantaletmaurice.files.wordpress.com\/2018\/11\/dsc06835.jpg?w=685\" width=\"685\" height=\"514\" \/><img loading=\"lazy\" decoding=\"async\" class=\"alignnone size-medium wp-image-1429\" src=\"https:\/\/lesvoyagesdechantaletmaurice.files.wordpress.com\/2018\/11\/dsc06831.jpg?w=685\" width=\"685\" height=\"514\" \/><img loading=\"lazy\" decoding=\"async\" class=\"alignnone size-medium wp-image-1428\" src=\"https:\/\/lesvoyagesdechantaletmaurice.files.wordpress.com\/2018\/11\/dsc06829.jpg?w=685\" width=\"685\" height=\"514\" \/><\/p>\n<p>Plus on avance et plus il y a de pingouins, on arrive vers la mer et l\u00e0 certains se baignent et surtout cherchent du poisson.<\/p>\n<p><img loading=\"lazy\" decoding=\"async\" class=\"alignnone size-medium wp-image-1423\" src=\"https:\/\/lesvoyagesdechantaletmaurice.files.wordpress.com\/2018\/11\/dsc06858.jpg?w=685\" width=\"685\" height=\"514\" \/><\/p>\n<p>Une fois la balade termin\u00e9e, il est d\u00e9j\u00e0 13h, il est temps de manger, la marche \u00e7a creuse.<\/p>\n<p>On prend le chemin du retour, car il faut rendre la voiture \u00e0 l\u2019a\u00e9roport \u00e0 16h et ce n\u2019est pas gagn\u00e9 avec ces routes en mauvais \u00e9tat.<\/p>\n<p>On arrive \u00e0 l\u2019a\u00e9roport avec 30 minutes de retard et il ne nous fait pas payer l\u2019heure suppl\u00e9mentaire, on en profite pour v\u00e9rifier que les avions partent bien, il ne faudrait pas que la gr\u00e8ve recommence \ud83d\ude32.<\/p>\n<p>On prend un taxi pour retourner \u00e0 l\u2019h\u00f4tel, faire une petite pause et on part faire le centre-ville.<\/p>\n<p>Trelew est une ville non-touristique et on ressent bien l\u2019Am\u00e9rique latine, c\u2019est pauvre, mais au coin d\u2019une rue, tu peux les \u00e9couter jouer, chanter et les gens danses.<\/p>\n<p>Il fait tr\u00e8s frais le soir, mais \u00e7a nous donne envie de s\u2019asseoir \u00e0 la terrasse d\u2019un caf\u00e9 et de les regarder.<\/p>\n<p><img loading=\"lazy\" decoding=\"async\" class=\"size-medium wp-image-1436\" src=\"https:\/\/lesvoyagesdechantaletmaurice.files.wordpress.com\/2018\/11\/img_0408.jpg\" width=\"4032\" height=\"3024\" \/><\/p>\n<p>Il est temps de rentrer \u00e0 l\u2019h\u00f4tel et en chemin, on en profite pour regarder les magasins.<\/p>\n<p>Un peu de repos avant d\u2019aller manger au restaurant de l\u2019h\u00f4tel qui est excellent et pas tr\u00e8s cher et ensuite, on va se coucher, demain, il faut se lever \u00e0 5h pour prendre l\u2019avion qui doit nous amener \u00e0 Buenos Aires o\u00f9 bient\u00f4t notre aventure Argentine va se terminer, mais il nous reste encore 3 jours.<\/p>\n","protected":false},"excerpt":{"rendered":"<p>Vendredi 9 novembre, Trelew Lev\u00e9e 7h30, un bon petit d\u00e9jeuner et on part pour Punta Tombo, 2h de route. Je ne suis pas de bonne humeur, la gr\u00e8ve m\u2019a g\u00e2ch\u00e9 un peu la fin de mon voyage, on a mis tellement de temps \u00e0 le pr\u00e9parer. Au fil de la journ\u00e9e, j\u2019arrive un peu \u00e0 &hellip; <a href=\"https:\/\/lesvoyagesdechantaletmaurice.fr\/?page_id=1177\" class=\"more-link\">Lire la suite <span class=\"screen-reader-text\">Trelew 08 au 09\/11<\/span><\/a><\/p>\n","protected":false},"author":1,"featured_media":0,"parent":1151,"menu_order":0,"comment_status":"open","ping_status":"closed","template":"","meta":{"spay_email":"","footnotes":""},"_links":{"self":[{"href":"https:\/\/lesvoyagesdechantaletmaurice.fr\/index.php?rest_route=\/wp\/v2\/pages\/1177"}],"collection":[{"href":"https:\/\/lesvoyagesdechantaletmaurice.fr\/index.php?rest_route=\/wp\/v2\/pages"}],"about":[{"href":"https:\/\/lesvoyagesdechantaletmaurice.fr\/index.php?rest_route=\/wp\/v2\/types\/page"}],"author":[{"embeddable":true,"href":"https:\/\/lesvoyagesdechantaletmaurice.fr\/index.php?rest_route=\/wp\/v2\/users\/1"}],"replies":[{"embeddable":true,"href":"https:\/\/lesvoyagesdechantaletmaurice.fr\/index.php?rest_route=%2Fwp%2Fv2%2Fcomments&post=1177"}],"version-history":[{"count":4,"href":"https:\/\/lesvoyagesdechantaletmaurice.fr\/index.php?rest_route=\/wp\/v2\/pages\/1177\/revisions"}],"predecessor-version":[{"id":2862,"href":"https:\/\/lesvoyagesdechantaletmaurice.fr\/index.php?rest_route=\/wp\/v2\/pages\/1177\/revisions\/2862"}],"up":[{"embeddable":true,"href":"https:\/\/lesvoyagesdechantaletmaurice.fr\/index.php?rest_route=\/wp\/v2\/pages\/1151"}],"wp:attachment":[{"href":"https:\/\/lesvoyagesdechantaletmaurice.fr\/index.php?rest_route=%2Fwp%2Fv2%2Fmedia&parent=1177"}],"curies":[{"name":"wp","href":"https:\/\/api.w.org\/{rel}","templated":true}]}}