{"id":1173,"date":"2018-10-16T18:33:39","date_gmt":"2018-10-16T17:33:39","guid":{"rendered":"https:\/\/lesvoyagesdechantaletmaurice.wordpress.com\/?page_id=1173"},"modified":"2023-01-02T18:47:20","modified_gmt":"2023-01-02T17:47:20","slug":"ushuaia","status":"publish","type":"page","link":"https:\/\/lesvoyagesdechantaletmaurice.fr\/?page_id=1173","title":{"rendered":"Ushua\u00efa 02 au 04\/11"},"content":{"rendered":"<p><strong>Vendredi 2 novembre, El Calafate &#8211; Ushuaia<\/strong><\/p>\n<p>Lev\u00e9e \u00e0 5h30, le taxi arrive \u00e0 6h30 pour nous amener \u00e0 l\u2019a\u00e9roport direction Ushua\u00efa.<\/p>\n<p>Tout est pr\u00eat, le taxi arrive, hop, on descend les bagages, on ferme la porte et hop on monte dans le taxi, il faut mettre les cl\u00e9s dans la bo\u00eete aux lettres, Coline nous demande si on est s\u00fbr de n\u2019avoir rien oubli\u00e9, nous \u00ab non \u00bb. Ok, elle met les cl\u00e9s dans la bo\u00eete, monte dans la voiture, le taxi commence \u00e0 passer la premi\u00e8re et l\u00e0 Coline dit \u00ab j\u2019ai oubli\u00e9 mon chargeur d\u2019appareil photo \u00bb\ud83d\ude24.<\/p>\n<p>Et comment on fait maintenant, on ne peut plus prendre les cl\u00e9s, le gars du taxi est super sympathique, il attend et rit.<\/p>\n<p>Coline commence \u00e0 t\u00e9l\u00e9phoner au propri\u00e9taire et Maurice cherche quelque chose pour essayer de les attraper, le propri\u00e9taire dit qu\u2019il va arriver dans 10 minutes et tout d\u2019un coup Maurice trouve un petit bout de fil de fer et Mac Gyver nous a sauv\u00e9.<\/p>\n<p>Coline explique au propri\u00e9taire qu\u2019il est inutile de venir et le taxi rit encore.<\/p>\n<p>Tout est bon, on a perdu 10 minutes, il faut maintenant les rattraper, le taxi rattrape vite le temps perdu, il roule \u00e0 140\ud83d\ude29.<\/p>\n<p>Nous voil\u00e0 arriv\u00e9s \u00e0 l\u2019a\u00e9roport sains et sauf\ud83e\udd2a.<\/p>\n<p>Le temps de prendre un caf\u00e9 et nous embarquons pour le bout du monde, Ushuaia \ud83e\udd29.<\/p>\n<p>On arrive, on est \u00e9mu, on se trouve au bout du monde, un r\u00eave depuis tr\u00e8s longtemps qui se r\u00e9alise.<\/p>\n<p><img loading=\"lazy\" decoding=\"async\" class=\"size-medium wp-image-1310\" src=\"https:\/\/lesvoyagesdechantaletmaurice.files.wordpress.com\/2018\/11\/img_9969.jpg\" width=\"2720\" height=\"1711\" \/><\/p>\n<p>Un taxi pour nous emmener \u00e0 notre nouvelle maison.<\/p>\n<p><img loading=\"lazy\" decoding=\"async\" class=\"size-medium wp-image-1311\" src=\"https:\/\/lesvoyagesdechantaletmaurice.files.wordpress.com\/2018\/11\/img_9970.jpg\" width=\"4032\" height=\"3024\" \/><\/p>\n<p>Belle surprise, une superbe vue sur le canal de Beagle \ud83d\ude0d, la ma\u00eetresse de maison nous fait visiter et nous explique le fonctionnement, il y a tout, il ne reste plus qu\u2019\u00e0 faire quelques courses et le supermarch\u00e9 est \u00e0 200 m\u00e8tres.<\/p>\n<p>Une fois les courses faites, on part prendre un bus qui nous am\u00e8ne au centre-ville et on mange dans un restaurant assez bizarre.<\/p>\n<p><img loading=\"lazy\" decoding=\"async\" class=\"size-medium wp-image-1314\" src=\"https:\/\/lesvoyagesdechantaletmaurice.files.wordpress.com\/2018\/11\/img_9978.jpg\" width=\"4032\" height=\"3024\" \/><img loading=\"lazy\" decoding=\"async\" class=\"size-medium wp-image-1313\" src=\"https:\/\/lesvoyagesdechantaletmaurice.files.wordpress.com\/2018\/11\/img_9975.jpg\" width=\"4032\" height=\"3024\" \/><\/p>\n<p>Le ventre plein, on va \u00e0 l\u2019office du tourisme se renseigner un peu et on se fait tamponner notre passeport, la classe.<\/p>\n<p><img loading=\"lazy\" decoding=\"async\" class=\"size-medium wp-image-1315\" src=\"https:\/\/lesvoyagesdechantaletmaurice.files.wordpress.com\/2018\/11\/da3ecd29-0f45-4ac7-8915-0dc164c48524.jpg\" width=\"777\" height=\"1600\" \/><\/p>\n<p><img loading=\"lazy\" decoding=\"async\" class=\"size-medium wp-image-1324\" src=\"https:\/\/lesvoyagesdechantaletmaurice.files.wordpress.com\/2018\/11\/fe752265-b5dd-46ad-a9a2-aef915498c69.jpg\" width=\"1600\" height=\"777\" \/><\/p>\n<p>Dans un premier temps, on prend le bus touristique qui nous fait visiter la ville et nous am\u00e8ne en haut d\u2019une colline pour avoir un point de vue et prendre des photos.<\/p>\n<p><img loading=\"lazy\" decoding=\"async\" class=\"size-medium wp-image-1318\" src=\"https:\/\/lesvoyagesdechantaletmaurice.files.wordpress.com\/2018\/11\/img_9992.jpg\" width=\"4032\" height=\"3024\" \/><img loading=\"lazy\" decoding=\"async\" class=\"size-medium wp-image-1317\" src=\"https:\/\/lesvoyagesdechantaletmaurice.files.wordpress.com\/2018\/11\/img_9996.jpg\" width=\"4032\" height=\"3024\" \/><img loading=\"lazy\" decoding=\"async\" class=\"size-medium wp-image-1316\" src=\"https:\/\/lesvoyagesdechantaletmaurice.files.wordpress.com\/2018\/11\/img_9998.jpg\" width=\"4032\" height=\"3024\" \/><img loading=\"lazy\" decoding=\"async\" class=\"size-medium wp-image-1319\" src=\"https:\/\/lesvoyagesdechantaletmaurice.files.wordpress.com\/2018\/11\/img_9999.jpg\" width=\"4032\" height=\"3024\" \/><\/p>\n<p>Ensuite, on visite le mus\u00e9e du bagne, de la marine et de l\u2019Antarctique.<\/p>\n<p><img loading=\"lazy\" decoding=\"async\" class=\"size-medium wp-image-1312\" src=\"https:\/\/lesvoyagesdechantaletmaurice.files.wordpress.com\/2018\/11\/b2896a8a-96de-4ed1-9403-5dcddd0e98af.jpg\" width=\"777\" height=\"1600\" \/><\/p>\n<p>Depuis 5h30 ce matin, on commence \u00e0 fatiguer, il est temps de rentrer se reposer, demain nous attend encore une belle journ\u00e9e bien remplie, le petit train du bout du monde et apr\u00e8s une balade de 4h00 en bateau pour aller voir des oiseaux exotiques et des pingouins sur le canal de Beagle, g\u00e9nial.<\/p>\n<p><strong>Samedi 3 novembre, Ushuaia<\/strong><\/p>\n<p>Lev\u00e9e \u00e0 7h30, je n\u2019arrive plus \u00e0 dormir et j\u2019ai tr\u00e8s bien dormi.<\/p>\n<p>Le lever du soleil est beau\ud83d\ude2c<\/p>\n<p><img loading=\"lazy\" decoding=\"async\" class=\"size-medium wp-image-1326\" src=\"https:\/\/lesvoyagesdechantaletmaurice.files.wordpress.com\/2018\/11\/e122dabc-ee7f-43ed-8cc4-9b806a6faec1.jpg\" width=\"777\" height=\"1600\" \/><\/p>\n<p>Ce matin, c\u2019est cool, on d\u00e9jeune tranquillement puisque notre sortie est pr\u00e9vue \u00e0 16h00 pour aller voir les pingouins, les lions de mer et les oiseaux, donc on en profite pour \u00e9crire nos cartes postales, pour ma part je n\u2019\u00e9cris que 4 cartes, juste \u00e0 mes petits-enfants \u00e0 qui j\u2019envoie une carte dans chaque pays o\u00f9 on va, histoire qu\u2019ils aient plus tard des souvenirs.<\/p>\n<p>Petit b\u00e9mol quand m\u00eame, le timbre pour l\u2019Europe vaut 135 pesos donc 3,32 \u20ac, mais le mieux c\u2019est qu\u2019ils n\u2019ont pas de timbres de 135 donc ils te donnent l\u2019\u00e9quivalent et tu te trouves \u00e0 coller des fois 6 timbres\ud83e\udd2a et en plus, on a \u00e9t\u00e9 oblig\u00e9 d\u2019acheter un tube de colle parce que les timbres ne collent pas \ud83e\udd28, les enveloppes non plus d\u2019ailleurs.<\/p>\n<p><img loading=\"lazy\" decoding=\"async\" class=\"size-medium wp-image-1328\" src=\"https:\/\/lesvoyagesdechantaletmaurice.files.wordpress.com\/2018\/11\/394bdd1e-a5ad-45ae-a499-8483497f2acf.jpg\" width=\"777\" height=\"1600\" \/><\/p>\n<p>A 11h00, on d\u00e9marre, on prend le bus pour aller en ville, il faut faire quelques achats et oui je tiens aussi \u00e0 amener \u00e0 mes petits-enfants des tee-shirts de l\u2019endroit o\u00f9 je suis et bien s\u00fbr un autre petit quelque chose du pays.<\/p>\n<p>Une fois les achats finis, il est l\u2019heure d\u2019aller se restaurer, on trouve un restaurant qui cuisine du crabe royal, c\u2019est une des sp\u00e9cialit\u00e9s d\u2019Ushuaia.<\/p>\n<p><img loading=\"lazy\" decoding=\"async\" class=\"size-medium wp-image-1329\" src=\"https:\/\/lesvoyagesdechantaletmaurice.files.wordpress.com\/2018\/11\/img_0030.jpg\" width=\"3024\" height=\"4032\" \/><img loading=\"lazy\" decoding=\"async\" class=\"size-medium wp-image-1330\" src=\"https:\/\/lesvoyagesdechantaletmaurice.files.wordpress.com\/2018\/11\/img_0031.jpg\" width=\"3024\" height=\"4032\" \/><\/p>\n<p>On retourne au syndicat d\u2019initiative pour coller nos timbres et surtout, on voulait le tampon d\u2019Ushuaia sur la carte.<\/p>\n<p>Il est l\u2019heure d\u2019aller vers le bateau pour notre balade sur le canal de Beagle.<\/p>\n<p><img loading=\"lazy\" decoding=\"async\" class=\"size-medium wp-image-1337\" src=\"https:\/\/lesvoyagesdechantaletmaurice.files.wordpress.com\/2018\/11\/img_0039.jpg\" width=\"4032\" height=\"3024\" \/><img loading=\"lazy\" decoding=\"async\" class=\"size-medium wp-image-1338\" src=\"https:\/\/lesvoyagesdechantaletmaurice.files.wordpress.com\/2018\/11\/img_0042.jpg\" width=\"3024\" height=\"4032\" \/><\/p>\n<p>Le bateau d\u00e9marre et nous emm\u00e8ne vers les lions de mer et des centaines d\u2019oiseaux, les lions de mer sont toujours en train de dormir et de temps en temps l\u00e8vent la t\u00eate et pousse un cri assez rauque.<\/p>\n<p><img loading=\"lazy\" decoding=\"async\" class=\"size-medium wp-image-1333\" src=\"https:\/\/lesvoyagesdechantaletmaurice.files.wordpress.com\/2018\/11\/img_0062.jpg\" width=\"4032\" height=\"3024\" \/><img loading=\"lazy\" decoding=\"async\" class=\"size-medium wp-image-1331\" src=\"https:\/\/lesvoyagesdechantaletmaurice.files.wordpress.com\/2018\/11\/img_0050.jpg\" width=\"4032\" height=\"3024\" \/><img loading=\"lazy\" decoding=\"async\" class=\"size-medium wp-image-1332\" src=\"https:\/\/lesvoyagesdechantaletmaurice.files.wordpress.com\/2018\/11\/img_0061.jpg\" width=\"4032\" height=\"3024\" \/><\/p>\n<p>Quand on \u00e9tait au Gal\u00e1pagos, on en avait vu des dizaines et des dizaines, \u00e0 part que leurs odeurs sont fortes et d\u00e9sagr\u00e9ables, moi, j\u2019adore les regarder.<\/p>\n<p>On repart pour une heure de navigation, les pingouins sont beaucoup plus loin.<\/p>\n<p>A 10 minutes de l\u2019arriv\u00e9e, on sort pour \u00eatre aux premi\u00e8res loges en arrivant, seulement le bateau va plus vite et le vent nous glace, mais peu importe, on reste.<\/p>\n<p>A l\u2019arriv\u00e9e, j\u2019ai bien cru que je n\u2019arriverais pas \u00e0 prendre de photos tellement j\u2019avais les mains gel\u00e9es.<\/p>\n<p><img loading=\"lazy\" decoding=\"async\" class=\"size-medium wp-image-1341\" src=\"https:\/\/lesvoyagesdechantaletmaurice.files.wordpress.com\/2018\/11\/b1a2837b-222c-4d7a-90d3-597da42877df.jpg\" width=\"777\" height=\"1600\" \/><\/p>\n<p>Ils sont trop mignons, je les ai photographi\u00e9s ou du moins mitraill\u00e9s.<\/p>\n<p><img loading=\"lazy\" decoding=\"async\" class=\"size-medium wp-image-1336\" src=\"https:\/\/lesvoyagesdechantaletmaurice.files.wordpress.com\/2018\/11\/img_0084.jpg\" width=\"3024\" height=\"4032\" \/><img loading=\"lazy\" decoding=\"async\" class=\"size-medium wp-image-1335\" src=\"https:\/\/lesvoyagesdechantaletmaurice.files.wordpress.com\/2018\/11\/img_0074.jpg\" width=\"4032\" height=\"3024\" \/><img loading=\"lazy\" decoding=\"async\" class=\"size-medium wp-image-1334\" src=\"https:\/\/lesvoyagesdechantaletmaurice.files.wordpress.com\/2018\/11\/img_0067.jpg\" width=\"4032\" height=\"3024\" \/><\/p>\n<p>Il est temps de rentrer dans le bateau se r\u00e9chauffer et repartir, le retour dur 1h30.<\/p>\n<p><img loading=\"lazy\" decoding=\"async\" class=\"size-medium wp-image-1340\" src=\"https:\/\/lesvoyagesdechantaletmaurice.files.wordpress.com\/2018\/11\/f1b47991-aae0-48be-8b82-00c99b8a4a88.jpg\" width=\"1600\" height=\"777\" \/><\/p>\n<p>Il est 20h30 quand on arrive \u00e0 destination, un taxi \u00e7a ira plus vite pour rentrer dans notre maison, mais pas de taxi en vue et le bus arrive avant, donc se sera le bus.<\/p>\n<p>Petite histoire avec le bus, en argentine tu peux acheter une carte qui te donne acc\u00e8s au bus, au m\u00e9tro et au tram et une carte peut servir \u00e0 d&rsquo;autres personnes et m\u00eame si tu voyages \u00e0 4, tu dis au chauffeur, 4 et il te d\u00e9bite 4 places, donc la veille nous avons pris le bus, Coline lui dit 4 places et il lui dit que normalement il faut une carte par personne pour des raisons d&rsquo;assurance, Coline lui dit qu&rsquo;elle ne savait pas et il accepte de nous prendre quand m\u00eame et il continue \u00e0 discuter avec Coline, d&rsquo;o\u00f9 elle vient, comment elle \u00e0 apprit l&rsquo;espagnol etc &#8230; Quand on descend \u00e0 notre arr\u00eat, il lui lance, je m&rsquo;appelle Marcelo, on dit merci et on sort.<\/p>\n<p>Le lendemain donc au retour du bateau, comme le taxi n&rsquo;arrivait pas, on prend le bus et sur qui on tombe, Marcelo, qui reconna\u00eet tout de suite Coline et qui nous laisse monter dans le bus sans reproche et en plus, ne nous fait payer que deux places au lieu de quatre. Etrange non !!!<\/p>\n<p>Demain il est pr\u00e9vu de faire le parc national o\u00f9 on devrait voir pas mal d\u2019animaux encore, mais pour l\u2019instant un repas l\u00e9ger et une bonne nuit \ud83d\udca4.<\/p>\n<p><strong>Dimanche 4 novembre, Ushuaia<\/strong><\/p>\n<p>Lev\u00e9e \u00e0 8h30, aujourd\u2019hui nous partons pour le parc national Tierra di Fuego.<\/p>\n<p>On prend le bus pour le centre, pour la \u00e9ni\u00e8me fois, on se rend \u00e0 l\u2019office du tourisme pour savoir comment aller voir le parc national.<\/p>\n<p>Il faut prendre le bus r\u00e9gulier qui co\u00fbte 700 pesos par personne, ensuite l\u2019entr\u00e9e du parc, 420 pesos, seulement le bus nous laisse \u00e0 un endroit pr\u00e9cis et apr\u00e8s, on se d\u00e9brouille \u00e0 pied, mais le parc est immense donc on ne pourra pas tout visiter, mais tant pis, on part.<\/p>\n<p>Quelques m\u00e8tres plus loin plusieurs taxis qui nous abordent, on demande leurs tarifs, au d\u00e9part, il s\u2019\u00e9l\u00e8ve \u00e0 2700 pesos \u00e7a fait moins cher que le bus et il nous fait visiter tout le parc et \u00e7a dure 4h.<\/p>\n<p>Coline dit au taxi que nous allons r\u00e9fl\u00e9chir et l\u00e0, il nous demande si c\u2019est le prix qui est trop \u00e9lev\u00e9, Coline en profite pour lui dire que le taxi qui nous avait ramen\u00e9s de l\u2019a\u00e9roport lui avait propos\u00e9 2200 pesos \ud83e\udd2a.<\/p>\n<p>Il nous propose de faire le m\u00eame prix, bingo, on a gagn\u00e9 600 pesos \ud83d\ude1c.<\/p>\n<p>Donc nous partons et il nous fait visiter tout le parc avec les explications.<\/p>\n<p>Sur le chemin, il nous emm\u00e8ne voir le train du bout du monde, un train \u00e0 vapeur tr\u00e8s mignon que nous ne prendrons pas, d\u00e9j\u00e0 par manque de temps et aussi, il fait faire un trop petit tour qui co\u00fbte en plus un peu cher.<\/p>\n<p><img loading=\"lazy\" decoding=\"async\" class=\"alignnone size-medium wp-image-1347\" src=\"https:\/\/lesvoyagesdechantaletmaurice.files.wordpress.com\/2018\/11\/dsc065841.jpg\" alt=\"DSC06584\" width=\"3648\" height=\"2736\" \/><\/p>\n<p><img loading=\"lazy\" decoding=\"async\" class=\"size-medium wp-image-1362\" src=\"https:\/\/lesvoyagesdechantaletmaurice.files.wordpress.com\/2018\/11\/img_0118.jpg\" width=\"3024\" height=\"4032\" \/><\/p>\n<p><img loading=\"lazy\" decoding=\"async\" class=\"alignnone size-medium wp-image-1346\" src=\"https:\/\/lesvoyagesdechantaletmaurice.files.wordpress.com\/2018\/11\/dsc06582.jpg\" alt=\"DSC06582\" width=\"3648\" height=\"2736\" \/><\/p>\n<p>Ensuite direction le parc, il y a des vues magnifiques et c\u2019est paisible.<\/p>\n<p><img loading=\"lazy\" decoding=\"async\" class=\"alignnone size-medium wp-image-1356\" src=\"https:\/\/lesvoyagesdechantaletmaurice.files.wordpress.com\/2018\/11\/dsc06628.jpg\" alt=\"DSC06628\" width=\"3648\" height=\"2736\" \/><img loading=\"lazy\" decoding=\"async\" class=\"alignnone size-medium wp-image-1353\" src=\"https:\/\/lesvoyagesdechantaletmaurice.files.wordpress.com\/2018\/11\/dsc06611.jpg\" alt=\"DSC06611\" width=\"3648\" height=\"2736\" \/><img loading=\"lazy\" decoding=\"async\" class=\"alignnone size-medium wp-image-1352\" src=\"https:\/\/lesvoyagesdechantaletmaurice.files.wordpress.com\/2018\/11\/dsc06607.jpg\" alt=\"DSC06607\" width=\"3648\" height=\"2736\" \/><img loading=\"lazy\" decoding=\"async\" class=\"alignnone size-medium wp-image-1351\" src=\"https:\/\/lesvoyagesdechantaletmaurice.files.wordpress.com\/2018\/11\/dsc06603.jpg\" alt=\"DSC06603\" width=\"3648\" height=\"2736\" \/><img loading=\"lazy\" decoding=\"async\" class=\"alignnone size-medium wp-image-1350\" src=\"https:\/\/lesvoyagesdechantaletmaurice.files.wordpress.com\/2018\/11\/dsc06599.jpg\" alt=\"DSC06599\" width=\"3648\" height=\"2736\" \/><img loading=\"lazy\" decoding=\"async\" class=\"alignnone size-medium wp-image-1349\" src=\"https:\/\/lesvoyagesdechantaletmaurice.files.wordpress.com\/2018\/11\/dsc06594.jpg\" alt=\"DSC06594\" width=\"3648\" height=\"2736\" \/><img loading=\"lazy\" decoding=\"async\" class=\"alignnone size-medium wp-image-1348\" src=\"https:\/\/lesvoyagesdechantaletmaurice.files.wordpress.com\/2018\/11\/dsc06587.jpg\" alt=\"DSC06587\" width=\"3648\" height=\"2736\" \/><img loading=\"lazy\" decoding=\"async\" class=\"alignnone size-medium wp-image-1354\" src=\"https:\/\/lesvoyagesdechantaletmaurice.files.wordpress.com\/2018\/11\/dsc06616.jpg\" alt=\"DSC06616\" width=\"3648\" height=\"2736\" \/><img loading=\"lazy\" decoding=\"async\" class=\"alignnone size-medium wp-image-1355\" src=\"https:\/\/lesvoyagesdechantaletmaurice.files.wordpress.com\/2018\/11\/dsc06627.jpg\" alt=\"DSC06627\" width=\"3648\" height=\"2736\" \/><img loading=\"lazy\" decoding=\"async\" class=\"alignnone size-medium wp-image-1344\" src=\"https:\/\/lesvoyagesdechantaletmaurice.files.wordpress.com\/2018\/11\/dsc06631.jpg\" alt=\"DSC06631\" width=\"3648\" height=\"2736\" \/><\/p>\n<p><img loading=\"lazy\" decoding=\"async\" class=\"size-medium wp-image-1364\" src=\"https:\/\/lesvoyagesdechantaletmaurice.files.wordpress.com\/2018\/11\/ee2e9a8d-bca4-48a1-9517-1dd535887bfb.jpg\" width=\"777\" height=\"1600\" \/><\/p>\n<p>De retour au centre-ville, on va boire un chocolat au Hard Rock Caf\u00e9 \ud83d\ude01. Ouais, c\u2019est assez chicos \ud83e\udd28.<\/p>\n<p><img loading=\"lazy\" decoding=\"async\" class=\"size-medium wp-image-1365\" src=\"https:\/\/lesvoyagesdechantaletmaurice.files.wordpress.com\/2018\/11\/img_0147.jpg\" width=\"4032\" height=\"3024\" \/><\/p>\n<p>Comme c\u2019est dimanche presque tous les magasins sont ferm\u00e9s, on va juste au supermarch\u00e9 acheter quelques bricoles pour le petit-d\u00e9jeuner de demain et on rentre se reposer.<\/p>\n<p>Sur le retour, on longe le canal de Beagle et des sortes de mouettes sont sur le bord du canal, ils sont beaux avec leurs becs et leurs pattes rouge.<\/p>\n<p><img loading=\"lazy\" decoding=\"async\" class=\"size-medium wp-image-1361\" src=\"https:\/\/lesvoyagesdechantaletmaurice.files.wordpress.com\/2018\/11\/img_0175.jpg\" width=\"4032\" height=\"3024\" \/><img loading=\"lazy\" decoding=\"async\" class=\"size-medium wp-image-1360\" src=\"https:\/\/lesvoyagesdechantaletmaurice.files.wordpress.com\/2018\/11\/img_0177.jpg\" width=\"4032\" height=\"3024\" \/><\/p>\n<p>On rentre juste \u00e0 temps, il pleut et apr\u00e8s la pluie un superbe arc-en-ciel.<\/p>\n<p><img loading=\"lazy\" decoding=\"async\" class=\"size-medium wp-image-1367\" src=\"https:\/\/lesvoyagesdechantaletmaurice.files.wordpress.com\/2018\/11\/2beedd6e-3f83-46f4-91f7-4f99de8b4c72.jpg\" width=\"777\" height=\"1600\" \/><\/p>\n<p>Encore une belle journ\u00e9e qui se termine et demain une autre aventure, Puerto Madryn et la P\u00e9ninsule Vald\u00e8s avec ses baleines et lions de mer, les oiseaux et avec un peu de chance, orques et dauphins.<\/p>\n<p>Il est temps d\u2019aller se coucher, \u00e0 demain \ud83d\udca4<\/p>\n\n\n<p><\/p>\n","protected":false},"excerpt":{"rendered":"<p>Vendredi 2 novembre, El Calafate &#8211; Ushuaia Lev\u00e9e \u00e0 5h30, le taxi arrive \u00e0 6h30 pour nous amener \u00e0 l\u2019a\u00e9roport direction Ushua\u00efa. Tout est pr\u00eat, le taxi arrive, hop, on descend les bagages, on ferme la porte et hop on monte dans le taxi, il faut mettre les cl\u00e9s dans la bo\u00eete aux lettres, Coline &hellip; <a href=\"https:\/\/lesvoyagesdechantaletmaurice.fr\/?page_id=1173\" class=\"more-link\">Lire la suite <span class=\"screen-reader-text\">Ushua\u00efa 02 au 04\/11<\/span><\/a><\/p>\n","protected":false},"author":1,"featured_media":0,"parent":1151,"menu_order":0,"comment_status":"open","ping_status":"closed","template":"","meta":{"spay_email":"","footnotes":""},"_links":{"self":[{"href":"https:\/\/lesvoyagesdechantaletmaurice.fr\/index.php?rest_route=\/wp\/v2\/pages\/1173"}],"collection":[{"href":"https:\/\/lesvoyagesdechantaletmaurice.fr\/index.php?rest_route=\/wp\/v2\/pages"}],"about":[{"href":"https:\/\/lesvoyagesdechantaletmaurice.fr\/index.php?rest_route=\/wp\/v2\/types\/page"}],"author":[{"embeddable":true,"href":"https:\/\/lesvoyagesdechantaletmaurice.fr\/index.php?rest_route=\/wp\/v2\/users\/1"}],"replies":[{"embeddable":true,"href":"https:\/\/lesvoyagesdechantaletmaurice.fr\/index.php?rest_route=%2Fwp%2Fv2%2Fcomments&post=1173"}],"version-history":[{"count":3,"href":"https:\/\/lesvoyagesdechantaletmaurice.fr\/index.php?rest_route=\/wp\/v2\/pages\/1173\/revisions"}],"predecessor-version":[{"id":2856,"href":"https:\/\/lesvoyagesdechantaletmaurice.fr\/index.php?rest_route=\/wp\/v2\/pages\/1173\/revisions\/2856"}],"up":[{"embeddable":true,"href":"https:\/\/lesvoyagesdechantaletmaurice.fr\/index.php?rest_route=\/wp\/v2\/pages\/1151"}],"wp:attachment":[{"href":"https:\/\/lesvoyagesdechantaletmaurice.fr\/index.php?rest_route=%2Fwp%2Fv2%2Fmedia&parent=1173"}],"curies":[{"name":"wp","href":"https:\/\/api.w.org\/{rel}","templated":true}]}}