{"id":1171,"date":"2018-10-16T18:33:07","date_gmt":"2018-10-16T17:33:07","guid":{"rendered":"https:\/\/lesvoyagesdechantaletmaurice.wordpress.com\/?page_id=1171"},"modified":"2023-01-02T18:25:55","modified_gmt":"2023-01-02T17:25:55","slug":"el-calafate","status":"publish","type":"page","link":"https:\/\/lesvoyagesdechantaletmaurice.fr\/?page_id=1171","title":{"rendered":"El Calafate 31\/10 au 01\/11"},"content":{"rendered":"<p><strong>Mercredi 31 octobre, San Carlos de Bariloche &#8211; El Calafate<\/strong><\/p>\n<p>Lev\u00e9 \u00e0 7h d\u00e9part le plus t\u00f4t possible pour aller au glacier Perito Moreno.<\/p>\n<p>Il y a 1h30 de trajet.<\/p>\n<p>A l\u2019arriv\u00e9e, on prend le bateau qui nous am\u00e8ne au plus pr\u00e8s de ce monstre, il est trop beau.<\/p>\n<p><img loading=\"lazy\" decoding=\"async\" class=\"wp-image-1293 size-full\" src=\"https:\/\/lesvoyagesdechantaletmaurice.files.wordpress.com\/2018\/11\/142acbac-c293-4c2d-a29e-17d049a0f803.jpg\" width=\"1024\" height=\"768\" \/><img loading=\"lazy\" decoding=\"async\" class=\"wp-image-1292 size-full\" src=\"https:\/\/lesvoyagesdechantaletmaurice.files.wordpress.com\/2018\/11\/3f86868b-d40d-4a0b-880a-bc0aeb061d11.jpg\" width=\"1024\" height=\"768\" \/><img loading=\"lazy\" decoding=\"async\" class=\"wp-image-1294 size-full\" src=\"https:\/\/lesvoyagesdechantaletmaurice.files.wordpress.com\/2018\/11\/b2d88ddb-6eb6-4fa1-a805-a16ff5193f31.jpg\" width=\"1600\" height=\"777\" \/><img loading=\"lazy\" decoding=\"async\" class=\"size-full wp-image-1298\" src=\"https:\/\/lesvoyagesdechantaletmaurice.files.wordpress.com\/2018\/11\/img_9819.jpg\" width=\"3024\" height=\"4032\" \/><img loading=\"lazy\" decoding=\"async\" class=\"wp-image-1295 size-full\" src=\"https:\/\/lesvoyagesdechantaletmaurice.files.wordpress.com\/2018\/11\/bd6e759b-2203-499e-8dec-8847b957a55e.jpg\" width=\"1024\" height=\"795\" \/><\/p>\n<p>De temps en temps, on entend des grondements comme un tonnerre et des tonnes de glace tombent dans le lac Argentino, c\u2019est impressionnant.<\/p>\n<p>On prend des photos de tous les angles, il est majestueux.<\/p>\n<p><img loading=\"lazy\" decoding=\"async\" class=\"size-full wp-image-1299\" src=\"https:\/\/lesvoyagesdechantaletmaurice.files.wordpress.com\/2018\/11\/img_9819-1.jpg\" width=\"3024\" height=\"4032\" \/><img loading=\"lazy\" decoding=\"async\" class=\"size-full wp-image-1297\" src=\"https:\/\/lesvoyagesdechantaletmaurice.files.wordpress.com\/2018\/11\/img_9812.jpg\" width=\"4032\" height=\"3024\" \/><\/p>\n<p>Ensuite, nous prenons une navette qui nous am\u00e8ne en haut du glacier et il faut prendre des passerelles en fer et descendre, descendre et \u00e0 chaque point de vue, on le voit de plus pr\u00e8s.<\/p>\n<p><img loading=\"lazy\" decoding=\"async\" class=\"size-full wp-image-1296\" src=\"https:\/\/lesvoyagesdechantaletmaurice.files.wordpress.com\/2018\/11\/c3626f28-fbdc-48a9-a6ba-65b2810378c6.jpg\" width=\"1600\" height=\"777\" \/><\/p>\n<p>Apr\u00e8s l\u2019avoir admir\u00e9, il faut remonter et il y en a des marches\ud83e\uddd0.<\/p>\n<p>De retour \u00e0 El Calafate, un petit peu de shopping, mais tr\u00e8s peu, les prix sont exorbitants.<\/p>\n<p>On part faire quelques courses et ensuite, nous allons manger au restaurant \u00ab mi viero \u00bb \u00e0 19h30 il est d\u00e9j\u00e0 plein, trop envie de go\u00fbter de l\u2019agneau.<\/p>\n<p>La serveuse nous dit que deux parts d\u2019agneau feront tr\u00e8s bien l\u2019affaire pour trois, effectivement, c\u2019est \u00e9norme. Maurice, lui, prend une Milanaise et pareil, elle est \u00e9norme.<\/p>\n<p><img loading=\"lazy\" decoding=\"async\" class=\"size-full wp-image-1301\" src=\"https:\/\/lesvoyagesdechantaletmaurice.files.wordpress.com\/2018\/11\/img_9840-1.jpg\" width=\"3024\" height=\"4032\" \/><img loading=\"lazy\" decoding=\"async\" class=\"size-full wp-image-1300\" src=\"https:\/\/lesvoyagesdechantaletmaurice.files.wordpress.com\/2018\/11\/img_9841-1.jpg\" width=\"3024\" height=\"4032\" \/><\/p>\n<p>Ce soir, on va se coucher t\u00f4t, demain, il faut se lever \u00e0 6h00 pour aller \u00e0 El Chalten pour voir le Fitz Roy.<\/p>\n<p><strong>Jeudi 1er novembre, El Calafate &#8211; El Chalten<\/strong><\/p>\n<p>Lever 6h.00, il faut partir t\u00f4t pour aller \u00e0 El Chalten voir la gigantesque montagne le Fitz Roy.<\/p>\n<p>Il fait froid, mais c\u2019est normal, on est dans la r\u00e9gion des glaciers.<\/p>\n<p>Apr\u00e8s une heure de route sur la RN 40, on commence \u00e0 voir des lamas qui traversent la route.<\/p>\n<p><img loading=\"lazy\" decoding=\"async\" class=\"size-full wp-image-1303\" src=\"https:\/\/lesvoyagesdechantaletmaurice.files.wordpress.com\/2018\/11\/img_9914.jpg\" width=\"3648\" height=\"2736\" \/><\/p>\n<p>Des pancartes indiquent de faire attention \u00e0 eux.<\/p>\n<p>Plus loin, on s\u2019arr\u00eate dans un caf\u00e9 La Leona, endroit o\u00f9 Butch Cassidy et le Kid ont S\u00e9journ\u00e9 pendant leurs cavales.<\/p>\n<p><img loading=\"lazy\" decoding=\"async\" class=\"size-full wp-image-1304\" src=\"https:\/\/lesvoyagesdechantaletmaurice.files.wordpress.com\/2018\/11\/8bcc8ec7-b859-457d-81df-b6ffe1072f58.jpg\" width=\"777\" height=\"1600\" \/><\/p>\n<p>Il est temps de repartir, un tout petit peu plus loin, on voit le Fitz Roy sans nuage et \u00e9clair\u00e9, les lumi\u00e8res sont superbes.<\/p>\n<p><img loading=\"lazy\" decoding=\"async\" class=\"size-full wp-image-1305\" src=\"https:\/\/lesvoyagesdechantaletmaurice.files.wordpress.com\/2018\/11\/aacf3ec4-5e0f-4503-b953-297ff831cef7.jpg\" width=\"1024\" height=\"768\" \/><\/p>\n<p>Il reste 2h00 de route et de temps en temps, il faut s\u2019arr\u00eater pour prendre des photos, car le paysage est de plus en plus beau.<\/p>\n<p>Arriv\u00e9e \u00e0 El Chalt\u00e9n, le voil\u00e0 devant nous \ud83e\udd29.<\/p>\n<p><img loading=\"lazy\" decoding=\"async\" class=\"size-full wp-image-1306\" src=\"https:\/\/lesvoyagesdechantaletmaurice.files.wordpress.com\/2018\/11\/img_9874.jpg\" width=\"4032\" height=\"3024\" \/><\/p>\n<p>On trouve un restaurant qui est pr\u00e9conis\u00e9 par le guide touristique Lonely Planet mais, nous sommes d\u00e9\u00e7us, le prix et la qualit\u00e9 ne sont pas au rendez-vous \ud83e\udd28.<\/p>\n<p>Il nous faut rendre la voiture \u00e0 19h00, donc il faut repartir, mais on fait un d\u00e9tour par un lac o\u00f9 il y a beaucoup d\u2019icebergs.<\/p>\n<p>Sur le chemin du retour, encore des lamas, li\u00e8vres, chevaux, vaches, j\u2019ai m\u00eame vu un renard, j\u2019ai pris en photo un \u00e9norme oiseau \ud83e\udd85, apr\u00e8s renseignement pris aupr\u00e8s de la r\u00e9serve Laguna Nimez qui est au centre-ville de El Calafate, c\u2019est un Condor Andino m\u00e2le, je suis trop contente, j\u2019ai r\u00e9ussi \u00e0 photographier un Condor Andino m\u00e2le.<\/p>\n<p><img loading=\"lazy\" decoding=\"async\" class=\"size-full wp-image-1307\" src=\"https:\/\/lesvoyagesdechantaletmaurice.files.wordpress.com\/2018\/11\/img_9912.jpg\" width=\"3648\" height=\"2736\" \/><\/p>\n<p>Il se fait tard, il faut rentrer manger et faire les valises, demain nous partons pour le bout du monde, Ushuaia \ud83e\udd2a.<\/p>\n","protected":false},"excerpt":{"rendered":"<p>Mercredi 31 octobre, San Carlos de Bariloche &#8211; El Calafate Lev\u00e9 \u00e0 7h d\u00e9part le plus t\u00f4t possible pour aller au glacier Perito Moreno. Il y a 1h30 de trajet. A l\u2019arriv\u00e9e, on prend le bateau qui nous am\u00e8ne au plus pr\u00e8s de ce monstre, il est trop beau. De temps en temps, on entend &hellip; <a href=\"https:\/\/lesvoyagesdechantaletmaurice.fr\/?page_id=1171\" class=\"more-link\">Lire la suite <span class=\"screen-reader-text\">El Calafate 31\/10 au 01\/11<\/span><\/a><\/p>\n","protected":false},"author":1,"featured_media":0,"parent":0,"menu_order":0,"comment_status":"open","ping_status":"closed","template":"","meta":{"spay_email":"","footnotes":""},"_links":{"self":[{"href":"https:\/\/lesvoyagesdechantaletmaurice.fr\/index.php?rest_route=\/wp\/v2\/pages\/1171"}],"collection":[{"href":"https:\/\/lesvoyagesdechantaletmaurice.fr\/index.php?rest_route=\/wp\/v2\/pages"}],"about":[{"href":"https:\/\/lesvoyagesdechantaletmaurice.fr\/index.php?rest_route=\/wp\/v2\/types\/page"}],"author":[{"embeddable":true,"href":"https:\/\/lesvoyagesdechantaletmaurice.fr\/index.php?rest_route=\/wp\/v2\/users\/1"}],"replies":[{"embeddable":true,"href":"https:\/\/lesvoyagesdechantaletmaurice.fr\/index.php?rest_route=%2Fwp%2Fv2%2Fcomments&post=1171"}],"version-history":[{"count":3,"href":"https:\/\/lesvoyagesdechantaletmaurice.fr\/index.php?rest_route=\/wp\/v2\/pages\/1171\/revisions"}],"predecessor-version":[{"id":2854,"href":"https:\/\/lesvoyagesdechantaletmaurice.fr\/index.php?rest_route=\/wp\/v2\/pages\/1171\/revisions\/2854"}],"wp:attachment":[{"href":"https:\/\/lesvoyagesdechantaletmaurice.fr\/index.php?rest_route=%2Fwp%2Fv2%2Fmedia&parent=1171"}],"curies":[{"name":"wp","href":"https:\/\/api.w.org\/{rel}","templated":true}]}}