{"id":1165,"date":"2018-10-16T18:30:25","date_gmt":"2018-10-16T17:30:25","guid":{"rendered":"https:\/\/lesvoyagesdechantaletmaurice.wordpress.com\/?page_id=1165"},"modified":"2022-12-16T18:50:08","modified_gmt":"2022-12-16T17:50:08","slug":"buenos-aires","status":"publish","type":"page","link":"https:\/\/lesvoyagesdechantaletmaurice.fr\/?page_id=1165","title":{"rendered":"Buenos Aires 24 au 26\/10"},"content":{"rendered":"<p><strong>Mardi 23 octobre, Lyon &#8211; Buenos Aires<\/strong><\/p>\n<p>Enfin, le mardi 23 octobre, il est 6h du matin et je n\u2019arrive plus \u00e0 dormir, c\u2019est bizarre, les jours de travail, je n\u2019arrive pas \u00e0 me lever et l\u00e0, aucun probl\u00e8me, je saute du lit !!!\ud83d\ude1c Chercher l\u2019erreur !!!<\/p>\n<p>Il reste \u00e0 finaliser les valises, ne rien oublier, m\u00eame si l\u2019Argentine est un pays civilis\u00e9 \ud83e\udd2a.<\/p>\n<p>Le train est \u00e0 16h00, mais j\u2019ai l\u2019impression que les aiguilles de ma montre se sont arr\u00eat\u00e9es.<\/p>\n<p>14h45, il est temps de partir, il faut aller chercher notre amie Dominique qui fait le voyage avec nous.<\/p>\n<p>Arriv\u00e9e \u00e0 la Part-Dieu, nous garons la voiture au parking de mon boulot et mes copines sont venues nous faire un petit coucou, c\u2019\u00e9tait trop chou \ud83e\udd29.<\/p>\n<p>Le train a 30 minutes de retard, \u00e7a commence \ud83d\ude24. Bon soyons patient, l\u2019avion part \u00e0 23h20, on a le temps.<\/p>\n<p>Le voyage en train se passe bien et vite, \u00e0 l\u2019arr\u00eat Marne la vall\u00e9e, j\u2019ai eu envie d\u2019aller voir Mickey, ce sera pour une prochaine fois.<\/p>\n<p><img loading=\"lazy\" decoding=\"async\" class=\"size-full wp-image-1215\" src=\"https:\/\/lesvoyagesdechantaletmaurice.files.wordpress.com\/2018\/10\/img_9409.jpg\" width=\"3088\" height=\"2320\" \/><\/p>\n<p><img loading=\"lazy\" decoding=\"async\" class=\"size-full wp-image-1213\" src=\"https:\/\/lesvoyagesdechantaletmaurice.files.wordpress.com\/2018\/10\/img_9410.jpg\" width=\"4032\" height=\"3024\" \/><\/p>\n<p>A\u00e9roport Charles de Gaulle, il est immense,<\/p>\n<p>Il faut marcher encore et encore pour enfin arriver au terminal.<\/p>\n<p>Enregistrement de nos bagages, maintenant tout est informatis\u00e9 et tu fais tout, enfin, heureusement des h\u00f4tesses sont l\u00e0 pour \u00e9ventuellement t\u2019aider.<\/p>\n<p>Premi\u00e8re b\u00eatise, tu dois scanner toi-m\u00eame tes bagages et les mettre sur le tapis roulant. Maurice scanne sa valise et mets la mienne sur le tapis roulant \ud83e\udd2d, quand il s\u2019en rend compte, il essaie de monter sur le tapis pour la reprendre, trop tard, le tapis est parti. Une grande panique, ma valise partait en \u00e9tant enregistr\u00e9e avec un autre code !!!<\/p>\n<p>Je me voyais d\u00e9j\u00e0 (pas en haut de l\u2019affiche) mais sans rien \u00e0 l\u2019arriv\u00e9e et donc panique \u00e0 bord.<\/p>\n<p>Un employ\u00e9 d\u2019Air France nous a vite aid\u00e9 \u00e0 r\u00e9gler le probl\u00e8me\ud83d\ude2c, j\u2019attends l\u2019arriv\u00e9e, j\u2019esp\u00e8re bien la retrouver\ud83e\udd28.<\/p>\n<p>Il reste 3h avant d\u2019embarquer, on d\u00e9cide de manger un bout, histoire de passer le temps.<\/p>\n<p>Nous voil\u00e0 dans l\u2019avion, c\u2019est parti pour 13h00 de vol, m\u00eame s\u2019il est d\u00e9j\u00e0 minuit, j\u2019arrive \u00e0 m\u2019endormir, mais d\u2019un sommeil fractionn\u00e9 et le temps para\u00eet long mais long\ud83d\ude43.<\/p>\n<p><strong>Mercredi 24 octobre, Buenos Aires<\/strong><\/p>\n<p><img loading=\"lazy\" decoding=\"async\" class=\"size-full wp-image-1214\" src=\"https:\/\/lesvoyagesdechantaletmaurice.files.wordpress.com\/2018\/10\/img_9411.jpg\" width=\"4032\" height=\"3024\" \/><\/p>\n<p>Enfin arriv\u00e9 \u00e0 destination \u00ab Buenos Aires \u00bb, Coline nous a command\u00e9 un taxi, car elle travaille, elle me demande de l\u2019avertir quand nous aurons r\u00e9ceptionn\u00e9 nos bagages pour avertir le taxi. Les bagages r\u00e9cup\u00e9r\u00e9s, je lui envoie un message et on sort de l\u2019a\u00e9roport, et l\u00e0 surprise, elle est venue nous faire la surprise, quelle joie de la voir, la toucher, la sentir, nos larmes ne peuvent pas \u00eatre retenues.<\/p>\n<p>\u00c7a fait 15 jours qu\u2019elle nous expliquait qu\u2019elle avait r\u00e9serv\u00e9 un taxi, il fallait lui envoyer une photo de nous pour que le taxi nous reconnaisse, elle nous a m\u00eame envoy\u00e9 une photo de lui au cas o\u00f9 nous le rep\u00e9rions avant, la course \u00e9tait pay\u00e9e et il avait l\u2019adresse o\u00f9 nous d\u00e9poser.<\/p>\n<p>Donc, nous avons aval\u00e9 ce grand mensonge, croyant que nous la verrions que plus tard\ud83d\ude04, l\u2019histoire \u00e9tait bien mont\u00e9e, bravo Coline, en faisant \u00e7a, tu nous as permis de te voir 3h plus t\u00f4t.<\/p>\n<p>Nous montons \u00e0 l\u2019arri\u00e8re et on prend la valise de 20 kg sur nos genoux \ud83d\udcaa, serr\u00e9 comme des sardines et apr\u00e8s 1h45 de route nous arrivons dans le centre de Buenos Aires.<\/p>\n<p><img loading=\"lazy\" decoding=\"async\" class=\"wp-image-1219 size-full\" src=\"https:\/\/lesvoyagesdechantaletmaurice.files.wordpress.com\/2018\/10\/be66c264-a79c-458c-b8ae-13ad113e4e64-1.jpg\" width=\"1600\" height=\"1200\" \/><\/p>\n<p>On d\u00e9pose les bagages au travail de Coline et nous partons nous promener dans les immenses avenues o\u00f9 la circulation est intense et la pollution de m\u00eame.<\/p>\n<p>Il est temps de rentrer, un asado (barbecue) nous attend, les colocataires nous attendent, une bande de jeunes sympathiques.<\/p>\n<p><img loading=\"lazy\" decoding=\"async\" class=\"wp-image-1221 size-full\" src=\"https:\/\/lesvoyagesdechantaletmaurice.files.wordpress.com\/2018\/10\/img_9414.jpg\" width=\"4032\" height=\"3024\" \/><img loading=\"lazy\" decoding=\"async\" class=\"size-full wp-image-1222\" src=\"https:\/\/lesvoyagesdechantaletmaurice.files.wordpress.com\/2018\/10\/img_9412.jpg\" width=\"3024\" height=\"4032\" \/><img loading=\"lazy\" decoding=\"async\" class=\"size-full wp-image-1220\" src=\"https:\/\/lesvoyagesdechantaletmaurice.files.wordpress.com\/2018\/10\/img_9423.jpg\" width=\"3088\" height=\"2320\" \/><\/p>\n<p>Il est minuit, mais 5h du matin en France, il est temps de se coucher et apr\u00e8s avoir mang\u00e9 la viande argentine qui est un d\u00e9lice et go\u00fbter \u00e0 5 vins argentin tout aussi d\u00e9licieux nous nous couchons pour le coup pas tout seul\ud83e\udd23.<\/p>\n<p><strong>Jeudi 25 octobre, Buenos Aires<\/strong><\/p>\n<p>Apr\u00e8s une bonne nuit r\u00e9paratrice, nous voil\u00e0 partis visiter Buenos Aires.<\/p>\n<p>Ici, les taxis ne sont pas chers, mais nous avons envie d\u2019essayer le m\u00e9tro qui est un peu dangereux pour certains, je n\u2019ai pas eu le m\u00eame sentiment. Par contre du m\u00e9tro \u00e0 la Boca, il faut prendre un taxi qui nous co\u00fbte 129 pesos, mais bizarrement notre GPS donne 5 mn et on a mis 10mn !!!<\/p>\n<p>Direction le quartier de la Boca o\u00f9 il faut aller \u00e0 un endroit pr\u00e9cis, car il y a de l\u2019ins\u00e9curit\u00e9, effectivement la police est l\u00e0 et en nombre.<\/p>\n<p>C\u2019est un quartier tr\u00e8s color\u00e9, fait de t\u00f4les, le pape, les footballeurs, Messi et Maradona sont partout, ainsi que Mafalda, il y a aussi des femmes et des hommes qui proposent de prendre des photos de danseurs de tango, les positions sont tr\u00e8s \u00e9rotiques\ud83e\udd2a.<\/p>\n<p><img loading=\"lazy\" decoding=\"async\" class=\"wp-image-1229 size-full\" src=\"https:\/\/lesvoyagesdechantaletmaurice.files.wordpress.com\/2018\/10\/img_9432.jpg\" width=\"4032\" height=\"3024\" \/><img loading=\"lazy\" decoding=\"async\" class=\"size-full wp-image-1225\" src=\"https:\/\/lesvoyagesdechantaletmaurice.files.wordpress.com\/2018\/10\/img_9431.jpg\" width=\"3024\" height=\"4032\" \/><img loading=\"lazy\" decoding=\"async\" class=\"size-full wp-image-1224\" src=\"https:\/\/lesvoyagesdechantaletmaurice.files.wordpress.com\/2018\/10\/img_9433.jpg\" width=\"3024\" height=\"4032\" \/><img loading=\"lazy\" decoding=\"async\" class=\"wp-image-1227 size-full\" src=\"https:\/\/lesvoyagesdechantaletmaurice.files.wordpress.com\/2018\/10\/img_9430.jpg\" width=\"3024\" height=\"4032\" \/><img loading=\"lazy\" decoding=\"async\" class=\"wp-image-1228 size-full\" src=\"https:\/\/lesvoyagesdechantaletmaurice.files.wordpress.com\/2018\/10\/img_9434.jpg\" width=\"4032\" height=\"3024\" \/><img loading=\"lazy\" decoding=\"async\" class=\"size-full wp-image-1226\" src=\"https:\/\/lesvoyagesdechantaletmaurice.files.wordpress.com\/2018\/10\/img_9435.jpg\" width=\"4032\" height=\"3024\" \/><\/p>\n<p>Apr\u00e8s la visite, on reprend un taxi, un gars nous dit 150 pesos, Ok, ben oui, il nous envoie vers un coll\u00e8gue et Maurice lui demande de mettre le compteur. Je pense qu\u2019il s\u2019est vex\u00e9 et en 4 minutes nous voil\u00e0 au m\u00e9tro, la course nous co\u00fbte 88 pesos, bizarre non !!! \ud83e\udd28 Ils nous ont pris pour des lapins de trois semaines \ud83e\udd23.<\/p>\n<p>Apr\u00e8s un bon repas, on prend le bus touristique pour visiter la ville, de retour vers l\u2019appartement, on va au march\u00e9 outlet \u00e0 ciel ouvert. Il est immense \ud83d\ude43.<\/p>\n<p><img loading=\"lazy\" decoding=\"async\" class=\"size-full wp-image-1230\" src=\"https:\/\/lesvoyagesdechantaletmaurice.files.wordpress.com\/2018\/10\/img_9451.jpg\" width=\"2736\" height=\"3648\" \/><img loading=\"lazy\" decoding=\"async\" class=\"size-full wp-image-1231\" src=\"https:\/\/lesvoyagesdechantaletmaurice.files.wordpress.com\/2018\/10\/img_9444.jpg\" width=\"3648\" height=\"2736\" \/><\/p>\n<p>Une petite bi\u00e8re avant de rentrer et repartir au restaurant japonais Niky, un endroit chic et tr\u00e8s joli, un seul inconv\u00e9nient, seulement \u00e9clair\u00e9 par des bougies, comme je me fais vieille, j\u2019allume la lampe torche de mon portable (\u00e7a fait moins chic mais bon !!!).<\/p>\n<p>Pendant le repas, je vois les gens partir \u00e0 l\u2019arri\u00e8re du resto, \u00e7a m\u2019intrigue \ud83e\udd28.<\/p>\n<p>En fait, apr\u00e8s le repas, tu peux aller visiter l\u2019arri\u00e8re du restaurant et c\u2019est tr\u00e8s sp\u00e9cial. Un gars te fait rentrer dans un sas o\u00f9 sont entrepos\u00e9s plein de bouteilles de vins, ensuite, il ouvre une autre porte style porte d\u2019un sous- marin et l\u00e0, un bar tr\u00e8s tr\u00e8s chic, dommage, il est interdit de prendre des photos.<\/p>\n<p>Il est temps de rentrer, la journ\u00e9e a \u00e9t\u00e9 charg\u00e9e et demain, elle l\u2019est aussi.<\/p>\n<p><strong>Vendredi 26 octobre, Buenos Aires<\/strong><\/p>\n<p>Apr\u00e8s une courte mais bonne nuit, nous voil\u00e0 repartis pour continuer notre tour avec le bus touristique, on visite le jardin japonais (d\u00e9cid\u00e9ment). Tr\u00e8s bel endroit, reposant, mais pas tout le temps, un a\u00e9roport n\u2019est pas loin et tr\u00e8s souvent un avion d\u00e9colle \ud83d\ude01.<\/p>\n<p><img loading=\"lazy\" decoding=\"async\" class=\"wp-image-1250 size-full\" src=\"https:\/\/lesvoyagesdechantaletmaurice.files.wordpress.com\/2018\/10\/37791bbc-7e92-4d5d-ab9d-38599e4a982a.jpg\" width=\"1600\" height=\"777\" \/><\/p>\n<p><img loading=\"lazy\" decoding=\"async\" class=\"size-full wp-image-1251\" src=\"https:\/\/lesvoyagesdechantaletmaurice.files.wordpress.com\/2018\/10\/a31ecc48-1961-4d2f-bdde-b3bc61249098.jpg\" width=\"777\" height=\"1600\" \/><\/p>\n<p>Le temps passe vite et il est d\u00e9j\u00e0 l\u2019heure de manger, la marche \u00e7a creuse.<\/p>\n<p>Ici, pour 8 euros, tu manges un \u00e9norme bifteck de b\u0153uf avec l\u00e9gumes, bi\u00e8res et caf\u00e9.<\/p>\n<p><img loading=\"lazy\" decoding=\"async\" class=\"wp-image-1252 size-full\" src=\"https:\/\/lesvoyagesdechantaletmaurice.files.wordpress.com\/2018\/10\/img_9457.jpg\" width=\"3024\" height=\"4032\" \/><\/p>\n<p>Avant de partir un petit tour au WC bien entendu \ud83d\ude04 et l\u00e0, surprise, la porte est d\u00e9coup\u00e9e pour pouvoir s\u2019ouvrir \ud83d\ude43.<\/p>\n<p><img loading=\"lazy\" decoding=\"async\" class=\"size-full wp-image-1253\" src=\"https:\/\/lesvoyagesdechantaletmaurice.files.wordpress.com\/2018\/10\/img_9459.jpg\" width=\"3024\" height=\"4032\" \/><\/p>\n<p>On continue la visite, la ville est immense et les avenues pareilles. L\u2019avenue 9 de Julio fait 144 m\u00e8tres de large et pour la traverser on ne peut pas avec 1 seul feu vert\ud83d\ude24.<\/p>\n<p>Il est temps d\u2019aller au cours de Tango que Dominique veut faire. Le Tango Argentin est une institution dans le pays et c\u2019est tr\u00e8s beau \u00e0 regarder.<\/p>\n<p>On rentre \u00e0 la maison, il faut pr\u00e9parer notre valise pour demain, l\u2019avion est \u00e0 9h00 pour le d\u00e9but de notre tour d\u2019Argentine.<\/p>\n<p>Apr\u00e8s le repas de midi, on s\u2019\u00e9tait dit \u00ab ce soir, petit repas l\u00e9ger \u00bb, mais dans ce pays, c\u2019est impossible !!!<\/p>\n<p><img loading=\"lazy\" decoding=\"async\" class=\"size-full wp-image-1254\" src=\"https:\/\/lesvoyagesdechantaletmaurice.files.wordpress.com\/2018\/10\/img_9463.jpg\" width=\"3024\" height=\"4032\" \/><\/p>\n<p>Une fois de plus, on est pleins, ce n\u2019est pas encore ce soir que nous irons nous coucher l\u00e9ger, par contre, le serveur nous a offert une fleur\ud83d\ude0d, les Argentins sont trop gentils.<\/p>\n<p><img loading=\"lazy\" decoding=\"async\" class=\"wp-image-1255 size-full\" src=\"https:\/\/lesvoyagesdechantaletmaurice.files.wordpress.com\/2018\/10\/img_9464.jpg\" width=\"3024\" height=\"4032\" \/>Il est temps d\u2019aller se coucher, demain une autre ville \u00ab\u00a0San Carlos de Bariloche\u00a0\u00bb<\/p>\n","protected":false},"excerpt":{"rendered":"<p>Mardi 23 octobre, Lyon &#8211; Buenos Aires Enfin, le mardi 23 octobre, il est 6h du matin et je n\u2019arrive plus \u00e0 dormir, c\u2019est bizarre, les jours de travail, je n\u2019arrive pas \u00e0 me lever et l\u00e0, aucun probl\u00e8me, je saute du lit !!!\ud83d\ude1c Chercher l\u2019erreur !!! Il reste \u00e0 finaliser les valises, ne rien &hellip; <a href=\"https:\/\/lesvoyagesdechantaletmaurice.fr\/?page_id=1165\" class=\"more-link\">Lire la suite <span class=\"screen-reader-text\">Buenos Aires 24 au 26\/10<\/span><\/a><\/p>\n","protected":false},"author":1,"featured_media":0,"parent":1151,"menu_order":0,"comment_status":"open","ping_status":"closed","template":"","meta":{"spay_email":"","footnotes":""},"_links":{"self":[{"href":"https:\/\/lesvoyagesdechantaletmaurice.fr\/index.php?rest_route=\/wp\/v2\/pages\/1165"}],"collection":[{"href":"https:\/\/lesvoyagesdechantaletmaurice.fr\/index.php?rest_route=\/wp\/v2\/pages"}],"about":[{"href":"https:\/\/lesvoyagesdechantaletmaurice.fr\/index.php?rest_route=\/wp\/v2\/types\/page"}],"author":[{"embeddable":true,"href":"https:\/\/lesvoyagesdechantaletmaurice.fr\/index.php?rest_route=\/wp\/v2\/users\/1"}],"replies":[{"embeddable":true,"href":"https:\/\/lesvoyagesdechantaletmaurice.fr\/index.php?rest_route=%2Fwp%2Fv2%2Fcomments&post=1165"}],"version-history":[{"count":5,"href":"https:\/\/lesvoyagesdechantaletmaurice.fr\/index.php?rest_route=\/wp\/v2\/pages\/1165\/revisions"}],"predecessor-version":[{"id":2848,"href":"https:\/\/lesvoyagesdechantaletmaurice.fr\/index.php?rest_route=\/wp\/v2\/pages\/1165\/revisions\/2848"}],"up":[{"embeddable":true,"href":"https:\/\/lesvoyagesdechantaletmaurice.fr\/index.php?rest_route=\/wp\/v2\/pages\/1151"}],"wp:attachment":[{"href":"https:\/\/lesvoyagesdechantaletmaurice.fr\/index.php?rest_route=%2Fwp%2Fv2%2Fmedia&parent=1165"}],"curies":[{"name":"wp","href":"https:\/\/api.w.org\/{rel}","templated":true}]}}