{"id":1084,"date":"2017-11-28T04:35:31","date_gmt":"2017-11-28T03:35:31","guid":{"rendered":"https:\/\/lesvoyagesdechantaletmaurice.wordpress.com\/amazonie-j-17-18-19\/"},"modified":"2023-01-15T16:38:04","modified_gmt":"2023-01-15T15:38:04","slug":"amazonie-j-16-17-18","status":"publish","type":"page","link":"https:\/\/lesvoyagesdechantaletmaurice.fr\/?page_id=1084","title":{"rendered":"Amazonie J-15-16-17"},"content":{"rendered":"<p><strong>Vendredi 24 novembre, Amazonie<\/strong><\/p>\n<p>Enfin, nous arrivons \u00e0 Lago Agrio \u00e0 l&rsquo;h\u00f4tel D&rsquo;Mario pour d\u00e9jeuner, le chauffeur nous dit au revoir.<\/p>\n<p>Au bout de 5 mn je m&rsquo;aper\u00e7ois que je n&rsquo;ai pas mon sac \u00e0 dos, je l&rsquo;ai laiss\u00e9 dans le minibus, j&rsquo;ai des sueurs froides, tout mon argent est dans le sac et bien d&rsquo;autres choses.<\/p>\n<p>Je fais un demi-tour sur moi-m\u00eame et l\u00e0 quel plaisir de voir que le chauffeur est toujours gar\u00e9 et qui papote \ud83d\ude00.<\/p>\n<p>Tout compte fait, il fait bien de papoter \u00e0 chaque arr\u00eat \ud83d\ude02.<\/p>\n<p>On prend un petit-d\u00e9jeuner pas bon du tout, mais \u00e0 2$, il ne faut pas s&rsquo;attendre \u00e0 du luxe.<\/p>\n<p>Il faut attendre jusqu&rsquo;\u00e0 9h30 pour qu&rsquo;un autre bus vient nous chercher et faire encore 2h de route et ensuite 2h de pirogue pour arriver \u00e0 notre Lodge Guacamayo.<\/p>\n<p>On n&rsquo;est pas arriv\u00e9 et on commence \u00e0 ressentir une grande fatigue, sauf Coline qui a pu dormir tout le long.<\/p>\n<p><img loading=\"lazy\" decoding=\"async\" class=\"wp-image-1088\" src=\"https:\/\/lesvoyagesdechantaletmaurice.files.wordpress.com\/2017\/11\/img_7509.jpg\" width=\"2576\" height=\"1932\" \/> Voil\u00e0 enfin le bus qui nous m\u00e8ne \u00e0 la pirogue, 2h de bus sur un chemin cahoteux.<\/p>\n<p>Le bus est plein, nous sommes les plus \u00e2g\u00e9s, le guide se pr\u00e9sente, il s&rsquo;appelle Elvis, il a 26 ans et est amoureux de la nature et de son m\u00e9tier.<\/p>\n<p>Le bus d\u00e9marre, au bout d&rsquo;une heure, je mets ma t\u00eate sur l&rsquo;\u00e9paule \u00e0 Maurice et j&rsquo;arrive \u00e0 m&rsquo;endormir \ud83d\ude2c.<\/p>\n<p>On arrive au bord d&rsquo;une rivi\u00e8re ou une pirogue nous attend pour rentrer dans la jungle, nous voyons des oiseaux, des singes, nous entendons des bruits bizarres.<\/p>\n<p><img loading=\"lazy\" decoding=\"async\" class=\"wp-image-1093\" src=\"https:\/\/lesvoyagesdechantaletmaurice.files.wordpress.com\/2017\/11\/img_7868-1.jpg\" width=\"1328\" height=\"747\" \/><img loading=\"lazy\" decoding=\"async\" class=\"wp-image-1092\" src=\"https:\/\/lesvoyagesdechantaletmaurice.files.wordpress.com\/2017\/11\/img_7867-1.jpg\" width=\"1328\" height=\"747\" \/> Nous voici enfin au lodge, des cabanes en bois avec des toits en feuillages, les chambres sont sommaires et il y a de l&rsquo;\u00e9lectricit\u00e9 que de 18h \u00e0 22h\ud83d\ude33.<\/p>\n<p>On nous sert notre repas, on nous dit notre programme des trois jours, il ne sera pas de tout repos.<\/p>\n<p>Un petit moment de repos et nous partons pour un tour en pirogue, voir la faune et la flore, il est 17h et le soleil donne des reflets magiques sur l&rsquo;eau.<\/p>\n<p><img loading=\"lazy\" decoding=\"async\" class=\"wp-image-1095\" src=\"https:\/\/lesvoyagesdechantaletmaurice.files.wordpress.com\/2017\/11\/img_7871.jpg\" width=\"1328\" height=\"747\" \/><img loading=\"lazy\" decoding=\"async\" class=\"wp-image-1096\" src=\"https:\/\/lesvoyagesdechantaletmaurice.files.wordpress.com\/2017\/11\/img_7870.jpg\" width=\"1328\" height=\"747\" \/><img loading=\"lazy\" decoding=\"async\" class=\"wp-image-1094\" src=\"https:\/\/lesvoyagesdechantaletmaurice.files.wordpress.com\/2017\/11\/img_7869.jpg\" width=\"1328\" height=\"747\" \/> Elvis propose \u00e0 qui veut de se baigner\ud83d\ude33, juste avant il vient de nous dire qu&rsquo;il y avait des ca\u00efmans, des piranhas etc. \ud83d\ude29<\/p>\n<p>Dans notre groupe, 3 Allemandes, 2 Anglaises, 1 Australienne, 3 Am\u00e9ricains. Trois filles se sont baign\u00e9es et Coline aussi, moi, je prends des photos, c&rsquo;est moins dangereux \ud83d\ude2c.<\/p>\n<p><img loading=\"lazy\" decoding=\"async\" class=\"wp-image-1106\" src=\"https:\/\/lesvoyagesdechantaletmaurice.files.wordpress.com\/2017\/11\/img_7932.jpg\" width=\"4581\" height=\"3436\" \/><img loading=\"lazy\" decoding=\"async\" class=\"wp-image-1097\" src=\"https:\/\/lesvoyagesdechantaletmaurice.files.wordpress.com\/2017\/11\/img_7871-1.jpg\" width=\"4032\" height=\"3024\" \/><img loading=\"lazy\" decoding=\"async\" class=\"wp-image-1098\" src=\"https:\/\/lesvoyagesdechantaletmaurice.files.wordpress.com\/2017\/11\/img_7924.jpg\" width=\"4896\" height=\"3672\" \/> Nous restons sur notre pirogue \u00e0 regarder le soleil se coucher et c&rsquo;est tout simplement magnifique, la couleur du ciel change de minute en minute et les bruits des insectes et des oiseaux donnent envie de rester.<\/p>\n<p>Il fait nuit noire et nous repartons sans lumi\u00e8re seul Elvis avec sa lampe torche \u00e9claire l&rsquo;eau pour trouver des ca\u00efmans ou autres animaux.<\/p>\n<p>Je ne sais pas comment il fait, mais il arrive \u00e0 voir sur une branche d&rsquo;arbre un serpent boas \ud83d\ude33.<\/p>\n<p>De retour au lodge, notre repas est servi et nous partons nous coucher, nous avons une nuit \u00e0 rattraper.<\/p>\n<p><strong>Samedi 25 novembre &#8211; Amazonie<\/strong><\/p>\n<p>Les oiseaux me r\u00e9veillent \u00e0 6h, je d\u00e9cide de me lever pour les regarder.<\/p>\n<p><img loading=\"lazy\" decoding=\"async\" class=\"wp-image-1099\" src=\"https:\/\/lesvoyagesdechantaletmaurice.files.wordpress.com\/2017\/11\/img_8814.jpg\" width=\"4032\" height=\"3024\" \/><img loading=\"lazy\" decoding=\"async\" class=\"wp-image-1100\" src=\"https:\/\/lesvoyagesdechantaletmaurice.files.wordpress.com\/2017\/11\/img_7677.jpg\" width=\"4032\" height=\"3024\" \/> Je rencontre Aruncha, une Espagnole de Madrid et je me surprends \u00e0 discuter et \u00e0 rire avec elle, les deux jours suivants, nous n&rsquo;avons pas arr\u00eat\u00e9 de discuter ensemble, je la comprenais et elle me comprenait, moi qui croyais que mon espagnol \u00e9tait nul et bien non et je suis super contente \ud83d\ude01.<\/p>\n<p>Je profite de ce moment o\u00f9 beaucoup dorment encore pour admirer les Guacamayo (perroquet) du haut du mirador.<\/p>\n<p><img loading=\"lazy\" decoding=\"async\" class=\"wp-image-1101\" src=\"https:\/\/lesvoyagesdechantaletmaurice.files.wordpress.com\/2017\/11\/img_7640.jpg\" width=\"1535\" height=\"1350\" \/> A 9h nous partons visiter une communaut\u00e9 indig\u00e8ne ou un chaman nous explique avec quoi et comment il soigne la communaut\u00e9, ensuite nous allons \u00e0 la rencontre de Rosita qui nous apprend \u00e0 reconna\u00eetre, arracher, \u00e9plucher du manioc pour ensuite le r\u00e2per, le s\u00e9cher, le tamiser. Il se transforme en farine et elle nous pr\u00e9pare une galette de manioc que nous d\u00e9gustons avec de la confiture d&rsquo;ananas.<\/p>\n<p><img loading=\"lazy\" decoding=\"async\" class=\"wp-image-1102\" src=\"https:\/\/lesvoyagesdechantaletmaurice.files.wordpress.com\/2017\/11\/img_7572.jpg\" width=\"3024\" height=\"4032\" \/><img loading=\"lazy\" decoding=\"async\" class=\"wp-image-1103\" src=\"https:\/\/lesvoyagesdechantaletmaurice.files.wordpress.com\/2017\/11\/img_7938.jpg\" width=\"4896\" height=\"3672\" \/><img loading=\"lazy\" decoding=\"async\" class=\"wp-image-1105\" src=\"https:\/\/lesvoyagesdechantaletmaurice.files.wordpress.com\/2017\/11\/img_7592.jpg\" width=\"3024\" height=\"4032\" \/><img loading=\"lazy\" decoding=\"async\" class=\"wp-image-1104\" src=\"https:\/\/lesvoyagesdechantaletmaurice.files.wordpress.com\/2017\/11\/img_7591.jpg\" width=\"3024\" height=\"4032\" \/> Un petit singe est venu troubler la le\u00e7on de manioc et nous lui donnons des fruits pour pouvoir le prendre en photo.<\/p>\n<p><img loading=\"lazy\" decoding=\"async\" class=\"wp-image-1107\" src=\"https:\/\/lesvoyagesdechantaletmaurice.files.wordpress.com\/2017\/11\/img_7872.jpg\" width=\"747\" height=\"1328\" \/> De retour au lodge, Elvis nous explique comment faire du chocolat.<\/p>\n<p><img loading=\"lazy\" decoding=\"async\" class=\"wp-image-1108\" src=\"https:\/\/lesvoyagesdechantaletmaurice.files.wordpress.com\/2017\/11\/img_7873.jpg\" width=\"1328\" height=\"747\" \/> On se met autour de la table et on \u00e9cosse les graines de cacao chaudes puis il les met dans une grosse moulinette avec du sucre et on les passe deux fois. On voit le chocolat qu&rsquo;il \u00e9tale sur du papier aluminium, il le plie et le met au frais.<\/p>\n<p>Apr\u00e8s, nous partons pour une balade en pirogue et ensuite une balade nocturne.<\/p>\n<p>Nous voyons des tas d&rsquo;insectes, d&rsquo;araign\u00e9es et surtout les tarentules, j&rsquo;avoue ne pas \u00eatre sereine dans cet environnement qui est hostile \u00e0 celui qui ne conna\u00eet pas la jungle, mais Elvis nous explique tout et nous lui faisons confiance.<\/p>\n<p><img loading=\"lazy\" decoding=\"async\" class=\"wp-image-1109\" src=\"https:\/\/lesvoyagesdechantaletmaurice.files.wordpress.com\/2017\/11\/img_7874.jpg\" width=\"747\" height=\"1328\" \/><img loading=\"lazy\" decoding=\"async\" class=\"wp-image-1110\" src=\"https:\/\/lesvoyagesdechantaletmaurice.files.wordpress.com\/2017\/11\/img_7876.jpg\" width=\"747\" height=\"1328\" \/> Nous rentrons manger et apr\u00e8s le repas nous go\u00fbtons la tablette de chocolat que nous avons fabriqu\u00e9e et l\u00e0, on sent que l&rsquo;on mange du vrai chocolat \ud83d\ude0d.<\/p>\n<p>Ana l&rsquo;Australienne \u00e0 24 ans aujourd&rsquo;hui et Elvis a demand\u00e9 au cuisinier de lui faire un g\u00e2teau.<\/p>\n<p>Je termine la soir\u00e9e avec Arencha, nous nous racontons notre vie \ud83d\ude0a.<\/p>\n<p><strong>Dimanche 26 novembre, &#8211; Amazonie<\/strong><\/p>\n<p>La jungle se r\u00e9veille vers 5h30 et me r\u00e9veille, je reste jusqu&rsquo;\u00e0 6h et me l\u00e8ve pour admirer les perroquets et autres oiseaux tout aussi beaux.<\/p>\n<p><img loading=\"lazy\" decoding=\"async\" class=\"wp-image-1111\" src=\"https:\/\/lesvoyagesdechantaletmaurice.files.wordpress.com\/2017\/11\/img_8816.jpg\" width=\"4032\" height=\"3024\" \/> A 9h30, il est pr\u00e9vu une randonn\u00e9e de 3h dans la jungle pour voir la faune et la flore de jour.<\/p>\n<p>\u00c0 un moment, on doit passer dans la boue.<\/p>\n<p>En effet, \u00e0 un endroit, sur 100 m\u00e8tres carr\u00e9s, il n&rsquo;y a pas d&rsquo;arbres, donc la terre est toujours humide et forme de la gadoue, tu t&rsquo;enfonces de 50 cm parfois et il est tr\u00e8s difficile de marcher\ud83d\ude31.<\/p>\n<p>Donc nous voil\u00e0 \u00e0 essayer de passer cette gadoue pendant une dizaine de m\u00e8tres. Les bottes sont lourdes et des fois elles sont pr\u00eates \u00e0 s&rsquo;enlever, il faut avoir de l&rsquo;\u00e9quilibre ce que je n&rsquo;ai pas \ud83d\ude29, donc, je suis tomb\u00e9e en avant, les bottes enlis\u00e9es dans la boue, j&rsquo;appelle Maurice \u00e0 mon secours et lui prend le temps de me photographier \ud83d\ude21.<\/p>\n<p><img loading=\"lazy\" decoding=\"async\" class=\"wp-image-1112\" src=\"https:\/\/lesvoyagesdechantaletmaurice.files.wordpress.com\/2017\/11\/img_7878.jpg\" width=\"747\" height=\"1328\" \/><img loading=\"lazy\" decoding=\"async\" class=\"wp-image-1114\" src=\"https:\/\/lesvoyagesdechantaletmaurice.files.wordpress.com\/2017\/11\/img_7855.jpg\" width=\"3024\" height=\"4032\" \/> Je suis tremp\u00e9e pleine de boue jusqu&rsquo;\u00e0 mi-cuisses, les mains et le teeshirt aussi. Il faut faire le reste du parcours comme \u00e7a !!!<\/p>\n<p>Deux heures encore et nous arrivons \u00e0 la pirogue, j&rsquo;en profite pour enlever la boue des bottes, le pantalon, on verra plus tard.<\/p>\n<p>Nous rentrons au lodge, juste le temps de prendre une douche, il est l&rsquo;heure du repas.<\/p>\n<p>L&rsquo;apr\u00e8s-midi jusqu&rsquo;\u00e0 16h30, on a quartier libre, j&rsquo;en profite pour me reposer 1 heure, la randonn\u00e9e m&rsquo;a fracass\u00e9e.<\/p>\n<p><img loading=\"lazy\" decoding=\"async\" class=\"wp-image-1113\" src=\"https:\/\/lesvoyagesdechantaletmaurice.files.wordpress.com\/2017\/11\/img_7879.jpg\" width=\"747\" height=\"1328\" \/><\/p>\n<p>On part pour une autre promenade en pirogue voir des dauphins roses et se baigner dans la laguna, nous rentrons \u00e0 la nuit et comme tout ne nous \u00e9tait pas encore arriv\u00e9, la pirogue n&rsquo;a plus d&rsquo;essence \ud83d\ude33, le capitaine et le guide ont fini \u00e0 la rame\ud83d\ude2c, heureusement pour eux le courant \u00e9tait \u00e0 leur avantage.<\/p>\n<p><img loading=\"lazy\" decoding=\"async\" class=\"wp-image-1115\" src=\"https:\/\/lesvoyagesdechantaletmaurice.files.wordpress.com\/2017\/11\/img_7835.jpg\" width=\"4032\" height=\"3024\" \/><img loading=\"lazy\" decoding=\"async\" class=\"wp-image-1116\" src=\"https:\/\/lesvoyagesdechantaletmaurice.files.wordpress.com\/2017\/11\/img_7919.jpg\" width=\"4896\" height=\"3672\" \/><img loading=\"lazy\" decoding=\"async\" class=\"wp-image-1117\" src=\"https:\/\/lesvoyagesdechantaletmaurice.files.wordpress.com\/2017\/11\/img_7923.jpg\" width=\"4896\" height=\"3672\" \/><img loading=\"lazy\" decoding=\"async\" class=\"wp-image-1118\" src=\"https:\/\/lesvoyagesdechantaletmaurice.files.wordpress.com\/2017\/11\/img_7915.jpg\" width=\"4896\" height=\"3672\" \/> Apr\u00e8s un repas bien m\u00e9rit\u00e9, nous partons nous coucher, demain, il faut se lever \u00e0 6h pour voir avec Elvis, les multiples oiseaux de la jungle.<\/p>\n<p><strong>Lundi 27 novembre, &#8211; Amazonie<\/strong><\/p>\n<p>\u00c0 6h je me l\u00e8ve pour aller sur le mirador rejoindre Elvis et le groupe pour admirer les oiseaux.<\/p>\n<p>Les perroquets, les toucans, les rapaces, etc. Tout est magnifique, je n&rsquo;ai pas envie de partir.<\/p>\n<p><img loading=\"lazy\" decoding=\"async\" class=\"wp-image-1119\" src=\"https:\/\/lesvoyagesdechantaletmaurice.files.wordpress.com\/2017\/11\/img_7724.jpg\" width=\"4032\" height=\"3024\" \/><img loading=\"lazy\" decoding=\"async\" class=\"wp-image-1120\" src=\"https:\/\/lesvoyagesdechantaletmaurice.files.wordpress.com\/2017\/11\/img_7714.jpg\" width=\"4032\" height=\"3024\" \/><img loading=\"lazy\" decoding=\"async\" class=\"wp-image-1121\" src=\"https:\/\/lesvoyagesdechantaletmaurice.files.wordpress.com\/2017\/11\/img_7688.jpg\" width=\"4032\" height=\"3024\" \/> Un dernier petit-d\u00e9jeuner, il faut faire les bagages et prendre une derni\u00e8re fois la pirogue pendant 1h30 o\u00f9 nous laissons Elvis et ses compagnons qui d\u00e9j\u00e0 doivent s&rsquo;occuper des nouveaux arrivants.<\/p>\n<p><img loading=\"lazy\" decoding=\"async\" class=\"wp-image-1123\" src=\"https:\/\/lesvoyagesdechantaletmaurice.files.wordpress.com\/2017\/11\/img_7878-1.jpg\" width=\"1932\" height=\"2576\" \/><img loading=\"lazy\" decoding=\"async\" class=\"wp-image-1122\" src=\"https:\/\/lesvoyagesdechantaletmaurice.files.wordpress.com\/2017\/11\/img_7879-1.jpg\" width=\"1280\" height=\"960\" \/> Un bus arrive pour 2 heures de trajet pour Lago Agrio o\u00f9 il nous faut attendre encore 2 heures un autre bus et 6 heures de route pour Quito.<\/p>\n","protected":false},"excerpt":{"rendered":"<p>Vendredi 24 novembre, Amazonie Enfin, nous arrivons \u00e0 Lago Agrio \u00e0 l&rsquo;h\u00f4tel D&rsquo;Mario pour d\u00e9jeuner, le chauffeur nous dit au revoir. Au bout de 5 mn je m&rsquo;aper\u00e7ois que je n&rsquo;ai pas mon sac \u00e0 dos, je l&rsquo;ai laiss\u00e9 dans le minibus, j&rsquo;ai des sueurs froides, tout mon argent est dans le sac et bien &hellip; <a href=\"https:\/\/lesvoyagesdechantaletmaurice.fr\/?page_id=1084\" class=\"more-link\">Lire la suite <span class=\"screen-reader-text\">Amazonie J-15-16-17<\/span><\/a><\/p>\n","protected":false},"author":1,"featured_media":0,"parent":0,"menu_order":0,"comment_status":"open","ping_status":"closed","template":"","meta":{"spay_email":"","footnotes":""},"_links":{"self":[{"href":"https:\/\/lesvoyagesdechantaletmaurice.fr\/index.php?rest_route=\/wp\/v2\/pages\/1084"}],"collection":[{"href":"https:\/\/lesvoyagesdechantaletmaurice.fr\/index.php?rest_route=\/wp\/v2\/pages"}],"about":[{"href":"https:\/\/lesvoyagesdechantaletmaurice.fr\/index.php?rest_route=\/wp\/v2\/types\/page"}],"author":[{"embeddable":true,"href":"https:\/\/lesvoyagesdechantaletmaurice.fr\/index.php?rest_route=\/wp\/v2\/users\/1"}],"replies":[{"embeddable":true,"href":"https:\/\/lesvoyagesdechantaletmaurice.fr\/index.php?rest_route=%2Fwp%2Fv2%2Fcomments&post=1084"}],"version-history":[{"count":4,"href":"https:\/\/lesvoyagesdechantaletmaurice.fr\/index.php?rest_route=\/wp\/v2\/pages\/1084\/revisions"}],"predecessor-version":[{"id":2899,"href":"https:\/\/lesvoyagesdechantaletmaurice.fr\/index.php?rest_route=\/wp\/v2\/pages\/1084\/revisions\/2899"}],"wp:attachment":[{"href":"https:\/\/lesvoyagesdechantaletmaurice.fr\/index.php?rest_route=%2Fwp%2Fv2%2Fmedia&parent=1084"}],"curies":[{"name":"wp","href":"https:\/\/api.w.org\/{rel}","templated":true}]}}