{"id":1010,"date":"2017-11-22T02:55:05","date_gmt":"2017-11-22T01:55:05","guid":{"rendered":"https:\/\/lesvoyagesdechantaletmaurice.wordpress.com\/san-cristobal-j-12\/"},"modified":"2023-01-15T15:58:38","modified_gmt":"2023-01-15T14:58:38","slug":"san-cristobal-j-12","status":"publish","type":"page","link":"https:\/\/lesvoyagesdechantaletmaurice.fr\/?page_id=1010","title":{"rendered":"San Cristobal-j-12"},"content":{"rendered":"<p><strong>Mardi 21 novembre, San Cristobal<\/strong><\/p>\n<p>Lev\u00e9e 8h, il fallait qu&rsquo;on dorme un peu, la fatigue se fait ressentir.<\/p>\n<p>Un bon petit d\u00e9jeuner \ud83d\ude01.<\/p>\n<p><img loading=\"lazy\" decoding=\"async\" class=\"wp-image-1020\" src=\"https:\/\/lesvoyagesdechantaletmaurice.files.wordpress.com\/2017\/11\/img_7467-1.jpg\" width=\"5312\" height=\"2988\" \/>A 9h, un taxi vient nous chercher pour une visite de 4h.<\/p>\n<p>Le temps est nuageux comme tous les matins, \u00e7a se d\u00e9gage toujours vers 11h midi.<\/p>\n<p>Nous partons pour une balade tr\u00e8s instructive, en effet, Jos\u00e9 notre chauffeur nous emm\u00e8ne au centre national des tortues et nous explique comment elles naissent, s&rsquo;alimentent, se reproduisent, etc.<\/p>\n<p><img loading=\"lazy\" decoding=\"async\" class=\"wp-image-1023\" src=\"https:\/\/lesvoyagesdechantaletmaurice.files.wordpress.com\/2017\/11\/img_7469-1.jpg\" width=\"5312\" height=\"2988\" \/><img loading=\"lazy\" decoding=\"async\" class=\"wp-image-1022\" src=\"https:\/\/lesvoyagesdechantaletmaurice.files.wordpress.com\/2017\/11\/img_7468-1.jpg\" width=\"5312\" height=\"2988\" \/><img loading=\"lazy\" decoding=\"async\" class=\"wp-image-1021\" src=\"https:\/\/lesvoyagesdechantaletmaurice.files.wordpress.com\/2017\/11\/img_7472.jpg\" width=\"4896\" height=\"3672\" \/><\/p>\n<p>Apr\u00e8s nous allons sur une plage de sable blanc magnifique ou, bien entendu, il y a beaucoup d&rsquo;otaries qui se pr\u00e9lassent. La vue est tr\u00e8s belle, des pinsons de darwing pas farouches viennent pr\u00e8s de nous et j&rsquo;ai m\u00eame vu des tortues marines qui s&rsquo;amusent avec les vagues.<\/p>\n<p><img loading=\"lazy\" decoding=\"async\" class=\"wp-image-1027\" src=\"https:\/\/lesvoyagesdechantaletmaurice.files.wordpress.com\/2017\/11\/img_7473-1.jpg\" width=\"4896\" height=\"3672\" \/><img loading=\"lazy\" decoding=\"async\" class=\"wp-image-1024\" src=\"https:\/\/lesvoyagesdechantaletmaurice.files.wordpress.com\/2017\/11\/img_7425.jpg\" width=\"1328\" height=\"747\" \/><img loading=\"lazy\" decoding=\"async\" class=\"wp-image-1026\" src=\"https:\/\/lesvoyagesdechantaletmaurice.files.wordpress.com\/2017\/11\/img_7476-2.jpg\" width=\"4896\" height=\"3672\" \/><img loading=\"lazy\" decoding=\"async\" class=\"wp-image-1025\" src=\"https:\/\/lesvoyagesdechantaletmaurice.files.wordpress.com\/2017\/11\/img_7474-2.jpg\" width=\"4896\" height=\"3672\" \/><img loading=\"lazy\" decoding=\"async\" class=\"wp-image-1028\" src=\"https:\/\/lesvoyagesdechantaletmaurice.files.wordpress.com\/2017\/11\/img_7475-2.jpg\" width=\"4896\" height=\"3672\" \/><\/p>\n<p>Il est pr\u00e9vu de monter sur un volcan ou une lagune s&rsquo;est form\u00e9e, mais le brouillard nous en emp\u00eache, donc il nous emm\u00e8ne \u00e0 un mirador pour voir le Leon Dormido (lion endormi), rocher qui se divise en deux et o\u00f9 les bateaux peuvent passer.<\/p>\n<p><img loading=\"lazy\" decoding=\"async\" class=\"wp-image-1029\" src=\"https:\/\/lesvoyagesdechantaletmaurice.files.wordpress.com\/2017\/11\/img_7477-2.jpg\" width=\"4896\" height=\"3672\" \/><\/p>\n<p>C&rsquo;est aussi un endroit o\u00f9 l&rsquo;on peut faire du snorkeling pour voir des requins marteaux et des raies Manta\ud83d\ude31.<\/p>\n<p>Il est 13h, nous rentrons pour manger et comme le temps n&rsquo;est pas tr\u00e8s beau nous profitons pour faire une petite sieste \ud83d\ude34.<\/p>\n<p>Un petit tour dans la ville pour quelques achats et regarder encore les otaries qui sont partout, sur les plages, les bancs, et m\u00eame sur des tables, ils sont chez eux et les Equatoriens les respectent.<\/p>\n<p>Un petit resto et demain d\u00e9part pour Quito pour une nuit, car apr\u00e8s, c&rsquo;est l&rsquo;Amazonie \ud83d\ude01.<\/p>\n","protected":false},"excerpt":{"rendered":"<p>Mardi 21 novembre, San Cristobal Lev\u00e9e 8h, il fallait qu&rsquo;on dorme un peu, la fatigue se fait ressentir. Un bon petit d\u00e9jeuner \ud83d\ude01. A 9h, un taxi vient nous chercher pour une visite de 4h. Le temps est nuageux comme tous les matins, \u00e7a se d\u00e9gage toujours vers 11h midi. Nous partons pour une balade &hellip; <a href=\"https:\/\/lesvoyagesdechantaletmaurice.fr\/?page_id=1010\" class=\"more-link\">Lire la suite <span class=\"screen-reader-text\">San Cristobal-j-12<\/span><\/a><\/p>\n","protected":false},"author":1,"featured_media":0,"parent":739,"menu_order":0,"comment_status":"closed","ping_status":"closed","template":"","meta":{"spay_email":"","footnotes":""},"_links":{"self":[{"href":"https:\/\/lesvoyagesdechantaletmaurice.fr\/index.php?rest_route=\/wp\/v2\/pages\/1010"}],"collection":[{"href":"https:\/\/lesvoyagesdechantaletmaurice.fr\/index.php?rest_route=\/wp\/v2\/pages"}],"about":[{"href":"https:\/\/lesvoyagesdechantaletmaurice.fr\/index.php?rest_route=\/wp\/v2\/types\/page"}],"author":[{"embeddable":true,"href":"https:\/\/lesvoyagesdechantaletmaurice.fr\/index.php?rest_route=\/wp\/v2\/users\/1"}],"replies":[{"embeddable":true,"href":"https:\/\/lesvoyagesdechantaletmaurice.fr\/index.php?rest_route=%2Fwp%2Fv2%2Fcomments&post=1010"}],"version-history":[{"count":4,"href":"https:\/\/lesvoyagesdechantaletmaurice.fr\/index.php?rest_route=\/wp\/v2\/pages\/1010\/revisions"}],"predecessor-version":[{"id":2894,"href":"https:\/\/lesvoyagesdechantaletmaurice.fr\/index.php?rest_route=\/wp\/v2\/pages\/1010\/revisions\/2894"}],"up":[{"embeddable":true,"href":"https:\/\/lesvoyagesdechantaletmaurice.fr\/index.php?rest_route=\/wp\/v2\/pages\/739"}],"wp:attachment":[{"href":"https:\/\/lesvoyagesdechantaletmaurice.fr\/index.php?rest_route=%2Fwp%2Fv2%2Fmedia&parent=1010"}],"curies":[{"name":"wp","href":"https:\/\/api.w.org\/{rel}","templated":true}]}}